{"id":259670,"date":"2022-10-21T13:08:44","date_gmt":"2022-10-21T11:08:44","guid":{"rendered":"http:\/\/dev.claret.cat\/producte\/el-vino-en-los-clasicos-de-grecia-y-roma\/"},"modified":"2024-05-23T13:54:37","modified_gmt":"2024-05-23T11:54:37","slug":"el-vino-en-los-clasicos-de-grecia-y-roma-9788480052085","status":"publish","type":"product","link":"https:\/\/www.claret.cat\/es\/libro\/el-vino-en-los-clasicos-de-grecia-y-roma-9788480052085\/","title":{"rendered":"EL VINO EN LOS CL\u00c1SICOS DE GRECIA Y ROMA"},"content":{"rendered":"<p>La costumbre de compartir el vino fue en Grecia y roma impronta de civilizaci\u00f3n y sello de amistad. De homero a Hesiodo, de la l\u00edrica griega arca\u00edca a la comedia romana de costumbres, de las odas de Horacio a las sentencias de S\u00e9neca, del Simposio de Plat\u00f3n a los tratados enol\u00f3gicos de Plinio o de Virgilio, todos los poetas grecolatinos cantaron al vino, y la mayor parte de los sabios de mundo greco-romano hablaron tanto de sus propiedades ben\u00e9ficas como de los efectos perniciosos de un consumo excesivo.<\/p>\n","protected":false},"excerpt":{"rendered":"<p>PLASENCIA, PEDRO<\/p>\n","protected":false},"featured_media":353513,"template":"","meta":{"_acf_changed":false,"om_disable_all_campaigns":false,"rs_blank_template":"","rs_page_bg_color":"","slide_template_v7":"","inline_featured_image":false,"_monsterinsights_skip_tracking":false,"_monsterinsights_sitenote_active":false,"_monsterinsights_sitenote_note":"","_monsterinsights_sitenote_category":0},"product_brand":[],"product_cat":[553,103,85,351],"product_tag":[],"class_list":{"0":"post-259670","1":"product","2":"type-product","3":"status-publish","4":"has-post-thumbnail","6":"product_cat-cocina","7":"product_cat-cuina","8":"product_cat-historia","9":"product_cat-historia-2_humanidades","11":"first","12":"instock","13":"taxable","14":"shipping-taxable","15":"purchasable","16":"product-type-simple"},"acf":{"autor":"PLASENCIA, PEDRO","codart":"848005208","libros-coleccion":"","ediciones":"1","encuadernacion":"R\u00fastica","fecha_de_publicacion":"14\/03\/2014","novedad":"0","paginas":"168","subtitulo":"","orden":"999","portada":"0","idioma":"spa","editorial":[{"ID":147408,"post_author":"3","post_date":"2022-10-14 11:50:20","post_date_gmt":"2022-10-14 09:50:20","post_content":"","post_title":"ALMENDRO, EL, EDICIONES","post_excerpt":"","post_status":"publish","comment_status":"closed","ping_status":"closed","post_password":"","post_name":"almendro-el-ediciones","to_ping":"","pinged":"","post_modified":"2022-10-14 11:50:20","post_modified_gmt":"2022-10-14 09:50:20","post_content_filtered":"","post_parent":0,"guid":"http:\/\/dev.claret.cat\/editorial\/almendro-el-ediciones\/","menu_order":0,"post_type":"editorial","post_mime_type":"","comment_count":"0","filter":"raw"}],"autores-libros":[{"ID":353512,"post_author":"3","post_date":"2023-01-14 14:39:10","post_date_gmt":"2023-01-14 13:39:10","post_content":"","post_title":"PEDRO PLASENCIA","post_excerpt":"","post_status":"publish","comment_status":"closed","ping_status":"closed","post_password":"","post_name":"pedro-plasencia","to_ping":"","pinged":"","post_modified":"2023-01-14 14:39:10","post_modified_gmt":"2023-01-14 13:39:10","post_content_filtered":"","post_parent":0,"guid":"https:\/\/www.claret.cat\/autor\/pedro-plasencia\/","menu_order":0,"post_type":"autor","post_mime_type":"","comment_count":"0","filter":"raw"}]},"aioseo_notices":[],"_links":{"self":[{"href":"https:\/\/www.claret.cat\/es\/wp-json\/wp\/v2\/product\/259670","targetHints":{"allow":["GET"]}}],"collection":[{"href":"https:\/\/www.claret.cat\/es\/wp-json\/wp\/v2\/product"}],"about":[{"href":"https:\/\/www.claret.cat\/es\/wp-json\/wp\/v2\/types\/product"}],"wp:featuredmedia":[{"embeddable":true,"href":"https:\/\/www.claret.cat\/es\/wp-json\/wp\/v2\/media\/353513"}],"wp:attachment":[{"href":"https:\/\/www.claret.cat\/es\/wp-json\/wp\/v2\/media?parent=259670"}],"wp:term":[{"taxonomy":"product_brand","embeddable":true,"href":"https:\/\/www.claret.cat\/es\/wp-json\/wp\/v2\/product_brand?post=259670"},{"taxonomy":"product_cat","embeddable":true,"href":"https:\/\/www.claret.cat\/es\/wp-json\/wp\/v2\/product_cat?post=259670"},{"taxonomy":"product_tag","embeddable":true,"href":"https:\/\/www.claret.cat\/es\/wp-json\/wp\/v2\/product_tag?post=259670"}],"curies":[{"name":"wp","href":"https:\/\/api.w.org\/{rel}","templated":true}]}}