{"id":259678,"date":"2022-10-21T13:09:00","date_gmt":"2022-10-21T11:09:00","guid":{"rendered":"http:\/\/dev.claret.cat\/producte\/logica-de-la-crueldad\/"},"modified":"2026-01-28T12:07:43","modified_gmt":"2026-01-28T11:07:43","slug":"logica-de-la-crueldad-9788425432569","status":"publish","type":"product","link":"https:\/\/www.claret.cat\/es\/libro\/logica-de-la-crueldad-9788425432569\/","title":{"rendered":"L\u00d3GICA DE LA CRUELDAD"},"content":{"rendered":"<p>Joan-Carles M\u00e8lich prosigue en esta obra la reflexi\u00f3n filos\u00f3fica sobre la condici\u00f3n humana que ha desarrollado previamente en Filosof\u00eda de la finitud y \u00c9tica de la compasi\u00f3n, centr\u00e1ndose ahora en la moral. A diferencia de la \u00e9tica, que es la respuesta que damos a la interpelaci\u00f3n del otro en una situaci\u00f3n imprevisible, la moral es una metaf\u00edsica que rige nuestra vida cotidiana, nos dice qui\u00e9nes somos, si lo que hacemos es normal, si lo que pensamos es perverso o si nuestra vida tiene valor. Se trata de un conjunto de categor\u00edas, marcos, normas y procedimientos basado en principios absolutos e indudables. La l\u00f3gica moral organiza nuestro modo de ser en el mundo y protege a los que quedan bajo su \u00ab\u00e1mbito de inmunidad\u00bb, pero, al mismo tiempo, ignora y desprecia a los que no son considerados personas, a los que no poseen dignidad. A estos se los puede eliminar sin tener sentimiento de culpa. Por eso, en toda moral opera una l\u00f3gica de la crueldad. \u00abLo interesante de la propuesta de M\u00e8lich es el haber ahondado en el car\u00e1cter eminentemente indigente de la condici\u00f3n humana; no somos perfectos sino seres llenos de ausencias que solo colmamos con la presencia de los otros.\u00bb Cultura\/s, La Vanguardia.<\/p>\n","protected":false},"excerpt":{"rendered":"<p>M\u00c8LICH, JOAN-CARLES<\/p>\n","protected":false},"featured_media":331244,"template":"","meta":{"_acf_changed":false,"om_disable_all_campaigns":false,"rs_blank_template":"","rs_page_bg_color":"","slide_template_v7":"","inline_featured_image":false,"_monsterinsights_skip_tracking":false,"_monsterinsights_sitenote_active":false,"_monsterinsights_sitenote_note":"","_monsterinsights_sitenote_category":0},"product_brand":[],"product_cat":[90,540],"product_tag":[],"class_list":{"0":"post-259678","1":"product","2":"type-product","3":"status-publish","4":"has-post-thumbnail","6":"product_cat-altres","7":"product_cat-otros","9":"first","10":"instock","11":"taxable","12":"shipping-taxable","13":"purchasable","14":"product-type-simple"},"acf":{"autor":"M\u00c8LICH, JOAN-CARLES","codart":"842543256","libros-coleccion":"","ediciones":"1","encuadernacion":"R\u00fastica","fecha_de_publicacion":"13\/03\/2014","novedad":"0","paginas":"264","subtitulo":"","orden":"999","portada":"0","idioma":"spa","editorial":[{"ID":6266,"post_author":"3","post_date":"2022-07-28 17:48:31","post_date_gmt":"2022-07-28 15:48:31","post_content":"","post_title":"HERDER","post_excerpt":"","post_status":"publish","comment_status":"closed","ping_status":"closed","post_password":"","post_name":"herder","to_ping":"","pinged":"","post_modified":"2022-07-28 17:48:31","post_modified_gmt":"2022-07-28 15:48:31","post_content_filtered":"","post_parent":0,"guid":"http:\/\/dev.claret.cat\/editorial\/herder\/","menu_order":0,"post_type":"editorial","post_mime_type":"","comment_count":"0","filter":"raw"}],"autores-libros":[{"ID":159462,"post_author":"3","post_date":"2022-10-14 15:45:02","post_date_gmt":"2022-10-14 13:45:02","post_content":"","post_title":"JOAN-CARLES M\u00c8LICH","post_excerpt":"","post_status":"publish","comment_status":"closed","ping_status":"closed","post_password":"","post_name":"joan-carles-melich","to_ping":"","pinged":"","post_modified":"2022-10-14 15:45:02","post_modified_gmt":"2022-10-14 13:45:02","post_content_filtered":"","post_parent":0,"guid":"http:\/\/dev.claret.cat\/autor\/joan-carles-melich\/","menu_order":0,"post_type":"autor","post_mime_type":"","comment_count":"0","filter":"raw"}],"booktrailer":"","resenas":""},"aioseo_notices":[],"_links":{"self":[{"href":"https:\/\/www.claret.cat\/es\/wp-json\/wp\/v2\/product\/259678","targetHints":{"allow":["GET"]}}],"collection":[{"href":"https:\/\/www.claret.cat\/es\/wp-json\/wp\/v2\/product"}],"about":[{"href":"https:\/\/www.claret.cat\/es\/wp-json\/wp\/v2\/types\/product"}],"wp:featuredmedia":[{"embeddable":true,"href":"https:\/\/www.claret.cat\/es\/wp-json\/wp\/v2\/media\/331244"}],"wp:attachment":[{"href":"https:\/\/www.claret.cat\/es\/wp-json\/wp\/v2\/media?parent=259678"}],"wp:term":[{"taxonomy":"product_brand","embeddable":true,"href":"https:\/\/www.claret.cat\/es\/wp-json\/wp\/v2\/product_brand?post=259678"},{"taxonomy":"product_cat","embeddable":true,"href":"https:\/\/www.claret.cat\/es\/wp-json\/wp\/v2\/product_cat?post=259678"},{"taxonomy":"product_tag","embeddable":true,"href":"https:\/\/www.claret.cat\/es\/wp-json\/wp\/v2\/product_tag?post=259678"}],"curies":[{"name":"wp","href":"https:\/\/api.w.org\/{rel}","templated":true}]}}