{"id":259726,"date":"2022-10-21T13:10:26","date_gmt":"2022-10-21T11:10:26","guid":{"rendered":"http:\/\/dev.claret.cat\/producte\/las-florecillas-del-papa-francisco\/"},"modified":"2026-04-01T04:45:12","modified_gmt":"2026-04-01T02:45:12","slug":"las-florecillas-del-papa-francisco-9788427135673","status":"publish","type":"product","link":"https:\/\/www.claret.cat\/es\/libro\/las-florecillas-del-papa-francisco-9788427135673\/","title":{"rendered":"LAS FLORECILLAS DEL PAPA FRANCISCO"},"content":{"rendered":"<p>Desde los primeros instantes tras su aparici\u00f3n en el balc\u00f3n de la plaza de San Pedro -con aquel sencillo e inmediato \u00abbuenas tardes\u00bb-, el papa Francisco entr\u00f3 en el coraz\u00f3n de millones de fieles. Con el paso de los meses, el feeling no solo no disminuye, sino que se ha incrementado, cosechando las simpat\u00edas de muchos no creyentes. Andrea Tornielli -que conoc\u00eda a Bergoglio antes de ser elegido papa- recoge en este libro an\u00e9cdotas, episodios, peque\u00f1as y grandes historias de la vida diaria del pont\u00edfice, muchas de las cuales son in\u00e9ditas.Un viaje extraordinariamente interesante y muy agradable para acercarse m\u00e1s a Francisco y su mensaje.<\/p>\n","protected":false},"excerpt":{"rendered":"<p>TORNIELLI, ANDREA<\/p>\n","protected":false},"featured_media":332057,"template":"","meta":{"_acf_changed":false,"om_disable_all_campaigns":false,"rs_blank_template":"","rs_page_bg_color":"","slide_template_v7":"","inline_featured_image":false,"_monsterinsights_skip_tracking":false,"_monsterinsights_sitenote_active":false,"_monsterinsights_sitenote_note":"","_monsterinsights_sitenote_category":0},"product_brand":[],"product_cat":[543,93,345,79],"product_tag":[],"class_list":{"0":"post-259726","1":"product","2":"type-product","3":"status-publish","4":"has-post-thumbnail","6":"product_cat-eclesiologia-es","7":"product_cat-eclesiologia","8":"product_cat-espiritualidad","9":"product_cat-espiritualitat","11":"first","12":"instock","13":"taxable","14":"shipping-taxable","15":"purchasable","16":"product-type-simple"},"acf":{"autor":"TORNIELLI, ANDREA","codart":"842713567","libros-coleccion":"","ediciones":"1","encuadernacion":"R\u00fastica","fecha_de_publicacion":"11\/03\/2014","novedad":"0","paginas":"188","subtitulo":"","orden":"999","portada":"0","idioma":"spa","editorial":[{"ID":8258,"post_author":"3","post_date":"2022-09-30 09:21:32","post_date_gmt":"2022-09-30 07:21:32","post_content":"","post_title":"MENSAJERO","post_excerpt":"","post_status":"publish","comment_status":"closed","ping_status":"closed","post_password":"","post_name":"mensajero","to_ping":"","pinged":"","post_modified":"2022-09-30 09:21:32","post_modified_gmt":"2022-09-30 07:21:32","post_content_filtered":"","post_parent":0,"guid":"http:\/\/dev.claret.cat\/editorial\/mensajero\/","menu_order":0,"post_type":"editorial","post_mime_type":"","comment_count":"0","filter":"raw"}],"autores-libros":[{"ID":150243,"post_author":"3","post_date":"2022-10-14 14:31:23","post_date_gmt":"2022-10-14 12:31:23","post_content":"","post_title":"ANDREA TORNIELLI","post_excerpt":"","post_status":"publish","comment_status":"closed","ping_status":"closed","post_password":"","post_name":"andrea-tornielli","to_ping":"","pinged":"","post_modified":"2022-10-14 14:31:23","post_modified_gmt":"2022-10-14 12:31:23","post_content_filtered":"","post_parent":0,"guid":"http:\/\/dev.claret.cat\/autor\/andrea-tornielli\/","menu_order":0,"post_type":"autor","post_mime_type":"","comment_count":"0","filter":"raw"}],"booktrailer":"","resenas":""},"aioseo_notices":[],"_links":{"self":[{"href":"https:\/\/www.claret.cat\/es\/wp-json\/wp\/v2\/product\/259726","targetHints":{"allow":["GET"]}}],"collection":[{"href":"https:\/\/www.claret.cat\/es\/wp-json\/wp\/v2\/product"}],"about":[{"href":"https:\/\/www.claret.cat\/es\/wp-json\/wp\/v2\/types\/product"}],"wp:featuredmedia":[{"embeddable":true,"href":"https:\/\/www.claret.cat\/es\/wp-json\/wp\/v2\/media\/332057"}],"wp:attachment":[{"href":"https:\/\/www.claret.cat\/es\/wp-json\/wp\/v2\/media?parent=259726"}],"wp:term":[{"taxonomy":"product_brand","embeddable":true,"href":"https:\/\/www.claret.cat\/es\/wp-json\/wp\/v2\/product_brand?post=259726"},{"taxonomy":"product_cat","embeddable":true,"href":"https:\/\/www.claret.cat\/es\/wp-json\/wp\/v2\/product_cat?post=259726"},{"taxonomy":"product_tag","embeddable":true,"href":"https:\/\/www.claret.cat\/es\/wp-json\/wp\/v2\/product_tag?post=259726"}],"curies":[{"name":"wp","href":"https:\/\/api.w.org\/{rel}","templated":true}]}}