{"id":259738,"date":"2022-10-21T13:10:45","date_gmt":"2022-10-21T11:10:45","guid":{"rendered":"http:\/\/dev.claret.cat\/producte\/vine-i-veuras\/"},"modified":"2024-05-27T19:25:16","modified_gmt":"2024-05-27T17:25:16","slug":"vine-i-veuras-9788498057034","status":"publish","type":"product","link":"https:\/\/www.claret.cat\/es\/libro\/vine-i-veuras-9788498057034\/","title":{"rendered":"VINE I VEUR\u00c0S"},"content":{"rendered":"<p>Xavier Morlans Molina ( Llinars del Vall\u00e8s , Barcelona , 1949 ) \u00e9s sacerdot de la di\u00f2cesi de Barcelona , doctor en Teologia per la Universitat Gregoriana de Roma i professor de la Facultat de Teologia de Catalunya . \u00c9s especialment conegut com a autor d&#8217;himnes i cants , i com a cercador de nous llenguatges musicals i audiovisuals per a l&#8217;evangelitzaci\u00f3 . Ha impulsat el m\u00e8tode Tornar a creure , que ha estat introdu\u00eft amb el nom de Vine i veur\u00e0s a les di\u00f2cesis de Sant Feliu de Llobregat i Barcelona , un m\u00e8tode que aquest llibre posa a l&#8217; abast de tothom. &#8216;No es comen\u00e7a a ser cristi\u00e0 per una decisi\u00f3 \u00e8tica o una gran idea , sin\u00f3 per la trobada amb un esdeveniment , amb una Persona &#8230;&#8217; , deia el papa Benet XVI . Aquests guions de primer anunci volen ser un instrument per propiciar una de les formes d&#8217;aquest esdeveniment , d&#8217;aquesta trobada amb la Persona de Jesucrist vivent : dotze sessions per ajudar , de manera pr\u00e0ctica i concreta , a aquells grups que es creen per apropar-se per primera vegada a la fe o per retrobar o reanimar-la. Amb les partitures i un CD amb can\u00e7ons senzilles que acompanyen el proc\u00e9s .<\/p>\n","protected":false},"excerpt":{"rendered":"<p>MORLANS, XAVIER<\/p>\n","protected":false},"featured_media":365985,"template":"","meta":{"_acf_changed":false,"om_disable_all_campaigns":false,"rs_blank_template":"","rs_page_bg_color":"","slide_template_v7":"","inline_featured_image":false,"_monsterinsights_skip_tracking":false,"_monsterinsights_sitenote_active":false,"_monsterinsights_sitenote_note":"","_monsterinsights_sitenote_category":0},"product_brand":[],"product_cat":[90,540],"product_tag":[],"class_list":{"0":"post-259738","1":"product","2":"type-product","3":"status-publish","4":"has-post-thumbnail","6":"product_cat-altres","7":"product_cat-otros","9":"first","10":"instock","11":"taxable","12":"shipping-taxable","13":"purchasable","14":"product-type-simple"},"acf":{"autor":"MORLANS, XAVIER","codart":"849805703","libros-coleccion":"","ediciones":"1","encuadernacion":"R\u00fastica","fecha_de_publicacion":"06\/03\/2014","novedad":"0","paginas":"188","subtitulo":"DOTZE GUIONS DE PRIMER ANUNCI","orden":"999","portada":"0","idioma":"cat","editorial":[{"ID":6172,"post_author":"3","post_date":"2022-07-28 17:46:27","post_date_gmt":"2022-07-28 15:46:27","post_content":"","post_title":"CPL","post_excerpt":"","post_status":"publish","comment_status":"closed","ping_status":"closed","post_password":"","post_name":"cpl","to_ping":"","pinged":"","post_modified":"2022-07-28 17:46:27","post_modified_gmt":"2022-07-28 15:46:27","post_content_filtered":"","post_parent":0,"guid":"http:\/\/dev.claret.cat\/editorial\/cpl\/","menu_order":0,"post_type":"editorial","post_mime_type":"","comment_count":"0","filter":"raw"}],"autores-libros":[{"ID":287856,"post_author":"3","post_date":"2022-12-10 07:02:19","post_date_gmt":"2022-12-10 06:02:19","post_content":"Xavier Morlans i Molina (Llinars del Vall\u00e8s 1949) \u00e9s professor em\u00e8rit de la Facultat de Teologia de Catalunya, consultor del dicasteri per a l\u2019Evangelitzaci\u00f3, Missioner de la Miseric\u00f2rdia, i vicari de la parr\u00f2quia Hospital de Campanya de Sta. Anna de Barcelona. Ha fet tamb\u00e9 interessants aportacions en el terreny de la recerca de nous llenguatges art\u00edstics, musicals i audiovisuals per a l\u2019Evangelitzaci\u00f3.","post_title":"XAVIER MORLANS","post_excerpt":"","post_status":"publish","comment_status":"closed","ping_status":"closed","post_password":"","post_name":"xavier-morlans","to_ping":"","pinged":"","post_modified":"2024-03-18 18:56:00","post_modified_gmt":"2024-03-18 17:56:00","post_content_filtered":"","post_parent":0,"guid":"http:\/\/dev.claret.cat\/autor\/xavier-morlans\/","menu_order":0,"post_type":"autor","post_mime_type":"","comment_count":"0","filter":"raw"}]},"aioseo_notices":[],"_links":{"self":[{"href":"https:\/\/www.claret.cat\/es\/wp-json\/wp\/v2\/product\/259738","targetHints":{"allow":["GET"]}}],"collection":[{"href":"https:\/\/www.claret.cat\/es\/wp-json\/wp\/v2\/product"}],"about":[{"href":"https:\/\/www.claret.cat\/es\/wp-json\/wp\/v2\/types\/product"}],"wp:featuredmedia":[{"embeddable":true,"href":"https:\/\/www.claret.cat\/es\/wp-json\/wp\/v2\/media\/365985"}],"wp:attachment":[{"href":"https:\/\/www.claret.cat\/es\/wp-json\/wp\/v2\/media?parent=259738"}],"wp:term":[{"taxonomy":"product_brand","embeddable":true,"href":"https:\/\/www.claret.cat\/es\/wp-json\/wp\/v2\/product_brand?post=259738"},{"taxonomy":"product_cat","embeddable":true,"href":"https:\/\/www.claret.cat\/es\/wp-json\/wp\/v2\/product_cat?post=259738"},{"taxonomy":"product_tag","embeddable":true,"href":"https:\/\/www.claret.cat\/es\/wp-json\/wp\/v2\/product_tag?post=259738"}],"curies":[{"name":"wp","href":"https:\/\/api.w.org\/{rel}","templated":true}]}}