{"id":259878,"date":"2022-10-21T13:14:07","date_gmt":"2022-10-21T11:14:07","guid":{"rendered":"http:\/\/dev.claret.cat\/producte\/els-reis-dels-z-games\/"},"modified":"2023-01-28T23:28:05","modified_gmt":"2023-01-28T22:28:05","slug":"els-reis-dels-z-games-9788447927340","status":"publish","type":"product","link":"https:\/\/www.claret.cat\/es\/libro\/els-reis-dels-z-games-9788447927340\/","title":{"rendered":"ELS REIS DELS Z GAMES"},"content":{"rendered":"<p>Per primer cop a la hist\u00f2ria se celebren a Morisville els Z Games, un campionat d&#8221;esports extrems per a vius i zombis. Els AZ han de competir amb rivals de primer nivell i esfor\u00e7ar-se de valent per obtenir medalles. El seu objectiu \u00e9s guanyar totes les proves!. No saben, per\u00f2, que hi ha alg\u00fa que mou els fils d&#8221;una conxorxa secreta i ombres que s&#8221;amaguen en la foscor. En Max est\u00e0 en perill. Descobriran a temps la maquinaci\u00f3 que pot portar a la destrucci\u00f3 del poble?.<\/p>\n","protected":false},"excerpt":{"rendered":"<p>WALKER, PETER<\/p>\n","protected":false},"featured_media":259879,"template":"","meta":{"_acf_changed":false,"om_disable_all_campaigns":false,"rs_blank_template":"","rs_page_bg_color":"","slide_template_v7":"","inline_featured_image":false,"_monsterinsights_skip_tracking":false,"_monsterinsights_sitenote_active":false,"_monsterinsights_sitenote_note":"","_monsterinsights_sitenote_category":0},"product_brand":[],"product_cat":[86],"product_tag":[],"class_list":{"0":"post-259878","1":"product","2":"type-product","3":"status-publish","4":"has-post-thumbnail","6":"product_cat-infantil","8":"first","9":"instock","10":"taxable","11":"shipping-taxable","12":"purchasable","13":"product-type-simple"},"acf":{"autor":"WALKER, PETER","codart":"844792734","libros-coleccion":"SUSHI BOOKS","ediciones":"1","encuadernacion":"R\u00fastica","fecha_de_publicacion":"01\/03\/2014","novedad":"0","paginas":"195","subtitulo":"","orden":"999","portada":"0","idioma":"cat","autores-libros":[{"ID":166338,"post_author":"3","post_date":"2022-10-14 18:02:21","post_date_gmt":"2022-10-14 16:02:21","post_content":"","post_title":"\u00d2SCAR VENDRELL CORRONS","post_excerpt":"","post_status":"publish","comment_status":"closed","ping_status":"closed","post_password":"","post_name":"oscar-vendrell-corrons","to_ping":"","pinged":"","post_modified":"2022-10-14 18:02:21","post_modified_gmt":"2022-10-14 16:02:21","post_content_filtered":"","post_parent":0,"guid":"http:\/\/dev.claret.cat\/autor\/oscar-vendrell-corrons\/","menu_order":0,"post_type":"autor","post_mime_type":"","comment_count":"0","filter":"raw"}]},"aioseo_notices":[],"_links":{"self":[{"href":"https:\/\/www.claret.cat\/es\/wp-json\/wp\/v2\/product\/259878","targetHints":{"allow":["GET"]}}],"collection":[{"href":"https:\/\/www.claret.cat\/es\/wp-json\/wp\/v2\/product"}],"about":[{"href":"https:\/\/www.claret.cat\/es\/wp-json\/wp\/v2\/types\/product"}],"wp:featuredmedia":[{"embeddable":true,"href":"https:\/\/www.claret.cat\/es\/wp-json\/wp\/v2\/media\/259879"}],"wp:attachment":[{"href":"https:\/\/www.claret.cat\/es\/wp-json\/wp\/v2\/media?parent=259878"}],"wp:term":[{"taxonomy":"product_brand","embeddable":true,"href":"https:\/\/www.claret.cat\/es\/wp-json\/wp\/v2\/product_brand?post=259878"},{"taxonomy":"product_cat","embeddable":true,"href":"https:\/\/www.claret.cat\/es\/wp-json\/wp\/v2\/product_cat?post=259878"},{"taxonomy":"product_tag","embeddable":true,"href":"https:\/\/www.claret.cat\/es\/wp-json\/wp\/v2\/product_tag?post=259878"}],"curies":[{"name":"wp","href":"https:\/\/api.w.org\/{rel}","templated":true}]}}