{"id":259881,"date":"2022-10-21T13:14:11","date_gmt":"2022-10-21T11:14:11","guid":{"rendered":"http:\/\/dev.claret.cat\/producte\/missio-a-nova-york\/"},"modified":"2023-01-28T13:08:39","modified_gmt":"2023-01-28T12:08:39","slug":"missio-a-nova-york-9788447927357","status":"publish","type":"product","link":"https:\/\/www.claret.cat\/es\/libro\/missio-a-nova-york-9788447927357\/","title":{"rendered":"MISSI\u00d3 A NOVA YORK"},"content":{"rendered":"<p>La Colla AZ treballa per al Cercle Zombi. La seva primera missi\u00f3 \u00e9s viatjar a Nova York i rescatar en Max, que ha estat segrestat per uns malfactors que volen treure profit de la seva immunitat al virus dels caminants. Un cop all\u00e0, els AZ buscaran pistes en els indrets m\u00e9s insegurs i toparan amb vius i morts vivents que els posaran a prova. Trobaran el seu amic?. Sobreviuran als perills de la ciutat? I en Max, podr\u00e0 fugir dels seus segrestadors?<\/p>\n","protected":false},"excerpt":{"rendered":"<p>WALKER, PETER<\/p>\n","protected":false},"featured_media":259882,"template":"","meta":{"_acf_changed":false,"om_disable_all_campaigns":false,"rs_blank_template":"","rs_page_bg_color":"","slide_template_v7":"","inline_featured_image":false,"_monsterinsights_skip_tracking":false,"_monsterinsights_sitenote_active":false,"_monsterinsights_sitenote_note":"","_monsterinsights_sitenote_category":0},"product_brand":[],"product_cat":[86],"product_tag":[],"class_list":{"0":"post-259881","1":"product","2":"type-product","3":"status-publish","4":"has-post-thumbnail","6":"product_cat-infantil","8":"first","9":"instock","10":"taxable","11":"shipping-taxable","12":"purchasable","13":"product-type-simple"},"acf":{"autor":"WALKER, PETER","codart":"844792735","libros-coleccion":"SUSHI BOOKS","ediciones":"1","encuadernacion":"R\u00fastica","fecha_de_publicacion":"01\/03\/2014","novedad":"0","paginas":"205","subtitulo":"","orden":"999","portada":"0","idioma":"cat","autores-libros":[{"ID":166338,"post_author":"3","post_date":"2022-10-14 18:02:21","post_date_gmt":"2022-10-14 16:02:21","post_content":"","post_title":"\u00d2SCAR VENDRELL CORRONS","post_excerpt":"","post_status":"publish","comment_status":"closed","ping_status":"closed","post_password":"","post_name":"oscar-vendrell-corrons","to_ping":"","pinged":"","post_modified":"2022-10-14 18:02:21","post_modified_gmt":"2022-10-14 16:02:21","post_content_filtered":"","post_parent":0,"guid":"http:\/\/dev.claret.cat\/autor\/oscar-vendrell-corrons\/","menu_order":0,"post_type":"autor","post_mime_type":"","comment_count":"0","filter":"raw"}]},"aioseo_notices":[],"_links":{"self":[{"href":"https:\/\/www.claret.cat\/es\/wp-json\/wp\/v2\/product\/259881","targetHints":{"allow":["GET"]}}],"collection":[{"href":"https:\/\/www.claret.cat\/es\/wp-json\/wp\/v2\/product"}],"about":[{"href":"https:\/\/www.claret.cat\/es\/wp-json\/wp\/v2\/types\/product"}],"wp:featuredmedia":[{"embeddable":true,"href":"https:\/\/www.claret.cat\/es\/wp-json\/wp\/v2\/media\/259882"}],"wp:attachment":[{"href":"https:\/\/www.claret.cat\/es\/wp-json\/wp\/v2\/media?parent=259881"}],"wp:term":[{"taxonomy":"product_brand","embeddable":true,"href":"https:\/\/www.claret.cat\/es\/wp-json\/wp\/v2\/product_brand?post=259881"},{"taxonomy":"product_cat","embeddable":true,"href":"https:\/\/www.claret.cat\/es\/wp-json\/wp\/v2\/product_cat?post=259881"},{"taxonomy":"product_tag","embeddable":true,"href":"https:\/\/www.claret.cat\/es\/wp-json\/wp\/v2\/product_tag?post=259881"}],"curies":[{"name":"wp","href":"https:\/\/api.w.org\/{rel}","templated":true}]}}