{"id":259971,"date":"2022-10-21T13:16:32","date_gmt":"2022-10-21T11:16:32","guid":{"rendered":"http:\/\/dev.claret.cat\/producte\/diario-de-nikki-6\/"},"modified":"2025-02-04T18:38:08","modified_gmt":"2025-02-04T17:38:08","slug":"diario-de-nikki-6-9788427204447","status":"publish","type":"product","link":"https:\/\/www.claret.cat\/es\/libro\/diario-de-nikki-6-9788427204447\/","title":{"rendered":"DIARIO DE NIKKI, 6"},"content":{"rendered":"<p>Los flechazos est\u00e1n en el aire. El gran d\u00eda del baile est\u00e1 a punto de llegar y Nikki suspira para que su<br \/> amor plat\u00f3nico, Brandon, quiera ser su cita. Pero el tiempo empieza a pasar y las dudas aparecen, \u00bfY si no quiere ir<br \/> con ella? O peor a\u00fan.. \u00bfy si al final decide ir con Mackenzie? En este sexto libro de la internacional serie<br \/> superventas Diario de Nikki, con m\u00e1s de 8 millones de copias impresas alrededor del mundo, Nikki, Clo\u00e9 y Zoey se<br \/> enfrentaran al amor&#8230; \u00a1Con su divertidisimo estilo de siempre!<\/p>\n","protected":false},"excerpt":{"rendered":"<p>RENEE RUSSELL, RACHEL<\/p>\n","protected":false},"featured_media":259972,"template":"","meta":{"_acf_changed":false,"om_disable_all_campaigns":false,"rs_blank_template":"","rs_page_bg_color":"","slide_template_v7":"","inline_featured_image":false,"_monsterinsights_skip_tracking":false,"_monsterinsights_sitenote_active":false,"_monsterinsights_sitenote_note":"","_monsterinsights_sitenote_category":0},"product_brand":[],"product_cat":[86,352],"product_tag":[],"class_list":{"0":"post-259971","1":"product","2":"type-product","3":"status-publish","4":"has-post-thumbnail","6":"product_cat-infantil","7":"product_cat-infantil-3_infantil-juvenil-spa","9":"first","10":"instock","11":"taxable","12":"shipping-taxable","13":"purchasable","14":"product-type-simple"},"acf":{"autor":"RENEE RUSSELL, RACHEL","codart":"842720444","libros-coleccion":"","ediciones":"1","encuadernacion":"Carton\u00e9","fecha_de_publicacion":"01\/03\/2014","novedad":"0","paginas":"352","subtitulo":"UNA ROMPECORAZONES NO MUY AFORTUNADA","orden":"999","portada":"0","idioma":"spa","editorial":[{"ID":8268,"post_author":"3","post_date":"2022-09-30 09:21:37","post_date_gmt":"2022-09-30 07:21:37","post_content":"","post_title":"RBA LIBROS SA.","post_excerpt":"","post_status":"publish","comment_status":"closed","ping_status":"closed","post_password":"","post_name":"rba-libros-sa","to_ping":"","pinged":"","post_modified":"2022-09-30 09:21:37","post_modified_gmt":"2022-09-30 07:21:37","post_content_filtered":"","post_parent":0,"guid":"http:\/\/dev.claret.cat\/editorial\/rba-libros-sa\/","menu_order":0,"post_type":"editorial","post_mime_type":"","comment_count":"0","filter":"raw"}],"autores-libros":[{"ID":398946,"post_author":"3","post_date":"2023-02-27 02:58:06","post_date_gmt":"2023-02-27 01:58:06","post_content":"","post_title":"RACHEL RENEE RUSSELL","post_excerpt":"","post_status":"publish","comment_status":"closed","ping_status":"closed","post_password":"","post_name":"rachel-renee-russell-2","to_ping":"","pinged":"","post_modified":"2023-02-27 02:58:06","post_modified_gmt":"2023-02-27 01:58:06","post_content_filtered":"","post_parent":0,"guid":"https:\/\/www.claret.cat\/autor\/rachel-renee-russell-2\/","menu_order":0,"post_type":"autor","post_mime_type":"","comment_count":"0","filter":"raw"}]},"aioseo_notices":[],"_links":{"self":[{"href":"https:\/\/www.claret.cat\/es\/wp-json\/wp\/v2\/product\/259971","targetHints":{"allow":["GET"]}}],"collection":[{"href":"https:\/\/www.claret.cat\/es\/wp-json\/wp\/v2\/product"}],"about":[{"href":"https:\/\/www.claret.cat\/es\/wp-json\/wp\/v2\/types\/product"}],"wp:featuredmedia":[{"embeddable":true,"href":"https:\/\/www.claret.cat\/es\/wp-json\/wp\/v2\/media\/259972"}],"wp:attachment":[{"href":"https:\/\/www.claret.cat\/es\/wp-json\/wp\/v2\/media?parent=259971"}],"wp:term":[{"taxonomy":"product_brand","embeddable":true,"href":"https:\/\/www.claret.cat\/es\/wp-json\/wp\/v2\/product_brand?post=259971"},{"taxonomy":"product_cat","embeddable":true,"href":"https:\/\/www.claret.cat\/es\/wp-json\/wp\/v2\/product_cat?post=259971"},{"taxonomy":"product_tag","embeddable":true,"href":"https:\/\/www.claret.cat\/es\/wp-json\/wp\/v2\/product_tag?post=259971"}],"curies":[{"name":"wp","href":"https:\/\/api.w.org\/{rel}","templated":true}]}}