{"id":260053,"date":"2022-10-21T13:18:27","date_gmt":"2022-10-21T11:18:27","guid":{"rendered":"http:\/\/dev.claret.cat\/producte\/100-vins-catalans-que-has-de-coneixer\/"},"modified":"2023-01-28T02:30:34","modified_gmt":"2023-01-28T01:30:34","slug":"100-vins-catalans-que-has-de-coneixer-9788461687046","status":"publish","type":"product","link":"https:\/\/www.claret.cat\/es\/libro\/100-vins-catalans-que-has-de-coneixer-9788461687046\/","title":{"rendered":"100 VINS CATALANS QUE HAS DE CON\u00c9IXER"},"content":{"rendered":"<p>En aquest llibre trobar\u00e0s una selecci\u00f3 de 100 vins catalans reconeguts internacionalment. Nom\u00e9s \u00e9s una petita mostra. Per\u00f2 s\u00f3n els cent vins catalans que, com a m\u00ednim, haur\u00edem de con\u00e8ixer. I l&#8217;argument que demostra que els vins catalans estan entre els millors del m\u00f3n.<\/p>\n","protected":false},"excerpt":{"rendered":"<p>TOLOSA PLANET, LLU\u00cdS \/ ANT\u00daNEZ FERRER, CLARA<\/p>\n","protected":false},"featured_media":260054,"template":"","meta":{"_acf_changed":false,"om_disable_all_campaigns":false,"rs_blank_template":"","rs_page_bg_color":"","slide_template_v7":"","inline_featured_image":false,"_monsterinsights_skip_tracking":false,"_monsterinsights_sitenote_active":false,"_monsterinsights_sitenote_note":"","_monsterinsights_sitenote_category":0},"product_brand":[],"product_cat":[103],"product_tag":[],"class_list":{"0":"post-260053","1":"product","2":"type-product","3":"status-publish","4":"has-post-thumbnail","6":"product_cat-cuina","8":"first","9":"instock","10":"taxable","11":"shipping-taxable","12":"purchasable","13":"product-type-simple"},"acf":{"autor":"TOLOSA PLANET, LLU\u00cdS \/ ANT\u00daNEZ FERRER, CLARA","codart":"846168704","libros-coleccion":"","ediciones":"1","encuadernacion":"R\u00fastica","fecha_de_publicacion":"01\/03\/2014","novedad":"1","paginas":"208","subtitulo":"ELS GRANS VINS CATALANS RECONEGUTS INTERNACIONALMENT","orden":"0","portada":"0","idioma":"cat","autores-libros":[{"ID":162387,"post_author":"3","post_date":"2022-10-14 17:30:36","post_date_gmt":"2022-10-14 15:30:36","post_content":"","post_title":"LLU\u00cdS TOLOSA PLANET","post_excerpt":"","post_status":"publish","comment_status":"closed","ping_status":"closed","post_password":"","post_name":"lluis-tolosa-planet","to_ping":"","pinged":"","post_modified":"2022-10-14 17:30:36","post_modified_gmt":"2022-10-14 15:30:36","post_content_filtered":"","post_parent":0,"guid":"http:\/\/dev.claret.cat\/autor\/lluis-tolosa-planet\/","menu_order":0,"post_type":"autor","post_mime_type":"","comment_count":"0","filter":"raw"},{"ID":153023,"post_author":"3","post_date":"2022-10-14 14:53:27","post_date_gmt":"2022-10-14 12:53:27","post_content":"","post_title":"CLARA ANT\u00daNEZ FERRER","post_excerpt":"","post_status":"publish","comment_status":"closed","ping_status":"closed","post_password":"","post_name":"clara-antunez-ferrer","to_ping":"","pinged":"","post_modified":"2022-10-14 14:53:27","post_modified_gmt":"2022-10-14 12:53:27","post_content_filtered":"","post_parent":0,"guid":"http:\/\/dev.claret.cat\/autor\/clara-antunez-ferrer\/","menu_order":0,"post_type":"autor","post_mime_type":"","comment_count":"0","filter":"raw"}]},"aioseo_notices":[],"_links":{"self":[{"href":"https:\/\/www.claret.cat\/es\/wp-json\/wp\/v2\/product\/260053","targetHints":{"allow":["GET"]}}],"collection":[{"href":"https:\/\/www.claret.cat\/es\/wp-json\/wp\/v2\/product"}],"about":[{"href":"https:\/\/www.claret.cat\/es\/wp-json\/wp\/v2\/types\/product"}],"wp:featuredmedia":[{"embeddable":true,"href":"https:\/\/www.claret.cat\/es\/wp-json\/wp\/v2\/media\/260054"}],"wp:attachment":[{"href":"https:\/\/www.claret.cat\/es\/wp-json\/wp\/v2\/media?parent=260053"}],"wp:term":[{"taxonomy":"product_brand","embeddable":true,"href":"https:\/\/www.claret.cat\/es\/wp-json\/wp\/v2\/product_brand?post=260053"},{"taxonomy":"product_cat","embeddable":true,"href":"https:\/\/www.claret.cat\/es\/wp-json\/wp\/v2\/product_cat?post=260053"},{"taxonomy":"product_tag","embeddable":true,"href":"https:\/\/www.claret.cat\/es\/wp-json\/wp\/v2\/product_tag?post=260053"}],"curies":[{"name":"wp","href":"https:\/\/api.w.org\/{rel}","templated":true}]}}