{"id":260079,"date":"2022-10-21T13:19:11","date_gmt":"2022-10-21T11:19:11","guid":{"rendered":"http:\/\/dev.claret.cat\/producte\/el-jardi-de-les-delicies-2\/"},"modified":"2023-11-21T11:53:09","modified_gmt":"2023-11-21T10:53:09","slug":"el-jardi-de-les-delicies-9788494240355","status":"publish","type":"product","link":"https:\/\/www.claret.cat\/es\/libro\/el-jardi-de-les-delicies-9788494240355\/","title":{"rendered":"EL JARD\u00cd DE LES DEL\u00cdCIES"},"content":{"rendered":"","protected":false},"excerpt":{"rendered":"<p>GERARD VERG\u00c9S<\/p>\n","protected":false},"featured_media":260080,"template":"","meta":{"_acf_changed":false,"om_disable_all_campaigns":false,"rs_blank_template":"","rs_page_bg_color":"","slide_template_v7":"","inline_featured_image":false,"_monsterinsights_skip_tracking":false,"_monsterinsights_sitenote_active":false,"_monsterinsights_sitenote_note":"","_monsterinsights_sitenote_category":0},"product_brand":[],"product_cat":[353,87],"product_tag":[],"class_list":{"0":"post-260079","1":"product","2":"type-product","3":"status-publish","4":"has-post-thumbnail","6":"product_cat-literatura-2_humanidades","7":"product_cat-literatura","9":"first","10":"instock","11":"taxable","12":"shipping-taxable","13":"purchasable","14":"product-type-simple"},"acf":{"autor":"GERARD VERG\u00c9S","codart":"849424035","libros-coleccion":"","ediciones":"1","encuadernacion":"R\u00fastica","fecha_de_publicacion":"01\/03\/2014","novedad":"0","paginas":"0","subtitulo":"","orden":"999","portada":"0","idioma":"cat","editorial":[{"ID":147466,"post_author":"3","post_date":"2022-10-14 11:50:48","post_date_gmt":"2022-10-14 09:50:48","post_content":"","post_title":"AROLA EDITORES","post_excerpt":"","post_status":"publish","comment_status":"closed","ping_status":"closed","post_password":"","post_name":"arola-editores","to_ping":"","pinged":"","post_modified":"2022-10-14 11:50:48","post_modified_gmt":"2022-10-14 09:50:48","post_content_filtered":"","post_parent":0,"guid":"http:\/\/dev.claret.cat\/editorial\/arola-editores\/","menu_order":0,"post_type":"editorial","post_mime_type":"","comment_count":"0","filter":"raw"}],"autores-libros":[{"ID":422994,"post_author":"3","post_date":"2023-05-16 07:30:33","post_date_gmt":"2023-05-16 05:30:33","post_content":"","post_title":"GERARD VERG\u00c9S","post_excerpt":"","post_status":"publish","comment_status":"closed","ping_status":"closed","post_password":"","post_name":"gerard-verges","to_ping":"","pinged":"","post_modified":"2023-05-16 07:30:33","post_modified_gmt":"2023-05-16 05:30:33","post_content_filtered":"","post_parent":0,"guid":"https:\/\/www.claret.cat\/autor\/gerard-verges\/","menu_order":0,"post_type":"autor","post_mime_type":"","comment_count":"0","filter":"raw"}]},"aioseo_notices":[],"_links":{"self":[{"href":"https:\/\/www.claret.cat\/es\/wp-json\/wp\/v2\/product\/260079","targetHints":{"allow":["GET"]}}],"collection":[{"href":"https:\/\/www.claret.cat\/es\/wp-json\/wp\/v2\/product"}],"about":[{"href":"https:\/\/www.claret.cat\/es\/wp-json\/wp\/v2\/types\/product"}],"wp:featuredmedia":[{"embeddable":true,"href":"https:\/\/www.claret.cat\/es\/wp-json\/wp\/v2\/media\/260080"}],"wp:attachment":[{"href":"https:\/\/www.claret.cat\/es\/wp-json\/wp\/v2\/media?parent=260079"}],"wp:term":[{"taxonomy":"product_brand","embeddable":true,"href":"https:\/\/www.claret.cat\/es\/wp-json\/wp\/v2\/product_brand?post=260079"},{"taxonomy":"product_cat","embeddable":true,"href":"https:\/\/www.claret.cat\/es\/wp-json\/wp\/v2\/product_cat?post=260079"},{"taxonomy":"product_tag","embeddable":true,"href":"https:\/\/www.claret.cat\/es\/wp-json\/wp\/v2\/product_tag?post=260079"}],"curies":[{"name":"wp","href":"https:\/\/api.w.org\/{rel}","templated":true}]}}