{"id":260085,"date":"2022-10-21T13:19:20","date_gmt":"2022-10-21T11:19:20","guid":{"rendered":"http:\/\/dev.claret.cat\/producte\/las-gafas-de-la-felicidad\/"},"modified":"2023-01-28T15:49:51","modified_gmt":"2023-01-28T14:49:51","slug":"las-gafas-de-la-felicidad-9788425352126","status":"publish","type":"product","link":"https:\/\/www.claret.cat\/es\/libro\/las-gafas-de-la-felicidad-9788425352126\/","title":{"rendered":"LAS GAFAS DE LA FELICIDAD"},"content":{"rendered":"<p>Rafael Santandreu es uno de los psic\u00f3logos m\u00e1s prestigiosos de Espa\u00f1a. Est\u00e1 especializado en ayudar a las personas a desarrollar su fortaleza emocional. A trav\u00e9s de su m\u00e9todo miles de personas han conseguido perder sus miedos de forma permanente.<\/p>\n<p> Ahora te toca a ti descubrir las lentes que te ense\u00f1ar\u00e1n a graduar tu coraz\u00f3n y tu mente. \u00a1Ponte las gafas de la felicidad!<\/p>\n","protected":false},"excerpt":{"rendered":"<p>SANTANDREU,RAFAEL<\/p>\n","protected":false},"featured_media":260086,"template":"","meta":{"_acf_changed":false,"om_disable_all_campaigns":false,"rs_blank_template":"","rs_page_bg_color":"","slide_template_v7":"","inline_featured_image":false,"_monsterinsights_skip_tracking":false,"_monsterinsights_sitenote_active":false,"_monsterinsights_sitenote_note":"","_monsterinsights_sitenote_category":0},"product_brand":[],"product_cat":[16],"product_tag":[],"class_list":{"0":"post-260085","1":"product","2":"type-product","3":"status-publish","4":"has-post-thumbnail","6":"product_cat-sense-categoria","8":"first","9":"instock","10":"taxable","11":"shipping-taxable","12":"purchasable","13":"product-type-simple"},"acf":{"autor":"SANTANDREU,RAFAEL","codart":"842535212","libros-coleccion":"","ediciones":"1","encuadernacion":"R\u00fastica","fecha_de_publicacion":"01\/03\/2014","novedad":"0","paginas":"320","subtitulo":"DESCUBRE TU FORTALEZA EMOCIONAL","orden":"999","portada":"0","idioma":"spa","editorial":[{"ID":6263,"post_author":"3","post_date":"2022-07-28 17:48:27","post_date_gmt":"2022-07-28 15:48:27","post_content":"","post_title":"GRIJALBO","post_excerpt":"","post_status":"publish","comment_status":"closed","ping_status":"closed","post_password":"","post_name":"grijalbo","to_ping":"","pinged":"","post_modified":"2022-07-28 17:48:27","post_modified_gmt":"2022-07-28 15:48:27","post_content_filtered":"","post_parent":0,"guid":"http:\/\/dev.claret.cat\/editorial\/grijalbo\/","menu_order":0,"post_type":"editorial","post_mime_type":"","comment_count":"0","filter":"raw"}],"autores-libros":[{"ID":167617,"post_author":"3","post_date":"2022-10-14 18:12:38","post_date_gmt":"2022-10-14 16:12:38","post_content":"","post_title":"RAFAEL SANTANDREU","post_excerpt":"","post_status":"publish","comment_status":"closed","ping_status":"closed","post_password":"","post_name":"rafael-santandreu","to_ping":"","pinged":"","post_modified":"2022-10-14 18:12:38","post_modified_gmt":"2022-10-14 16:12:38","post_content_filtered":"","post_parent":0,"guid":"http:\/\/dev.claret.cat\/autor\/rafael-santandreu\/","menu_order":0,"post_type":"autor","post_mime_type":"","comment_count":"0","filter":"raw"}]},"aioseo_notices":[],"_links":{"self":[{"href":"https:\/\/www.claret.cat\/es\/wp-json\/wp\/v2\/product\/260085","targetHints":{"allow":["GET"]}}],"collection":[{"href":"https:\/\/www.claret.cat\/es\/wp-json\/wp\/v2\/product"}],"about":[{"href":"https:\/\/www.claret.cat\/es\/wp-json\/wp\/v2\/types\/product"}],"wp:featuredmedia":[{"embeddable":true,"href":"https:\/\/www.claret.cat\/es\/wp-json\/wp\/v2\/media\/260086"}],"wp:attachment":[{"href":"https:\/\/www.claret.cat\/es\/wp-json\/wp\/v2\/media?parent=260085"}],"wp:term":[{"taxonomy":"product_brand","embeddable":true,"href":"https:\/\/www.claret.cat\/es\/wp-json\/wp\/v2\/product_brand?post=260085"},{"taxonomy":"product_cat","embeddable":true,"href":"https:\/\/www.claret.cat\/es\/wp-json\/wp\/v2\/product_cat?post=260085"},{"taxonomy":"product_tag","embeddable":true,"href":"https:\/\/www.claret.cat\/es\/wp-json\/wp\/v2\/product_tag?post=260085"}],"curies":[{"name":"wp","href":"https:\/\/api.w.org\/{rel}","templated":true}]}}