{"id":260141,"date":"2022-10-21T13:20:42","date_gmt":"2022-10-21T11:20:42","guid":{"rendered":"http:\/\/dev.claret.cat\/producte\/la-paraula-celebrada\/"},"modified":"2024-05-22T20:49:41","modified_gmt":"2024-05-22T18:49:41","slug":"la-paraula-celebrada-9788498056860","status":"publish","type":"product","link":"https:\/\/www.claret.cat\/es\/libro\/la-paraula-celebrada-9788498056860\/","title":{"rendered":"LA PARAULA CELEBRADA"},"content":{"rendered":"<p>Les lectures que cada diumenge i cada festa escoltem en la celebraci\u00f3 de l\u2019Eucaristia s\u00f3n un dels millors aliments per a la nostra vida cristiana. Seguint el ritme dels temps lit\u00fargics ens anem amarant de la hist\u00f2ria salvadora de D\u00e9u i del cam\u00ed que Jes\u00fas ha vingut a mostrar-nos. La Paraula que celebrem, ens diu la mateixa Escriptura, actua en nosaltres com la pluja i la neu que fecunden la terra i la fan germinar. Con\u00e8ixer millor aquests textos que proclamem \u00e9s una tasca que ens cal dur a terme constantment, perqu\u00e8 puguin donar m\u00e9s fruit en nosaltres. I aix\u00f2 \u00e9s el que aquest llibre ens ajuda a fer presentant-nos el sentit de cada un d\u2019ells, i obrint-nos aix\u00ed les vies per poder-los aprofundir millor. I aix\u00f2, tant per a cada creient en el seu cam\u00ed personal de creixement en la fe, com per als preveres i diaques que els han d\u2019apropar al poble cristi\u00e0 en l\u2019homilia. N\u00faria Calduch-Benages (Barcelona, 1957) \u00e9s religiosa de la Sagrada Fam\u00edlia, doctora en Sagrada Escriptura, i professora d\u2019Antic Testament i Antropologia B\u00edblica a la Pontif\u00edcia Universitat Gregoriana de Roma. I sap transmetre els seus coneixements tamb\u00e9 de manera propera i senzilla, al servei de la difusi\u00f3 de la Paraula de D\u00e9u en el poble cristi\u00e0.<\/p>\n","protected":false},"excerpt":{"rendered":"<p>CALDUCH-BENAGES, N\u00daRIA<\/p>\n","protected":false},"featured_media":383516,"template":"","meta":{"_acf_changed":false,"om_disable_all_campaigns":false,"rs_blank_template":"","rs_page_bg_color":"","slide_template_v7":"","inline_featured_image":false,"_monsterinsights_skip_tracking":false,"_monsterinsights_sitenote_active":false,"_monsterinsights_sitenote_note":"","_monsterinsights_sitenote_category":0},"product_brand":[],"product_cat":[90,540],"product_tag":[],"class_list":{"0":"post-260141","1":"product","2":"type-product","3":"status-publish","4":"has-post-thumbnail","6":"product_cat-altres","7":"product_cat-otros","9":"first","10":"instock","11":"taxable","12":"shipping-taxable","13":"purchasable","14":"product-type-simple"},"acf":{"autor":"CALDUCH-BENAGES, N\u00daRIA","codart":"849805686","libros-coleccion":"","ediciones":"1","encuadernacion":"R\u00fastica","fecha_de_publicacion":"27\/02\/2014","novedad":"0","paginas":"496","subtitulo":"EXPLICACI\u00d3 B\u00cdBLICA DE LES LECTURES DE TOTS ELS DIUMENGES I FESTES","orden":"999","portada":"0","idioma":"cat","editorial":[{"ID":6172,"post_author":"3","post_date":"2022-07-28 17:46:27","post_date_gmt":"2022-07-28 15:46:27","post_content":"","post_title":"CPL","post_excerpt":"","post_status":"publish","comment_status":"closed","ping_status":"closed","post_password":"","post_name":"cpl","to_ping":"","pinged":"","post_modified":"2022-07-28 17:46:27","post_modified_gmt":"2022-07-28 15:46:27","post_content_filtered":"","post_parent":0,"guid":"http:\/\/dev.claret.cat\/editorial\/cpl\/","menu_order":0,"post_type":"editorial","post_mime_type":"","comment_count":"0","filter":"raw"}],"autores-libros":[{"ID":5895,"post_author":"3","post_date":"2022-07-28 17:33:48","post_date_gmt":"2022-07-28 15:33:48","post_content":"","post_title":"N\u00daRIA CALDUCH-BENAGES","post_excerpt":"","post_status":"publish","comment_status":"closed","ping_status":"closed","post_password":"","post_name":"nuria-calduch-benages","to_ping":"","pinged":"","post_modified":"2022-07-28 17:33:48","post_modified_gmt":"2022-07-28 15:33:48","post_content_filtered":"","post_parent":0,"guid":"http:\/\/dev.claret.cat\/autor\/nuria-calduch-benages\/","menu_order":0,"post_type":"autor","post_mime_type":"","comment_count":"0","filter":"raw"}]},"aioseo_notices":[],"_links":{"self":[{"href":"https:\/\/www.claret.cat\/es\/wp-json\/wp\/v2\/product\/260141","targetHints":{"allow":["GET"]}}],"collection":[{"href":"https:\/\/www.claret.cat\/es\/wp-json\/wp\/v2\/product"}],"about":[{"href":"https:\/\/www.claret.cat\/es\/wp-json\/wp\/v2\/types\/product"}],"wp:featuredmedia":[{"embeddable":true,"href":"https:\/\/www.claret.cat\/es\/wp-json\/wp\/v2\/media\/383516"}],"wp:attachment":[{"href":"https:\/\/www.claret.cat\/es\/wp-json\/wp\/v2\/media?parent=260141"}],"wp:term":[{"taxonomy":"product_brand","embeddable":true,"href":"https:\/\/www.claret.cat\/es\/wp-json\/wp\/v2\/product_brand?post=260141"},{"taxonomy":"product_cat","embeddable":true,"href":"https:\/\/www.claret.cat\/es\/wp-json\/wp\/v2\/product_cat?post=260141"},{"taxonomy":"product_tag","embeddable":true,"href":"https:\/\/www.claret.cat\/es\/wp-json\/wp\/v2\/product_tag?post=260141"}],"curies":[{"name":"wp","href":"https:\/\/api.w.org\/{rel}","templated":true}]}}