{"id":260251,"date":"2022-10-21T13:23:40","date_gmt":"2022-10-21T11:23:40","guid":{"rendered":"http:\/\/dev.claret.cat\/producte\/el-misteri-dels-arbitres-adormits\/"},"modified":"2026-04-17T12:15:21","modified_gmt":"2026-04-17T10:15:21","slug":"els-futbolissims-1-el-misteri-dels-arbitres-adormits-9788466134088","status":"publish","type":"product","link":"https:\/\/www.claret.cat\/es\/libro\/els-futbolissims-1-el-misteri-dels-arbitres-adormits-9788466134088\/","title":{"rendered":"ELS FUTBOL\u00cdSSIMS 1. EL MISTERI DELS \u00c0RBITRES ADORMITS"},"content":{"rendered":"<p>L&#8217;equip de futbol 7 de l&#8221;escola  Pla de Dalt, no \u00e9s nom\u00e9s l&#8221;equip de futbol.  \u00c9s molt m\u00e9s.  S\u00f3n els Futbol\u00edssims: han fet un pacte i res ni ning\u00fa no els separar\u00e0 mai. Passi el que passi. Aix\u00ed que, quan, de sobte, tots els \u00e0rbitres comencen  a caure a terra, adormits, en ple partit, els Futbol\u00edssims es posen tots a investigar per resoldre aquell misteri.<\/p>\n","protected":false},"excerpt":{"rendered":"<p>SANTIAGO, ROBERTO<\/p>\n","protected":false},"featured_media":1024964,"template":"","meta":{"_acf_changed":false,"om_disable_all_campaigns":false,"rs_blank_template":"","rs_page_bg_color":"","slide_template_v7":"","inline_featured_image":false,"_monsterinsights_skip_tracking":false,"_monsterinsights_sitenote_active":false,"_monsterinsights_sitenote_note":"","_monsterinsights_sitenote_category":0},"product_brand":[],"product_cat":[133,363],"product_tag":[],"class_list":{"0":"post-260251","1":"product","2":"type-product","3":"status-publish","4":"has-post-thumbnail","6":"product_cat-lectures-per-adolescents-12-18-anys","7":"product_cat-lecturas-por-adolescentes-12-18-anos","9":"first","10":"instock","11":"taxable","12":"shipping-taxable","13":"purchasable","14":"product-type-simple"},"acf":{"autor":"SANTIAGO, ROBERTO","codart":"846613408","libros-coleccion":"","ediciones":"0","encuadernacion":"R\u00fastica","fecha_de_publicacion":"14\/02\/2014","novedad":"0","paginas":"304","subtitulo":"","orden":"999","portada":"0","idioma":"cat","editorial":[{"ID":147680,"post_author":"3","post_date":"2022-10-14 11:52:25","post_date_gmt":"2022-10-14 09:52:25","post_content":"","post_title":"CRUILLA, EDITORIAL","post_excerpt":"","post_status":"publish","comment_status":"closed","ping_status":"closed","post_password":"","post_name":"cruilla-editorial","to_ping":"","pinged":"","post_modified":"2022-10-14 11:52:25","post_modified_gmt":"2022-10-14 09:52:25","post_content_filtered":"","post_parent":0,"guid":"http:\/\/dev.claret.cat\/editorial\/cruilla-editorial\/","menu_order":0,"post_type":"editorial","post_mime_type":"","comment_count":"0","filter":"raw"}],"autores-libros":[{"ID":5984,"post_author":"3","post_date":"2022-07-28 17:35:41","post_date_gmt":"2022-07-28 15:35:41","post_content":"","post_title":"ROBERTO SANTIAGO","post_excerpt":"","post_status":"publish","comment_status":"closed","ping_status":"closed","post_password":"","post_name":"roberto-santiago","to_ping":"","pinged":"","post_modified":"2022-07-28 17:35:41","post_modified_gmt":"2022-07-28 15:35:41","post_content_filtered":"","post_parent":0,"guid":"http:\/\/dev.claret.cat\/autor\/roberto-santiago\/","menu_order":0,"post_type":"autor","post_mime_type":"","comment_count":"0","filter":"raw"}],"booktrailer":"","resenas":""},"aioseo_notices":[],"_links":{"self":[{"href":"https:\/\/www.claret.cat\/es\/wp-json\/wp\/v2\/product\/260251","targetHints":{"allow":["GET"]}}],"collection":[{"href":"https:\/\/www.claret.cat\/es\/wp-json\/wp\/v2\/product"}],"about":[{"href":"https:\/\/www.claret.cat\/es\/wp-json\/wp\/v2\/types\/product"}],"wp:featuredmedia":[{"embeddable":true,"href":"https:\/\/www.claret.cat\/es\/wp-json\/wp\/v2\/media\/1024964"}],"wp:attachment":[{"href":"https:\/\/www.claret.cat\/es\/wp-json\/wp\/v2\/media?parent=260251"}],"wp:term":[{"taxonomy":"product_brand","embeddable":true,"href":"https:\/\/www.claret.cat\/es\/wp-json\/wp\/v2\/product_brand?post=260251"},{"taxonomy":"product_cat","embeddable":true,"href":"https:\/\/www.claret.cat\/es\/wp-json\/wp\/v2\/product_cat?post=260251"},{"taxonomy":"product_tag","embeddable":true,"href":"https:\/\/www.claret.cat\/es\/wp-json\/wp\/v2\/product_tag?post=260251"}],"curies":[{"name":"wp","href":"https:\/\/api.w.org\/{rel}","templated":true}]}}