{"id":260269,"date":"2022-10-21T13:24:07","date_gmt":"2022-10-21T11:24:07","guid":{"rendered":"http:\/\/dev.claret.cat\/producte\/ninguna-familia-es-una-isla\/"},"modified":"2024-05-23T09:25:33","modified_gmt":"2024-05-23T07:25:33","slug":"ninguna-familia-es-una-isla-9788483535875","status":"publish","type":"product","link":"https:\/\/www.claret.cat\/es\/libro\/ninguna-familia-es-una-isla-9788483535875\/","title":{"rendered":"NINGUNA FAMILIA ES UNA ISLA"},"content":{"rendered":"<p>Ning\u00fan hombre es una isla, escrib\u00eda el poeta John Donne. Nacemos de otros y solo viviendo con otros y para otros, encontramos nuestra felicidad. A trav\u00e9s de la familia el hombre se convierte en la tierra del t\u00fa, la tierra del nosotros, abierta hacia los dem\u00e1s y hacia Dios. De igual modo, ninguna familia es una isla. La familia solo es ella misma cuando se relaciona con otras familias y con la ciudad entera. Este libro nos invita a pensar en la familia y en su vocaci\u00f3n relacional. La familia es sujeto vivo en la sociedad y la Iglesia, fuente de bien com\u00fan y de vida cristiana.<\/p>\n","protected":false},"excerpt":{"rendered":"<p>GRANADOS GARC\u00cdA, JOS\u00c9<\/p>\n","protected":false},"featured_media":357416,"template":"","meta":{"_acf_changed":false,"om_disable_all_campaigns":false,"rs_blank_template":"","rs_page_bg_color":"","slide_template_v7":"","inline_featured_image":false,"_monsterinsights_skip_tracking":false,"_monsterinsights_sitenote_active":false,"_monsterinsights_sitenote_note":"","_monsterinsights_sitenote_category":0},"product_brand":[],"product_cat":[90,540],"product_tag":[],"class_list":{"0":"post-260269","1":"product","2":"type-product","3":"status-publish","4":"has-post-thumbnail","6":"product_cat-altres","7":"product_cat-otros","9":"first","10":"instock","11":"taxable","12":"shipping-taxable","13":"purchasable","14":"product-type-simple"},"acf":{"autor":"GRANADOS GARC\u00cdA, JOS\u00c9","codart":"848353587","libros-coleccion":"","ediciones":"1","encuadernacion":"R\u00fastica","fecha_de_publicacion":"13\/02\/2014","novedad":"0","paginas":"190","subtitulo":"","orden":"999","portada":"0","idioma":"spa","editorial":[{"ID":6309,"post_author":"3","post_date":"2022-07-28 17:49:25","post_date_gmt":"2022-07-28 15:49:25","post_content":"","post_title":"Monte Carmelo","post_excerpt":"","post_status":"publish","comment_status":"closed","ping_status":"closed","post_password":"","post_name":"monte-carmelo","to_ping":"","pinged":"","post_modified":"2022-07-28 17:49:25","post_modified_gmt":"2022-07-28 15:49:25","post_content_filtered":"","post_parent":0,"guid":"http:\/\/dev.claret.cat\/editorial\/monte-carmelo\/","menu_order":0,"post_type":"editorial","post_mime_type":"","comment_count":"0","filter":"raw"}],"autores-libros":[{"ID":5639,"post_author":"3","post_date":"2022-07-28 17:28:18","post_date_gmt":"2022-07-28 15:28:18","post_content":"","post_title":"JOS\u00c9 GRANADOS GARC\u00cdA","post_excerpt":"","post_status":"publish","comment_status":"closed","ping_status":"closed","post_password":"","post_name":"jose-granados-garcia","to_ping":"","pinged":"","post_modified":"2022-07-28 17:28:18","post_modified_gmt":"2022-07-28 15:28:18","post_content_filtered":"","post_parent":0,"guid":"http:\/\/dev.claret.cat\/autor\/jose-granados-garcia\/","menu_order":0,"post_type":"autor","post_mime_type":"","comment_count":"0","filter":"raw"}]},"aioseo_notices":[],"_links":{"self":[{"href":"https:\/\/www.claret.cat\/es\/wp-json\/wp\/v2\/product\/260269","targetHints":{"allow":["GET"]}}],"collection":[{"href":"https:\/\/www.claret.cat\/es\/wp-json\/wp\/v2\/product"}],"about":[{"href":"https:\/\/www.claret.cat\/es\/wp-json\/wp\/v2\/types\/product"}],"wp:featuredmedia":[{"embeddable":true,"href":"https:\/\/www.claret.cat\/es\/wp-json\/wp\/v2\/media\/357416"}],"wp:attachment":[{"href":"https:\/\/www.claret.cat\/es\/wp-json\/wp\/v2\/media?parent=260269"}],"wp:term":[{"taxonomy":"product_brand","embeddable":true,"href":"https:\/\/www.claret.cat\/es\/wp-json\/wp\/v2\/product_brand?post=260269"},{"taxonomy":"product_cat","embeddable":true,"href":"https:\/\/www.claret.cat\/es\/wp-json\/wp\/v2\/product_cat?post=260269"},{"taxonomy":"product_tag","embeddable":true,"href":"https:\/\/www.claret.cat\/es\/wp-json\/wp\/v2\/product_tag?post=260269"}],"curies":[{"name":"wp","href":"https:\/\/api.w.org\/{rel}","templated":true}]}}