{"id":260528,"date":"2022-10-21T13:30:59","date_gmt":"2022-10-21T11:30:59","guid":{"rendered":"http:\/\/dev.claret.cat\/producte\/el-sopar-secret-2\/"},"modified":"2025-04-05T11:45:20","modified_gmt":"2025-04-05T09:45:20","slug":"el-sopar-secret-9788499308050","status":"publish","type":"product","link":"https:\/\/www.claret.cat\/es\/libro\/el-sopar-secret-9788499308050\/","title":{"rendered":"EL SOPAR SECRET"},"content":{"rendered":"<p>Gener de 1497. Durant unes setmanes, una s\u00e8rie de cartes an\u00f2nimes enviades des de la cort del papa Alexandre VI adverteixen que a Mil\u00e0 Leonardo da Vinci est\u00e0 executant una obra diab\u00f2lica: un mural del Sant Sopar en qu\u00e8 no nom\u00e9s ha pintat els ap\u00f2stols sense la seva aur\u00e8ola, sin\u00f3 que el mateix artista s\u2019hi ha retratat donant l\u2019esquena a Jesucrist. Fra Agust\u00edn Leyre, inquisidor dominic expert en la interpretaci\u00f3 de missatges xifrats, \u00e9s enviat a la cort dels Sforza amb lobjectiu de supervisar aquesta pintura i desxifrar la clau que protegeix la identitat del remitent de les cartes. El que est\u00e0 a punt de descobrir canviar\u00e0 la nostra manera de veure la pintura del geni del Renaixement&#8230; per sempre.<\/p>\n","protected":false},"excerpt":{"rendered":"<p>SIERRA, JAVIER<\/p>\n","protected":false},"featured_media":1016790,"template":"","meta":{"_acf_changed":false,"om_disable_all_campaigns":false,"rs_blank_template":"","rs_page_bg_color":"","slide_template_v7":"","inline_featured_image":false,"_monsterinsights_skip_tracking":false,"_monsterinsights_sitenote_active":false,"_monsterinsights_sitenote_note":"","_monsterinsights_sitenote_category":0},"product_brand":[],"product_cat":[90,540],"product_tag":[],"class_list":{"0":"post-260528","1":"product","2":"type-product","3":"status-publish","4":"has-post-thumbnail","6":"product_cat-altres","7":"product_cat-otros","9":"first","10":"outofstock","11":"taxable","12":"shipping-taxable","13":"purchasable","14":"product-type-simple"},"acf":{"autor":"SIERRA, JAVIER","codart":"849930805","libros-coleccion":"","ediciones":"1","encuadernacion":"R\u00fastica","fecha_de_publicacion":"01\/02\/2014","novedad":"0","paginas":"361","subtitulo":"","orden":"999","portada":"0","idioma":"cat","editorial":[{"ID":6233,"post_author":"3","post_date":"2022-07-28 17:47:48","post_date_gmt":"2022-07-28 15:47:48","post_content":"","post_title":"EDITORIAL PLANETA","post_excerpt":"","post_status":"publish","comment_status":"closed","ping_status":"closed","post_password":"","post_name":"editorial-planeta","to_ping":"","pinged":"","post_modified":"2022-07-28 17:47:48","post_modified_gmt":"2022-07-28 15:47:48","post_content_filtered":"","post_parent":0,"guid":"http:\/\/dev.claret.cat\/editorial\/editorial-planeta\/","menu_order":0,"post_type":"editorial","post_mime_type":"","comment_count":"0","filter":"raw"}],"autores-libros":[{"ID":8351,"post_author":"3","post_date":"2022-09-30 09:47:55","post_date_gmt":"2022-09-30 07:47:55","post_content":"","post_title":"JAVIER SIERRA","post_excerpt":"","post_status":"publish","comment_status":"closed","ping_status":"closed","post_password":"","post_name":"javier-sierra","to_ping":"","pinged":"","post_modified":"2022-09-30 09:47:55","post_modified_gmt":"2022-09-30 07:47:55","post_content_filtered":"","post_parent":0,"guid":"http:\/\/dev.claret.cat\/autor\/javier-sierra\/","menu_order":0,"post_type":"autor","post_mime_type":"","comment_count":"0","filter":"raw"}]},"aioseo_notices":[],"_links":{"self":[{"href":"https:\/\/www.claret.cat\/es\/wp-json\/wp\/v2\/product\/260528","targetHints":{"allow":["GET"]}}],"collection":[{"href":"https:\/\/www.claret.cat\/es\/wp-json\/wp\/v2\/product"}],"about":[{"href":"https:\/\/www.claret.cat\/es\/wp-json\/wp\/v2\/types\/product"}],"wp:featuredmedia":[{"embeddable":true,"href":"https:\/\/www.claret.cat\/es\/wp-json\/wp\/v2\/media\/1016790"}],"wp:attachment":[{"href":"https:\/\/www.claret.cat\/es\/wp-json\/wp\/v2\/media?parent=260528"}],"wp:term":[{"taxonomy":"product_brand","embeddable":true,"href":"https:\/\/www.claret.cat\/es\/wp-json\/wp\/v2\/product_brand?post=260528"},{"taxonomy":"product_cat","embeddable":true,"href":"https:\/\/www.claret.cat\/es\/wp-json\/wp\/v2\/product_cat?post=260528"},{"taxonomy":"product_tag","embeddable":true,"href":"https:\/\/www.claret.cat\/es\/wp-json\/wp\/v2\/product_tag?post=260528"}],"curies":[{"name":"wp","href":"https:\/\/api.w.org\/{rel}","templated":true}]}}