{"id":260532,"date":"2022-10-21T13:31:16","date_gmt":"2022-10-21T11:31:16","guid":{"rendered":"http:\/\/dev.claret.cat\/producte\/cartes-a-un-jove-poeta-2\/"},"modified":"2024-01-31T20:55:23","modified_gmt":"2024-01-31T19:55:23","slug":"cartes-a-un-jove-poeta-9788499308074","status":"publish","type":"product","link":"https:\/\/www.claret.cat\/es\/libro\/cartes-a-un-jove-poeta-9788499308074\/","title":{"rendered":"CARTES A UN JOVE POETA"},"content":{"rendered":"<p>El jove Franz Xaver Kappus va demanar a Rainer Maria Rilke qu\u00e8 pensava dels seus versos. A partir d\u2019aqu\u00ed va comen\u00e7ar una correspond\u00e8ncia entre els dos personatges.Com mostren amb claredat les cartes, per a Rilke la poesia \u00e9s indissoluble de la vida. Aquest \u00e9s el motiu fonamental de la seva infatigable reflexi\u00f3: construir amb tant d\u2019amor, d\u2019exig\u00e8ncia i de profunditat la pr\u00f2pia vida, que cantar-la sigui un fet imprescindible.<\/p>\n","protected":false},"excerpt":{"rendered":"<p>RILKE, RAINER MARIA<\/p>\n","protected":false},"featured_media":260533,"template":"","meta":{"_acf_changed":false,"om_disable_all_campaigns":false,"rs_blank_template":"","rs_page_bg_color":"","slide_template_v7":"","inline_featured_image":false,"_monsterinsights_skip_tracking":false,"_monsterinsights_sitenote_active":false,"_monsterinsights_sitenote_note":"","_monsterinsights_sitenote_category":0},"product_brand":[],"product_cat":[90,540],"product_tag":[],"class_list":{"0":"post-260532","1":"product","2":"type-product","3":"status-publish","4":"has-post-thumbnail","6":"product_cat-altres","7":"product_cat-otros","9":"first","10":"instock","11":"taxable","12":"shipping-taxable","13":"purchasable","14":"product-type-simple"},"acf":{"autor":"RILKE, RAINER MARIA","codart":"849930807","libros-coleccion":"","ediciones":"1","encuadernacion":"R\u00fastica","fecha_de_publicacion":"01\/02\/2014","novedad":"0","paginas":"75","subtitulo":"","orden":"999","portada":"0","idioma":"cat","editorial":[{"ID":147891,"post_author":"3","post_date":"2022-10-14 11:54:01","post_date_gmt":"2022-10-14 09:54:01","post_content":"","post_title":"EDICIONS PROA","post_excerpt":"","post_status":"publish","comment_status":"closed","ping_status":"closed","post_password":"","post_name":"edicions-proa","to_ping":"","pinged":"","post_modified":"2022-10-14 11:54:01","post_modified_gmt":"2022-10-14 09:54:01","post_content_filtered":"","post_parent":0,"guid":"http:\/\/dev.claret.cat\/editorial\/edicions-proa\/","menu_order":0,"post_type":"editorial","post_mime_type":"","comment_count":"0","filter":"raw"}],"autores-libros":[{"ID":167654,"post_author":"3","post_date":"2022-10-14 18:12:56","post_date_gmt":"2022-10-14 16:12:56","post_content":"","post_title":"RAINER MARIA RILKE","post_excerpt":"","post_status":"publish","comment_status":"closed","ping_status":"closed","post_password":"","post_name":"rainer-maria-rilke","to_ping":"","pinged":"","post_modified":"2022-10-14 18:12:56","post_modified_gmt":"2022-10-14 16:12:56","post_content_filtered":"","post_parent":0,"guid":"http:\/\/dev.claret.cat\/autor\/rainer-maria-rilke\/","menu_order":0,"post_type":"autor","post_mime_type":"","comment_count":"0","filter":"raw"}]},"aioseo_notices":[],"_links":{"self":[{"href":"https:\/\/www.claret.cat\/es\/wp-json\/wp\/v2\/product\/260532","targetHints":{"allow":["GET"]}}],"collection":[{"href":"https:\/\/www.claret.cat\/es\/wp-json\/wp\/v2\/product"}],"about":[{"href":"https:\/\/www.claret.cat\/es\/wp-json\/wp\/v2\/types\/product"}],"wp:featuredmedia":[{"embeddable":true,"href":"https:\/\/www.claret.cat\/es\/wp-json\/wp\/v2\/media\/260533"}],"wp:attachment":[{"href":"https:\/\/www.claret.cat\/es\/wp-json\/wp\/v2\/media?parent=260532"}],"wp:term":[{"taxonomy":"product_brand","embeddable":true,"href":"https:\/\/www.claret.cat\/es\/wp-json\/wp\/v2\/product_brand?post=260532"},{"taxonomy":"product_cat","embeddable":true,"href":"https:\/\/www.claret.cat\/es\/wp-json\/wp\/v2\/product_cat?post=260532"},{"taxonomy":"product_tag","embeddable":true,"href":"https:\/\/www.claret.cat\/es\/wp-json\/wp\/v2\/product_tag?post=260532"}],"curies":[{"name":"wp","href":"https:\/\/api.w.org\/{rel}","templated":true}]}}