{"id":260550,"date":"2022-10-21T13:32:35","date_gmt":"2022-10-21T11:32:35","guid":{"rendered":"http:\/\/dev.claret.cat\/producte\/palmeres-en-la-neu\/"},"modified":"2024-01-31T17:39:59","modified_gmt":"2024-01-31T16:39:59","slug":"palmeres-en-la-neu-9788499308395","status":"publish","type":"product","link":"https:\/\/www.claret.cat\/es\/libro\/palmeres-en-la-neu-9788499308395\/","title":{"rendered":"PALMERES EN LA NEU"},"content":{"rendered":"<p>\u00abAquesta nit us estimareu amb desesperaci\u00f3: sabeu que ser\u00e0 l&#8217;\u00faltima nit que passareu plegats. No us tornareu a veure mai m\u00e9s. Mai m\u00e9s. No podr\u00e0 ser. Us acariciareu i us besareu tan intensament com nom\u00e9s ho poden fer dues persones angoixades, intentant impregnar-vos de l&#8217;ess\u00e8ncia de l&#8217;altre mitjan\u00e7ant el gust i el tacte. La intensa pluja tropical colpeja furiosa la barana verda del passad\u00eds exterior que porta a les habitacions, i ofega el so dels vostres gemecs furiosos. Els llampecs intenten allargar-se en el temps per v\u00e8ncer la foscor. Un excel\u00b7lent relat que recupera les nostres arrels colonials i una commovedora hist\u00f2ria damor prohibit amb resson\u00e0ncies de Mem\u00f2ries d&#8217;\u00c0frica.<\/p>\n","protected":false},"excerpt":{"rendered":"<p>GAB\u00c1S, LUZ<\/p>\n","protected":false},"featured_media":260551,"template":"","meta":{"_acf_changed":false,"om_disable_all_campaigns":false,"rs_blank_template":"","rs_page_bg_color":"","slide_template_v7":"","inline_featured_image":false,"_monsterinsights_skip_tracking":false,"_monsterinsights_sitenote_active":false,"_monsterinsights_sitenote_note":"","_monsterinsights_sitenote_category":0},"product_brand":[],"product_cat":[90,540],"product_tag":[],"class_list":{"0":"post-260550","1":"product","2":"type-product","3":"status-publish","4":"has-post-thumbnail","6":"product_cat-altres","7":"product_cat-otros","9":"first","10":"instock","11":"taxable","12":"shipping-taxable","13":"purchasable","14":"product-type-simple"},"acf":{"autor":"GAB\u00c1S, LUZ","codart":"849930839","libros-coleccion":"","ediciones":"1","encuadernacion":"R\u00fastica","fecha_de_publicacion":"01\/02\/2014","novedad":"0","paginas":"829","subtitulo":"","orden":"999","portada":"0","idioma":"cat","editorial":[{"ID":147645,"post_author":"3","post_date":"2022-10-14 11:52:09","post_date_gmt":"2022-10-14 09:52:09","post_content":"","post_title":"COLUMNA EDICIONS","post_excerpt":"","post_status":"publish","comment_status":"closed","ping_status":"closed","post_password":"","post_name":"columna-edicions-2","to_ping":"","pinged":"","post_modified":"2022-10-14 11:52:09","post_modified_gmt":"2022-10-14 09:52:09","post_content_filtered":"","post_parent":0,"guid":"http:\/\/dev.claret.cat\/editorial\/columna-edicions-2\/","menu_order":0,"post_type":"editorial","post_mime_type":"","comment_count":"0","filter":"raw"}],"autores-libros":[{"ID":162821,"post_author":"3","post_date":"2022-10-14 17:34:04","post_date_gmt":"2022-10-14 15:34:04","post_content":"","post_title":"LUZ GAB\u00c1S","post_excerpt":"","post_status":"publish","comment_status":"closed","ping_status":"closed","post_password":"","post_name":"luz-gabas","to_ping":"","pinged":"","post_modified":"2022-10-14 17:34:04","post_modified_gmt":"2022-10-14 15:34:04","post_content_filtered":"","post_parent":0,"guid":"http:\/\/dev.claret.cat\/autor\/luz-gabas\/","menu_order":0,"post_type":"autor","post_mime_type":"","comment_count":"0","filter":"raw"}]},"aioseo_notices":[],"_links":{"self":[{"href":"https:\/\/www.claret.cat\/es\/wp-json\/wp\/v2\/product\/260550","targetHints":{"allow":["GET"]}}],"collection":[{"href":"https:\/\/www.claret.cat\/es\/wp-json\/wp\/v2\/product"}],"about":[{"href":"https:\/\/www.claret.cat\/es\/wp-json\/wp\/v2\/types\/product"}],"wp:featuredmedia":[{"embeddable":true,"href":"https:\/\/www.claret.cat\/es\/wp-json\/wp\/v2\/media\/260551"}],"wp:attachment":[{"href":"https:\/\/www.claret.cat\/es\/wp-json\/wp\/v2\/media?parent=260550"}],"wp:term":[{"taxonomy":"product_brand","embeddable":true,"href":"https:\/\/www.claret.cat\/es\/wp-json\/wp\/v2\/product_brand?post=260550"},{"taxonomy":"product_cat","embeddable":true,"href":"https:\/\/www.claret.cat\/es\/wp-json\/wp\/v2\/product_cat?post=260550"},{"taxonomy":"product_tag","embeddable":true,"href":"https:\/\/www.claret.cat\/es\/wp-json\/wp\/v2\/product_tag?post=260550"}],"curies":[{"name":"wp","href":"https:\/\/api.w.org\/{rel}","templated":true}]}}