{"id":26073,"date":"2022-10-02T10:39:21","date_gmt":"2022-10-02T08:39:21","guid":{"rendered":"http:\/\/dev.claret.cat\/producte\/una-nueva-imagen-de-dios-y-del-ser-humano\/"},"modified":"2024-05-02T06:42:20","modified_gmt":"2024-05-02T04:42:20","slug":"una-nueva-imagen-de-dios-y-del-ser-humano-9788428825856","status":"publish","type":"product","link":"https:\/\/www.claret.cat\/es\/libro\/una-nueva-imagen-de-dios-y-del-ser-humano-9788428825856\/","title":{"rendered":"UNA NUEVA IMAGEN DE DIOS Y DEL SER HUMANO"},"content":{"rendered":"<p>El atractivo de esta obra reside no solo en su contenido, sino tambi\u00e9n en la manera en que lo tratan las dos autoras, desde su experiencia, con los giros, los ejemplos y las citas que surgen de manera espont\u00e1nea, elegidos a partir de sus vivencias cotidianas. As\u00ed, lejos de encontrarnos ante una lecci\u00f3n magistral, estamos ante una lecci\u00f3n de vida apoyada en el magisterio de estas dos mujeres. Este libro pretende facilitar -con un lenguaje nuevo, que no es el resultado de una simple operaci\u00f3n de maquillaje del lenguaje anterior- un pensamiento original capaz de dar respuesta al momento que vivimos y, por encima de todo, capaz de hacernos avanzar -como proclaman las autoras- hacia una humanidad nueva.<br \/>Una sugestiva conversaci\u00e7on sobre Dios y el ser humano.<\/p>\n","protected":false},"excerpt":{"rendered":"<p>FORCADES, TERESA; VOLPINI, ANGELA<\/p>\n","protected":false},"featured_media":337329,"template":"","meta":{"_acf_changed":false,"om_disable_all_campaigns":false,"rs_blank_template":"","rs_page_bg_color":"","slide_template_v7":"","inline_featured_image":false,"_monsterinsights_skip_tracking":false,"_monsterinsights_sitenote_active":false,"_monsterinsights_sitenote_note":"","_monsterinsights_sitenote_category":0},"product_brand":[],"product_cat":[90,540],"product_tag":[],"class_list":{"0":"post-26073","1":"product","2":"type-product","3":"status-publish","4":"has-post-thumbnail","6":"product_cat-altres","7":"product_cat-otros","9":"first","10":"instock","11":"taxable","12":"shipping-taxable","13":"purchasable","14":"product-type-simple"},"acf":{"autor":"FORCADES, TERESA; VOLPINI, ANGELA","codart":"842882585","libros-coleccion":"","ediciones":"1","encuadernacion":"R\u00fastica","fecha_de_publicacion":"04\/10\/2013","novedad":"0","paginas":"88","subtitulo":"CONVERSACI\u00d3N MODERADA POR LAIA DE AHUMADA","orden":"999","portada":"0","idioma":"spa","editorial":[{"ID":6335,"post_author":"3","post_date":"2022-07-28 17:49:59","post_date_gmt":"2022-07-28 15:49:59","post_content":"","post_title":"PPC altres","post_excerpt":"","post_status":"publish","comment_status":"closed","ping_status":"closed","post_password":"","post_name":"ppc-altres","to_ping":"","pinged":"","post_modified":"2022-07-28 17:49:59","post_modified_gmt":"2022-07-28 15:49:59","post_content_filtered":"","post_parent":0,"guid":"http:\/\/dev.claret.cat\/editorial\/ppc-altres\/","menu_order":0,"post_type":"editorial","post_mime_type":"","comment_count":"0","filter":"raw"}],"autores-libros":[{"ID":150447,"post_author":"3","post_date":"2022-10-14 14:33:02","post_date_gmt":"2022-10-14 12:33:02","post_content":"","post_title":"\u00c1NGELA VOLPINI","post_excerpt":"","post_status":"publish","comment_status":"closed","ping_status":"closed","post_password":"","post_name":"angela-volpini","to_ping":"","pinged":"","post_modified":"2022-10-14 14:33:02","post_modified_gmt":"2022-10-14 12:33:02","post_content_filtered":"","post_parent":0,"guid":"http:\/\/dev.claret.cat\/autor\/angela-volpini\/","menu_order":0,"post_type":"autor","post_mime_type":"","comment_count":"0","filter":"raw"},{"ID":156019,"post_author":"3","post_date":"2022-10-14 15:17:28","post_date_gmt":"2022-10-14 13:17:28","post_content":"","post_title":"FORCADES, TERESA","post_excerpt":"","post_status":"publish","comment_status":"closed","ping_status":"closed","post_password":"","post_name":"forcades-teresa","to_ping":"","pinged":"","post_modified":"2022-10-14 15:17:28","post_modified_gmt":"2022-10-14 13:17:28","post_content_filtered":"","post_parent":0,"guid":"http:\/\/dev.claret.cat\/autor\/forcades-teresa\/","menu_order":0,"post_type":"autor","post_mime_type":"","comment_count":"0","filter":"raw"}]},"aioseo_notices":[],"_links":{"self":[{"href":"https:\/\/www.claret.cat\/es\/wp-json\/wp\/v2\/product\/26073","targetHints":{"allow":["GET"]}}],"collection":[{"href":"https:\/\/www.claret.cat\/es\/wp-json\/wp\/v2\/product"}],"about":[{"href":"https:\/\/www.claret.cat\/es\/wp-json\/wp\/v2\/types\/product"}],"wp:featuredmedia":[{"embeddable":true,"href":"https:\/\/www.claret.cat\/es\/wp-json\/wp\/v2\/media\/337329"}],"wp:attachment":[{"href":"https:\/\/www.claret.cat\/es\/wp-json\/wp\/v2\/media?parent=26073"}],"wp:term":[{"taxonomy":"product_brand","embeddable":true,"href":"https:\/\/www.claret.cat\/es\/wp-json\/wp\/v2\/product_brand?post=26073"},{"taxonomy":"product_cat","embeddable":true,"href":"https:\/\/www.claret.cat\/es\/wp-json\/wp\/v2\/product_cat?post=26073"},{"taxonomy":"product_tag","embeddable":true,"href":"https:\/\/www.claret.cat\/es\/wp-json\/wp\/v2\/product_tag?post=26073"}],"curies":[{"name":"wp","href":"https:\/\/api.w.org\/{rel}","templated":true}]}}