{"id":260744,"date":"2022-10-21T13:37:54","date_gmt":"2022-10-21T11:37:54","guid":{"rendered":"http:\/\/dev.claret.cat\/producte\/transmitir-el-tesoro-de-la-fe\/"},"modified":"2024-05-22T18:01:25","modified_gmt":"2024-05-22T16:01:25","slug":"transmitir-el-tesoro-de-la-fe-9788498468311","status":"publish","type":"product","link":"https:\/\/www.claret.cat\/es\/libro\/transmitir-el-tesoro-de-la-fe-9788498468311\/","title":{"rendered":"TRANSMITIR EL TESORO DE LA FE"},"content":{"rendered":"<p>Transmitir el tesoro de la fe es el documento que los obisposs de Catalu\u00f1a nos env\u00edan en el final del A\u00f1o de la fe convocado por Benedoict XVI i clausurado por el  papa Francisco. Se ha celebrado al coincidir el 50 aniversario de la convocatoria del Concilio Vaticano II i el 20 de la publicaci\u00f3n del Catecismo de la Iglesia Cat\u00f3lica. Pastores y fieles de les diez di\u00f3cesis con sede en Catalu\u00f1a lo han acogido como un tiempo de gracia, fij\u00e1ndose en Jesucristo.<\/p>\n","protected":false},"excerpt":{"rendered":"<p>LOS OBISPOS DE CATALU\u00d1A<\/p>\n","protected":false},"featured_media":952725,"template":"","meta":{"_acf_changed":false,"om_disable_all_campaigns":false,"rs_blank_template":"","rs_page_bg_color":"","slide_template_v7":"","inline_featured_image":false,"_monsterinsights_skip_tracking":false,"_monsterinsights_sitenote_active":false,"_monsterinsights_sitenote_note":"","_monsterinsights_sitenote_category":0},"product_brand":[],"product_cat":[90,581,540],"product_tag":[],"class_list":{"0":"post-260744","1":"product","2":"type-product","3":"status-publish","4":"has-post-thumbnail","6":"product_cat-altres","7":"product_cat-editorial-claret","8":"product_cat-otros","10":"first","11":"instock","12":"taxable","13":"shipping-taxable","14":"purchasable","15":"product-type-simple"},"acf":{"autor":"LOS OBISPOS DE CATALU\u00d1A","codart":"849846831","libros-coleccion":"Magisterio","ediciones":"1","encuadernacion":"R\u00fastica","fecha_de_publicacion":"08\/01\/2014","novedad":"0","paginas":"46","subtitulo":"","orden":"999","portada":"0","idioma":"spa","editorial":[{"ID":6158,"post_author":"3","post_date":"2022-07-28 17:46:08","post_date_gmt":"2022-07-28 15:46:08","post_content":"","post_title":"CLARET","post_excerpt":"","post_status":"publish","comment_status":"closed","ping_status":"closed","post_password":"","post_name":"claret","to_ping":"","pinged":"","post_modified":"2022-07-28 17:46:08","post_modified_gmt":"2022-07-28 15:46:08","post_content_filtered":"","post_parent":0,"guid":"http:\/\/dev.claret.cat\/editorial\/claret\/","menu_order":0,"post_type":"editorial","post_mime_type":"","comment_count":"0","filter":"raw"}],"autores-libros":[{"ID":271632,"post_author":"3","post_date":"2022-12-09 03:37:41","post_date_gmt":"2022-12-09 02:37:41","post_content":"","post_title":"LOS OBISPOS DE CATALU\u00d1A","post_excerpt":"","post_status":"publish","comment_status":"closed","ping_status":"closed","post_password":"","post_name":"los-obispos-de-cataluna","to_ping":"","pinged":"","post_modified":"2022-12-09 03:37:41","post_modified_gmt":"2022-12-09 02:37:41","post_content_filtered":"","post_parent":0,"guid":"http:\/\/dev.claret.cat\/autor\/los-obispos-de-cataluna\/","menu_order":0,"post_type":"autor","post_mime_type":"","comment_count":"0","filter":"raw"}]},"aioseo_notices":[],"_links":{"self":[{"href":"https:\/\/www.claret.cat\/es\/wp-json\/wp\/v2\/product\/260744","targetHints":{"allow":["GET"]}}],"collection":[{"href":"https:\/\/www.claret.cat\/es\/wp-json\/wp\/v2\/product"}],"about":[{"href":"https:\/\/www.claret.cat\/es\/wp-json\/wp\/v2\/types\/product"}],"wp:featuredmedia":[{"embeddable":true,"href":"https:\/\/www.claret.cat\/es\/wp-json\/wp\/v2\/media\/952725"}],"wp:attachment":[{"href":"https:\/\/www.claret.cat\/es\/wp-json\/wp\/v2\/media?parent=260744"}],"wp:term":[{"taxonomy":"product_brand","embeddable":true,"href":"https:\/\/www.claret.cat\/es\/wp-json\/wp\/v2\/product_brand?post=260744"},{"taxonomy":"product_cat","embeddable":true,"href":"https:\/\/www.claret.cat\/es\/wp-json\/wp\/v2\/product_cat?post=260744"},{"taxonomy":"product_tag","embeddable":true,"href":"https:\/\/www.claret.cat\/es\/wp-json\/wp\/v2\/product_tag?post=260744"}],"curies":[{"name":"wp","href":"https:\/\/api.w.org\/{rel}","templated":true}]}}