{"id":260758,"date":"2022-10-21T13:38:18","date_gmt":"2022-10-21T11:38:18","guid":{"rendered":"http:\/\/dev.claret.cat\/producte\/el-liderazgo-de-los-jesuitas\/"},"modified":"2025-11-25T18:00:12","modified_gmt":"2025-11-25T17:00:12","slug":"el-liderazgo-de-los-jesuitas-9788429321234","status":"publish","type":"product","link":"https:\/\/www.claret.cat\/es\/libro\/el-liderazgo-de-los-jesuitas-9788429321234\/","title":{"rendered":"EL LIDERAZGO DE LOS JESUITAS"},"content":{"rendered":"<p>A menudo, lo que hoy recibe el nombre de \u00abliderazgo\u00bb no es m\u00e1s que una superficial sustituci\u00f3n de la sustancia por la t\u00e9cnica. Los jesuitas renunciaron a un estilo de liderazgo ostentoso y centraron sus esfuerzos en el cultivo de cuatro valores especiales que constituyen la sustancia de su idea de liderazgo:<br \/>\u2022 autoconciencia,<br \/>\u2022 ingenio,<br \/>\u2022 amor,<br \/>\u2022 hero\u00edsmo.<br \/>En otras palabras, la Compa\u00f1\u00eda de Jes\u00fas preparaba a sus miembros para triunfar form\u00e1ndolos como l\u00edderes que<br \/>\u2022 eran conscientes de sus fuerzas, sus debilidades, sus valores y su visi\u00f3n del mundo;<br \/>\u2022 se atrev\u00edan confiadamente a innovar y adaptarse a un mundo en constante cambio;<br \/>\u2022 compromet\u00edan a otros con su positiva y bondadosa actitud;<br \/>\u2022 se activaban a s\u00ed mismos y a los dem\u00e1s gracias a sus heroicas ambiciones.<br \/>Esta f\u00f3rmula sigue moldeando actualmente a los l\u00edderes jesuitas, convencidos de que todo liderazgo comienza por el auto-liderazgo. Pero es una f\u00f3rmula que sirve para formar l\u00edderes en todos los \u00e1mbitos de la vida y del trabajo.<br \/>El presente libro no se limita a analizar las causas que explican el \u00e9xito de los jesuitas en el siglo XVI, sino que adem\u00e1s se\u00f1ala qui\u00e9nes pueden ser considerados l\u00edderes y c\u00f3mo se forman estos en cada generaci\u00f3n, incluida la nuestra. Adem\u00e1s, se analizan de cerca las razones que explican el \u00e9xito de los primeros jesuitas y, a continuaci\u00f3n, se presenta esta sabidur\u00eda a las personas y organizaciones que hoy deseen conocer y poner en pr\u00e1ctica un liderazgo efectivo e integral.<\/p>\n","protected":false},"excerpt":{"rendered":"<p>LOWNEY, CHRIS<\/p>\n","protected":false},"featured_media":964373,"template":"","meta":{"_acf_changed":false,"om_disable_all_campaigns":false,"rs_blank_template":"","rs_page_bg_color":"","slide_template_v7":"","inline_featured_image":false,"_monsterinsights_skip_tracking":false,"_monsterinsights_sitenote_active":false,"_monsterinsights_sitenote_note":"","_monsterinsights_sitenote_category":0},"product_brand":[],"product_cat":[244,494],"product_tag":[],"class_list":{"0":"post-260758","1":"product","2":"type-product","3":"status-publish","4":"has-post-thumbnail","6":"product_cat-ignaciana","7":"product_cat-ignaciana-espiritualidad-1_espiritualidad","9":"first","10":"instock","11":"taxable","12":"shipping-taxable","13":"purchasable","14":"product-type-simple"},"acf":{"autor":"LOWNEY, CHRIS","codart":"842932123 ","libros-coleccion":"Proyecto","ediciones":"1","encuadernacion":"R\u00fastica","fecha_de_publicacion":"08\/01\/2014","novedad":"0","paginas":"344","subtitulo":"AUTOCONCIENCIA, INGENIO, AMOR, HERO\u00cdSMO","orden":"999","portada":"0","idioma":"spa","editorial":[{"ID":6351,"post_author":"3","post_date":"2022-07-28 17:50:19","post_date_gmt":"2022-07-28 15:50:19","post_content":"","post_title":"Sal Terrae","post_excerpt":"","post_status":"publish","comment_status":"closed","ping_status":"closed","post_password":"","post_name":"sal-terrae","to_ping":"","pinged":"","post_modified":"2022-07-28 17:50:19","post_modified_gmt":"2022-07-28 15:50:19","post_content_filtered":"","post_parent":0,"guid":"http:\/\/dev.claret.cat\/editorial\/sal-terrae\/","menu_order":0,"post_type":"editorial","post_mime_type":"","comment_count":"0","filter":"raw"}],"autores-libros":[{"ID":152868,"post_author":"3","post_date":"2022-10-14 14:52:14","post_date_gmt":"2022-10-14 12:52:14","post_content":"","post_title":"CHRIS LOWNEY","post_excerpt":"","post_status":"publish","comment_status":"closed","ping_status":"closed","post_password":"","post_name":"chris-lowney","to_ping":"","pinged":"","post_modified":"2022-10-14 14:52:14","post_modified_gmt":"2022-10-14 12:52:14","post_content_filtered":"","post_parent":0,"guid":"http:\/\/dev.claret.cat\/autor\/chris-lowney\/","menu_order":0,"post_type":"autor","post_mime_type":"","comment_count":"0","filter":"raw"}],"booktrailer":"","resenas":""},"aioseo_notices":[],"_links":{"self":[{"href":"https:\/\/www.claret.cat\/es\/wp-json\/wp\/v2\/product\/260758","targetHints":{"allow":["GET"]}}],"collection":[{"href":"https:\/\/www.claret.cat\/es\/wp-json\/wp\/v2\/product"}],"about":[{"href":"https:\/\/www.claret.cat\/es\/wp-json\/wp\/v2\/types\/product"}],"wp:featuredmedia":[{"embeddable":true,"href":"https:\/\/www.claret.cat\/es\/wp-json\/wp\/v2\/media\/964373"}],"wp:attachment":[{"href":"https:\/\/www.claret.cat\/es\/wp-json\/wp\/v2\/media?parent=260758"}],"wp:term":[{"taxonomy":"product_brand","embeddable":true,"href":"https:\/\/www.claret.cat\/es\/wp-json\/wp\/v2\/product_brand?post=260758"},{"taxonomy":"product_cat","embeddable":true,"href":"https:\/\/www.claret.cat\/es\/wp-json\/wp\/v2\/product_cat?post=260758"},{"taxonomy":"product_tag","embeddable":true,"href":"https:\/\/www.claret.cat\/es\/wp-json\/wp\/v2\/product_tag?post=260758"}],"curies":[{"name":"wp","href":"https:\/\/api.w.org\/{rel}","templated":true}]}}