{"id":260873,"date":"2022-10-21T13:41:14","date_gmt":"2022-10-21T11:41:14","guid":{"rendered":"http:\/\/dev.claret.cat\/producte\/hay-un-dinosaurio-en-mi-sopa\/"},"modified":"2025-06-20T11:07:26","modified_gmt":"2025-06-20T09:07:26","slug":"hay-un-dinosaurio-en-mi-sopa-9786071624765","status":"publish","type":"product","link":"https:\/\/www.claret.cat\/es\/libro\/hay-un-dinosaurio-en-mi-sopa-9786071624765\/","title":{"rendered":"\u00a1HAY UN DINOSAURIO EN MI SOPA!"},"content":{"rendered":"<p>\u00a1Hay un dinosaurio en mi sopa! nos gu\u00eda por la evoluci\u00f3n de los seres vivos con una acertada mezcla de informaci\u00f3n sobre procesos evolutivos, temas hist\u00f3ricos y asuntos culturales. Sus 62 brev\u00edsimos cap\u00edtulos presentan la biolog\u00eda evolutiva para un p\u00fablico amplio, con la precisi\u00f3n del cient\u00edfico profesional a la vez que una mirada propia y fresca, sentido del humor y una prosa que fluye sin obst\u00e1culos.<\/p>\n","protected":false},"excerpt":{"rendered":"<p>CHAOS CADOS, \u00c1LVARO<\/p>\n","protected":false},"featured_media":260874,"template":"","meta":{"_acf_changed":false,"om_disable_all_campaigns":false,"rs_blank_template":"","rs_page_bg_color":"","slide_template_v7":"","inline_featured_image":false,"_monsterinsights_skip_tracking":false,"_monsterinsights_sitenote_active":false,"_monsterinsights_sitenote_note":"","_monsterinsights_sitenote_category":0},"product_brand":[],"product_cat":[104,554],"product_tag":[],"class_list":{"0":"post-260873","1":"product","2":"type-product","3":"status-publish","4":"has-post-thumbnail","6":"product_cat-ciencia","7":"product_cat-ciencia-5_otras-spa","9":"first","10":"instock","11":"taxable","12":"shipping-taxable","13":"purchasable","14":"product-type-simple"},"acf":{"autor":"CHAOS CADOS, \u00c1LVARO","codart":"607162476","libros-coleccion":"SUSHI BOOKS","ediciones":"1","encuadernacion":"Carpeta","fecha_de_publicacion":"01\/01\/2014","novedad":"1","paginas":"0","subtitulo":"GANADOR DEL PREMIO INTERNACIONAL DE DIVULGACI\u00d3N DE LA CIENCIA RUY P\u00c9REZ TAMAYO 2","orden":"0","portada":"0","idioma":"spa","booktrailer":"","resenas":"","editorial":[{"ID":6257,"post_author":"3","post_date":"2022-07-28 17:48:19","post_date_gmt":"2022-07-28 15:48:19","post_content":"","post_title":"Fondo de Cultura Econ\u00f3mica Fce","post_excerpt":"","post_status":"publish","comment_status":"closed","ping_status":"closed","post_password":"","post_name":"fondo-de-cultura-economica-fce","to_ping":"","pinged":"","post_modified":"2022-07-28 17:48:19","post_modified_gmt":"2022-07-28 15:48:19","post_content_filtered":"","post_parent":0,"guid":"http:\/\/dev.claret.cat\/editorial\/fondo-de-cultura-economica-fce\/","menu_order":0,"post_type":"editorial","post_mime_type":"","comment_count":"0","filter":"raw"}],"autores-libros":[{"ID":420080,"post_author":"3","post_date":"2023-05-16 00:34:43","post_date_gmt":"2023-05-15 22:34:43","post_content":"","post_title":"\u00c1LVARO CHAOS CADOS","post_excerpt":"","post_status":"publish","comment_status":"closed","ping_status":"closed","post_password":"","post_name":"alvaro-chaos-cados","to_ping":"","pinged":"","post_modified":"2023-05-16 00:34:43","post_modified_gmt":"2023-05-15 22:34:43","post_content_filtered":"","post_parent":0,"guid":"https:\/\/www.claret.cat\/autor\/alvaro-chaos-cados\/","menu_order":0,"post_type":"autor","post_mime_type":"","comment_count":"0","filter":"raw"}]},"aioseo_notices":[],"_links":{"self":[{"href":"https:\/\/www.claret.cat\/es\/wp-json\/wp\/v2\/product\/260873","targetHints":{"allow":["GET"]}}],"collection":[{"href":"https:\/\/www.claret.cat\/es\/wp-json\/wp\/v2\/product"}],"about":[{"href":"https:\/\/www.claret.cat\/es\/wp-json\/wp\/v2\/types\/product"}],"wp:featuredmedia":[{"embeddable":true,"href":"https:\/\/www.claret.cat\/es\/wp-json\/wp\/v2\/media\/260874"}],"wp:attachment":[{"href":"https:\/\/www.claret.cat\/es\/wp-json\/wp\/v2\/media?parent=260873"}],"wp:term":[{"taxonomy":"product_brand","embeddable":true,"href":"https:\/\/www.claret.cat\/es\/wp-json\/wp\/v2\/product_brand?post=260873"},{"taxonomy":"product_cat","embeddable":true,"href":"https:\/\/www.claret.cat\/es\/wp-json\/wp\/v2\/product_cat?post=260873"},{"taxonomy":"product_tag","embeddable":true,"href":"https:\/\/www.claret.cat\/es\/wp-json\/wp\/v2\/product_tag?post=260873"}],"curies":[{"name":"wp","href":"https:\/\/api.w.org\/{rel}","templated":true}]}}