{"id":261107,"date":"2022-10-21T13:47:39","date_gmt":"2022-10-21T11:47:39","guid":{"rendered":"http:\/\/dev.claret.cat\/producte\/el-cami-de-les-llagrimes\/"},"modified":"2025-01-31T14:18:41","modified_gmt":"2025-01-31T13:18:41","slug":"el-cami-de-les-llagrimes-9788415642633","status":"publish","type":"product","link":"https:\/\/www.claret.cat\/es\/libro\/el-cami-de-les-llagrimes-9788415642633\/","title":{"rendered":"EL CAM\u00cd DE LES LL\u00c0GRIMES"},"content":{"rendered":"<p>Una obra de referencia per transitar pel cam\u00ed m\u00e9s dif\u00edcil, el de conviure amb la p\u00e8rdua d?alg\u00fa estimat. En aquest llarg viatge que \u00e9s la vida, la responsabilitat, l?amor, les ll\u00e0grimes i la felicitat s\u00f3n els quatre camins inevitables que, segons Jorge Bucay, tot \u00e9sser hum\u00e0 ha de rec\u00f3rrer. Quatre trajectes que cadasc\u00fa ha d?afrontar des de l?experi\u00e8ncia personal i al seu propi ritme. El cam\u00ed de les ll\u00e0grimes \u00e9s el m\u00e9s dur dels camins, el del dol i les p\u00e8rdues, per\u00f2 \u00e9s un cam\u00ed imprescindible per poder seguir endavant quan els nostres \u00e9ssers estimats ja no s\u00f3n amb nosaltres.<\/p>\n","protected":false},"excerpt":{"rendered":"<p>BUCAY, JORGE<\/p>\n","protected":false},"featured_media":276904,"template":"","meta":{"_acf_changed":false,"om_disable_all_campaigns":false,"rs_blank_template":"","rs_page_bg_color":"","slide_template_v7":"","inline_featured_image":false,"_monsterinsights_skip_tracking":false,"_monsterinsights_sitenote_active":false,"_monsterinsights_sitenote_note":"","_monsterinsights_sitenote_category":0},"product_brand":[],"product_cat":[90,540],"product_tag":[],"class_list":{"0":"post-261107","1":"product","2":"type-product","3":"status-publish","4":"has-post-thumbnail","6":"product_cat-altres","7":"product_cat-otros","9":"first","10":"instock","11":"taxable","12":"shipping-taxable","13":"purchasable","14":"product-type-simple"},"acf":{"autor":"BUCAY, JORGE","codart":"841564263","libros-coleccion":"","ediciones":"1","encuadernacion":"R\u00fastica","fecha_de_publicacion":"01\/12\/2013","novedad":"0","paginas":"304","subtitulo":"","orden":"999","portada":"0","idioma":"cat","editorial":[{"ID":147453,"post_author":"3","post_date":"2022-10-14 11:50:42","post_date_gmt":"2022-10-14 09:50:42","post_content":"","post_title":"ARA LLIBRES","post_excerpt":"","post_status":"publish","comment_status":"closed","ping_status":"closed","post_password":"","post_name":"ara-llibres","to_ping":"","pinged":"","post_modified":"2022-10-14 11:50:42","post_modified_gmt":"2022-10-14 09:50:42","post_content_filtered":"","post_parent":0,"guid":"http:\/\/dev.claret.cat\/editorial\/ara-llibres\/","menu_order":0,"post_type":"editorial","post_mime_type":"","comment_count":"0","filter":"raw"}],"autores-libros":[{"ID":160056,"post_author":"3","post_date":"2022-10-14 15:49:56","post_date_gmt":"2022-10-14 13:49:56","post_content":"","post_title":"JORGE BUCAY","post_excerpt":"","post_status":"publish","comment_status":"closed","ping_status":"closed","post_password":"","post_name":"jorge-bucay","to_ping":"","pinged":"","post_modified":"2022-10-14 15:49:56","post_modified_gmt":"2022-10-14 13:49:56","post_content_filtered":"","post_parent":0,"guid":"http:\/\/dev.claret.cat\/autor\/jorge-bucay\/","menu_order":0,"post_type":"autor","post_mime_type":"","comment_count":"0","filter":"raw"}]},"aioseo_notices":[],"_links":{"self":[{"href":"https:\/\/www.claret.cat\/es\/wp-json\/wp\/v2\/product\/261107","targetHints":{"allow":["GET"]}}],"collection":[{"href":"https:\/\/www.claret.cat\/es\/wp-json\/wp\/v2\/product"}],"about":[{"href":"https:\/\/www.claret.cat\/es\/wp-json\/wp\/v2\/types\/product"}],"wp:featuredmedia":[{"embeddable":true,"href":"https:\/\/www.claret.cat\/es\/wp-json\/wp\/v2\/media\/276904"}],"wp:attachment":[{"href":"https:\/\/www.claret.cat\/es\/wp-json\/wp\/v2\/media?parent=261107"}],"wp:term":[{"taxonomy":"product_brand","embeddable":true,"href":"https:\/\/www.claret.cat\/es\/wp-json\/wp\/v2\/product_brand?post=261107"},{"taxonomy":"product_cat","embeddable":true,"href":"https:\/\/www.claret.cat\/es\/wp-json\/wp\/v2\/product_cat?post=261107"},{"taxonomy":"product_tag","embeddable":true,"href":"https:\/\/www.claret.cat\/es\/wp-json\/wp\/v2\/product_tag?post=261107"}],"curies":[{"name":"wp","href":"https:\/\/api.w.org\/{rel}","templated":true}]}}