{"id":261369,"date":"2022-10-21T13:54:33","date_gmt":"2022-10-21T11:54:33","guid":{"rendered":"http:\/\/dev.claret.cat\/producte\/la-fe-en-temps-de-crisi\/"},"modified":"2024-11-13T11:05:30","modified_gmt":"2024-11-13T10:05:30","slug":"la-fe-en-temps-de-crisi-9788498467925","status":"publish","type":"product","link":"https:\/\/www.claret.cat\/es\/libro\/la-fe-en-temps-de-crisi-9788498467925\/","title":{"rendered":"LA FE EN TEMPS DE CRISI"},"content":{"rendered":"<p>Els evangelis expliquen la hist\u00f2ria d\u2019un conflicte mortal: el conflicte de Jes\u00fas amb els dirigents oficials de la religi\u00f3. Els sacerdots del temple, i els qui pensaven com ells, no van poder suportar l\u2019Evangeli. Mentre aquest fet meravell\u00f3s va estar viu, l\u2019Esgl\u00e9sia va ser admirada i va cr\u00e9ixer. L\u2019Esgl\u00e9sia fou aix\u00ed esperan\u00e7a per als qui pateixen. Fins al dia que els \u00abhomes d\u2019Esgl\u00e9sia\u00bb van pensar que era millor fer el cristianisme una religi\u00f3: \u00abla religi\u00f3 que ha transm\u00e8s als romans el sant ap\u00f2stol Pere\u00bb (Codi Teodosi\u00e0, 16, 1, 2. Any 380). Aix\u00ed, la instituci\u00f3 eclesi\u00e0stica va subvertir el cristianisme, donant l\u2019esquena a la vida i al dest\u00ed de Jes\u00fas, tot i que l\u2019Evangeli es continu\u00ef llegint en totes les misses. De llavors en\u00e7\u00e0, l\u2019Evangeli resulta incomprensible. Hi ha qui pensa que ni explica la veritat, ni all\u00f2 que diu serveix per a la vida. No cal dir que no serveix per a la vida dels qui repassem amb m\u00e9s inter\u00e8s els n\u00fameros del compte corrent del blanc en el sentit que poden tenir ara mateix les paraules de Jes\u00fas.<\/p>\n","protected":false},"excerpt":{"rendered":"<p>CASTILLO, JOS\u00c9 M.<\/p>\n","protected":false},"featured_media":386518,"template":"","meta":{"_acf_changed":false,"om_disable_all_campaigns":false,"rs_blank_template":"","rs_page_bg_color":"","slide_template_v7":"","inline_featured_image":false,"_monsterinsights_skip_tracking":false,"_monsterinsights_sitenote_active":false,"_monsterinsights_sitenote_note":"","_monsterinsights_sitenote_category":0},"product_brand":[],"product_cat":[581,345,79],"product_tag":[],"class_list":{"0":"post-261369","1":"product","2":"type-product","3":"status-publish","4":"has-post-thumbnail","6":"product_cat-editorial-claret","7":"product_cat-espiritualidad","8":"product_cat-espiritualitat","10":"first","11":"instock","12":"taxable","13":"shipping-taxable","14":"purchasable","15":"product-type-simple"},"acf":{"autor":"CASTILLO, JOS\u00c9 M.","codart":"849846792","libros-coleccion":"Savieses","ediciones":"1","encuadernacion":"R\u00fastica","fecha_de_publicacion":"08\/11\/2013","novedad":"0","paginas":"88","subtitulo":"","orden":"999","portada":"0","idioma":"cat","editorial":[{"ID":6158,"post_author":"3","post_date":"2022-07-28 17:46:08","post_date_gmt":"2022-07-28 15:46:08","post_content":"","post_title":"CLARET","post_excerpt":"","post_status":"publish","comment_status":"closed","ping_status":"closed","post_password":"","post_name":"claret","to_ping":"","pinged":"","post_modified":"2022-07-28 17:46:08","post_modified_gmt":"2022-07-28 15:46:08","post_content_filtered":"","post_parent":0,"guid":"http:\/\/dev.claret.cat\/editorial\/claret\/","menu_order":0,"post_type":"editorial","post_mime_type":"","comment_count":"0","filter":"raw"}],"autores-libros":[{"ID":160383,"post_author":"3","post_date":"2022-10-14 15:52:37","post_date_gmt":"2022-10-14 13:52:37","post_content":"","post_title":"JOS\u00c9 M. CASTILLO","post_excerpt":"","post_status":"publish","comment_status":"closed","ping_status":"closed","post_password":"","post_name":"jose-m-castillo-2","to_ping":"","pinged":"","post_modified":"2022-10-14 15:52:37","post_modified_gmt":"2022-10-14 13:52:37","post_content_filtered":"","post_parent":0,"guid":"http:\/\/dev.claret.cat\/autor\/jose-m-castillo-2\/","menu_order":0,"post_type":"autor","post_mime_type":"","comment_count":"0","filter":"raw"}]},"aioseo_notices":[],"_links":{"self":[{"href":"https:\/\/www.claret.cat\/es\/wp-json\/wp\/v2\/product\/261369","targetHints":{"allow":["GET"]}}],"collection":[{"href":"https:\/\/www.claret.cat\/es\/wp-json\/wp\/v2\/product"}],"about":[{"href":"https:\/\/www.claret.cat\/es\/wp-json\/wp\/v2\/types\/product"}],"wp:featuredmedia":[{"embeddable":true,"href":"https:\/\/www.claret.cat\/es\/wp-json\/wp\/v2\/media\/386518"}],"wp:attachment":[{"href":"https:\/\/www.claret.cat\/es\/wp-json\/wp\/v2\/media?parent=261369"}],"wp:term":[{"taxonomy":"product_brand","embeddable":true,"href":"https:\/\/www.claret.cat\/es\/wp-json\/wp\/v2\/product_brand?post=261369"},{"taxonomy":"product_cat","embeddable":true,"href":"https:\/\/www.claret.cat\/es\/wp-json\/wp\/v2\/product_cat?post=261369"},{"taxonomy":"product_tag","embeddable":true,"href":"https:\/\/www.claret.cat\/es\/wp-json\/wp\/v2\/product_tag?post=261369"}],"curies":[{"name":"wp","href":"https:\/\/api.w.org\/{rel}","templated":true}]}}