{"id":261372,"date":"2022-10-21T13:54:37","date_gmt":"2022-10-21T11:54:37","guid":{"rendered":"http:\/\/dev.claret.cat\/producte\/la-fe-en-tiempos-de-crisis\/"},"modified":"2024-05-22T18:02:19","modified_gmt":"2024-05-22T16:02:19","slug":"la-fe-en-tiempos-de-crisis-9788498467871","status":"publish","type":"product","link":"https:\/\/www.claret.cat\/es\/libro\/la-fe-en-tiempos-de-crisis-9788498467871\/","title":{"rendered":"LA FE EN TIEMPOS DE CRISIS"},"content":{"rendered":"<p>Los evangelios cuentan la historia de un conflicto mortal: el conflicto de Jes\u00fas con los dirigentes oficiales de la religi\u00f3n. Los sacerdotes del templo, y quienes pensaban como ellos, no pudieron soportar el Evangelio. Mientras este hecho asombroso estuvo vivo, la Iglesia fue admirada y creci\u00f3. La Iglesia fue as\u00ed esperanza para los que sufren. Hasta el d\u00eda en que los \u00abhombres de Iglesia\u00bb pensaron que era mejor hacer del cristianismo una religi\u00f3n: \u00abla religi\u00f3n que el divino ap\u00f3stol Pedro ense\u00f1\u00f3 a los romanos\u00bb (C\u00f3digo de Teodosio [emperador], 16, 1, 2. A\u00f1o 380). As\u00ed, la instituci\u00f3n eclesi\u00e1stica subvirti\u00f3 el cristianismo, volviendo la espalda a la vida y al destino de Jes\u00fas, aunque el Evangelio se siga leyendo en todas las misas. Desde entonces, el Evangelio resulta incomprensible. Y hay quienes piensan que ni cuenta la verdad, ni lo que dice sirve para la vida. Por supuesto, no sirve para la vida que llevamos los que repasamos con m\u00e1s inter\u00e9s los n\u00fameros de la cuenta corriente del banco que el sentido que pueden tener ahora mismo las palabras de Jes\u00fas.<\/p>\n","protected":false},"excerpt":{"rendered":"<p>CASTILLO, JOS\u00c9 M.<\/p>\n","protected":false},"featured_media":386472,"template":"","meta":{"_acf_changed":false,"om_disable_all_campaigns":false,"rs_blank_template":"","rs_page_bg_color":"","slide_template_v7":"","inline_featured_image":false,"_monsterinsights_skip_tracking":false,"_monsterinsights_sitenote_active":false,"_monsterinsights_sitenote_note":"","_monsterinsights_sitenote_category":0},"product_brand":[],"product_cat":[93,543,581,345,79],"product_tag":[],"class_list":{"0":"post-261372","1":"product","2":"type-product","3":"status-publish","4":"has-post-thumbnail","6":"product_cat-eclesiologia","7":"product_cat-eclesiologia-es","8":"product_cat-editorial-claret","9":"product_cat-espiritualidad","10":"product_cat-espiritualitat","12":"first","13":"outofstock","14":"taxable","15":"shipping-taxable","16":"purchasable","17":"product-type-simple"},"acf":{"autor":"CASTILLO, JOS\u00c9 M.","codart":"849846787","libros-coleccion":"","ediciones":"1","encuadernacion":"R\u00fastica","fecha_de_publicacion":"08\/11\/2013","novedad":"0","paginas":"90","subtitulo":"","orden":"999","portada":"0","idioma":"spa","editorial":[{"ID":6158,"post_author":"3","post_date":"2022-07-28 17:46:08","post_date_gmt":"2022-07-28 15:46:08","post_content":"","post_title":"CLARET","post_excerpt":"","post_status":"publish","comment_status":"closed","ping_status":"closed","post_password":"","post_name":"claret","to_ping":"","pinged":"","post_modified":"2022-07-28 17:46:08","post_modified_gmt":"2022-07-28 15:46:08","post_content_filtered":"","post_parent":0,"guid":"http:\/\/dev.claret.cat\/editorial\/claret\/","menu_order":0,"post_type":"editorial","post_mime_type":"","comment_count":"0","filter":"raw"}],"autores-libros":[{"ID":160383,"post_author":"3","post_date":"2022-10-14 15:52:37","post_date_gmt":"2022-10-14 13:52:37","post_content":"","post_title":"JOS\u00c9 M. CASTILLO","post_excerpt":"","post_status":"publish","comment_status":"closed","ping_status":"closed","post_password":"","post_name":"jose-m-castillo-2","to_ping":"","pinged":"","post_modified":"2022-10-14 15:52:37","post_modified_gmt":"2022-10-14 13:52:37","post_content_filtered":"","post_parent":0,"guid":"http:\/\/dev.claret.cat\/autor\/jose-m-castillo-2\/","menu_order":0,"post_type":"autor","post_mime_type":"","comment_count":"0","filter":"raw"}]},"aioseo_notices":[],"_links":{"self":[{"href":"https:\/\/www.claret.cat\/es\/wp-json\/wp\/v2\/product\/261372","targetHints":{"allow":["GET"]}}],"collection":[{"href":"https:\/\/www.claret.cat\/es\/wp-json\/wp\/v2\/product"}],"about":[{"href":"https:\/\/www.claret.cat\/es\/wp-json\/wp\/v2\/types\/product"}],"wp:featuredmedia":[{"embeddable":true,"href":"https:\/\/www.claret.cat\/es\/wp-json\/wp\/v2\/media\/386472"}],"wp:attachment":[{"href":"https:\/\/www.claret.cat\/es\/wp-json\/wp\/v2\/media?parent=261372"}],"wp:term":[{"taxonomy":"product_brand","embeddable":true,"href":"https:\/\/www.claret.cat\/es\/wp-json\/wp\/v2\/product_brand?post=261372"},{"taxonomy":"product_cat","embeddable":true,"href":"https:\/\/www.claret.cat\/es\/wp-json\/wp\/v2\/product_cat?post=261372"},{"taxonomy":"product_tag","embeddable":true,"href":"https:\/\/www.claret.cat\/es\/wp-json\/wp\/v2\/product_tag?post=261372"}],"curies":[{"name":"wp","href":"https:\/\/api.w.org\/{rel}","templated":true}]}}