{"id":261476,"date":"2022-10-21T13:57:19","date_gmt":"2022-10-21T11:57:19","guid":{"rendered":"http:\/\/dev.claret.cat\/producte\/entre-el-cielo-y-la-tierra\/"},"modified":"2026-04-20T13:50:06","modified_gmt":"2026-04-20T11:50:06","slug":"entre-el-cielo-y-la-tierra-9788408119272","status":"publish","type":"product","link":"https:\/\/www.claret.cat\/es\/libro\/entre-el-cielo-y-la-tierra-9788408119272\/","title":{"rendered":"ENTRE EL CIELO Y LA TIERRA"},"content":{"rendered":"<p>El purgatorio es un lugar infinitamente desconocido; es pr\u00e1cticamente imposible encontrarse por la vida un santo como los muchos que presenta la autora en esta obra.El objetivo que se marca Mar\u00eda Vallejo-N\u00e1gera con este libro no es despertar curiosidades insanas y mucho menos convencer al lector esc\u00e9ptico o de diferente religi\u00f3n a la cat\u00f3lica de la existencia del mismo. Lo \u00fanico que pretende es ayudar a comprender mejor lo que se sabe o se afirma sobre este tema desde el punto de vista cat\u00f3lico, que es profundo y est\u00e1 muy trillado por la Iglesia desde sus comienzos all\u00e1 por el siglo I.Hay muchas personas que aun siendo o consider\u00e1ndose cat\u00f3licas viven muy alejadas de practicar la fe. Quiz\u00e1 la raz\u00f3n haya que buscarla en la dificultad que pueden encontrar a la hora de intentar entender los misterios de Dios. Se trata de una ardua tarea que puede desesperar al investigador por no existir pruebas contundentes sobre la existencia del purgatorio, y al que con este libro se intenta dar respuesta.<\/p>\n","protected":false},"excerpt":{"rendered":"<p>VALLEJO-N\u00c1GERA, MAR\u00cdA<\/p>\n","protected":false},"featured_media":1095900,"template":"","meta":{"_acf_changed":false,"om_disable_all_campaigns":false,"rs_blank_template":"","rs_page_bg_color":"","slide_template_v7":"","inline_featured_image":false,"_monsterinsights_skip_tracking":false,"_monsterinsights_sitenote_active":false,"_monsterinsights_sitenote_note":"","_monsterinsights_sitenote_category":0},"product_brand":[],"product_cat":[281,416,345,79],"product_tag":[],"class_list":{"0":"post-261476","1":"product","2":"type-product","3":"status-publish","4":"has-post-thumbnail","6":"product_cat-escatologia","7":"product_cat-escatologia-teologia-1_espiritualidad","8":"product_cat-espiritualidad","9":"product_cat-espiritualitat","11":"first","12":"instock","13":"taxable","14":"shipping-taxable","15":"purchasable","16":"product-type-simple"},"acf":{"autor":"VALLEJO-N\u00c1GERA, MAR\u00cdA","codart":"840811927","libros-coleccion":"","ediciones":"1","encuadernacion":"R\u00fastica","fecha_de_publicacion":"01\/11\/2013","novedad":"0","paginas":"336","subtitulo":"HISTORIAS CURIOSAS SOBRE EL PURGATORIO","orden":"999","portada":"0","idioma":"spa","editorial":[{"ID":6149,"post_author":"3","post_date":"2022-07-28 17:45:56","post_date_gmt":"2022-07-28 15:45:56","post_content":"","post_title":"BOOKET","post_excerpt":"","post_status":"publish","comment_status":"closed","ping_status":"closed","post_password":"","post_name":"booket","to_ping":"","pinged":"","post_modified":"2022-07-28 17:45:56","post_modified_gmt":"2022-07-28 15:45:56","post_content_filtered":"","post_parent":0,"guid":"http:\/\/dev.claret.cat\/editorial\/booket\/","menu_order":0,"post_type":"editorial","post_mime_type":"","comment_count":"0","filter":"raw"}],"autores-libros":[{"ID":163798,"post_author":"3","post_date":"2022-10-14 17:41:57","post_date_gmt":"2022-10-14 15:41:57","post_content":"","post_title":"MAR\u00cdA VALLEJO-N\u00c1GERA","post_excerpt":"","post_status":"publish","comment_status":"closed","ping_status":"closed","post_password":"","post_name":"maria-vallejo-nagera","to_ping":"","pinged":"","post_modified":"2022-10-14 17:41:57","post_modified_gmt":"2022-10-14 15:41:57","post_content_filtered":"","post_parent":0,"guid":"http:\/\/dev.claret.cat\/autor\/maria-vallejo-nagera\/","menu_order":0,"post_type":"autor","post_mime_type":"","comment_count":"0","filter":"raw"}],"booktrailer":"","resenas":""},"aioseo_notices":[],"_links":{"self":[{"href":"https:\/\/www.claret.cat\/es\/wp-json\/wp\/v2\/product\/261476","targetHints":{"allow":["GET"]}}],"collection":[{"href":"https:\/\/www.claret.cat\/es\/wp-json\/wp\/v2\/product"}],"about":[{"href":"https:\/\/www.claret.cat\/es\/wp-json\/wp\/v2\/types\/product"}],"wp:featuredmedia":[{"embeddable":true,"href":"https:\/\/www.claret.cat\/es\/wp-json\/wp\/v2\/media\/1095900"}],"wp:attachment":[{"href":"https:\/\/www.claret.cat\/es\/wp-json\/wp\/v2\/media?parent=261476"}],"wp:term":[{"taxonomy":"product_brand","embeddable":true,"href":"https:\/\/www.claret.cat\/es\/wp-json\/wp\/v2\/product_brand?post=261476"},{"taxonomy":"product_cat","embeddable":true,"href":"https:\/\/www.claret.cat\/es\/wp-json\/wp\/v2\/product_cat?post=261476"},{"taxonomy":"product_tag","embeddable":true,"href":"https:\/\/www.claret.cat\/es\/wp-json\/wp\/v2\/product_tag?post=261476"}],"curies":[{"name":"wp","href":"https:\/\/api.w.org\/{rel}","templated":true}]}}