{"id":26148,"date":"2022-10-02T10:40:15","date_gmt":"2022-10-02T08:40:15","guid":{"rendered":"http:\/\/dev.claret.cat\/producte\/farandula\/"},"modified":"2023-01-28T12:03:38","modified_gmt":"2023-01-28T11:03:38","slug":"farandula-9788433998002","status":"publish","type":"product","link":"https:\/\/www.claret.cat\/es\/libro\/farandula-9788433998002\/","title":{"rendered":"FAR\u00c1NDULA"},"content":{"rendered":"<p>Valeria Falc\u00f3n es una actriz de cierta notoriedad que cada jueves visita a una vieja gloria del teatro, Ana Urrutia. La Urrutia padece el s\u00edndrome de Di\u00f3genes y no tiene d\u00f3nde caerse muerta. Su ocaso se solapa con la eclosi\u00f3n de un capullo en flor, Natalia de Miguel, una joven aspirante que enamora al c\u00ednico Lorenzo Lucas, \u00e1lter ego de Addison DeWitt. Nadie tendr\u00e1 derecho a destrozar la felicidad de Natalia de Miguel, una chica muy delgada que en pantalla da gordita. Por su parte, el ganador de la copa Volpi, Daniel Valls, confronta su \u00e9xito, su dinero y su glamour con la posibilidad de su compromiso pol\u00edtico. A menudo llega a una conclusi\u00f3n: \u00abSoy un d\u00e9bil mental.\u00bb Charlotte Saint-Clair, su esposa, lo cuida como una geisha y odia a Valeria, gran amiga de Daniel. Un ictus, el montaje teatral de Eva al desnudo y la firma de un manifiesto descubrir\u00e1n al lector: Una historia sobre el miedo a perder un sitio. El sitio. Sobre la resistencia a la metamorfosis y la conveniencia ?o no? de la metamorfosis. Sobre qu\u00e9 significa hoy ser reaccionario. Sobre los cambios de lenguaje que reflejan cambios en el mundo. Y sobre los cambios de lenguaje que no reflejan nada. Sobre las pompas de jab\u00f3n, el desprestigio de la cultura y la posibilidad del arte de intervenir en la realidad. Sobre la devaluaci\u00f3n de la imagen p\u00fablica del artista. Y su precariedad. Sobre la contradicci\u00f3n entre glamour y compromiso. Sobre el p\u00fablico. Sobre el relevo generacional y el envejecimiento. Sobre la escritura como acto de mezquindad. Sobre los actores ricos que firman manifiestos y los actores pobres que no firman nada porque nadie los tiene en cuenta. Sobre la paradoja de que s\u00f3lo cuando alguien es an\u00f3nimo empieza a servir para algo en su comunidad. Sobre la caridad como mal y las galas de beneficencia como bucle reproductor de la injusticia. Sobre la predicaci\u00f3n con el ejemplo. Sobre si se puede luchar contra el sistema desde el sistema. Sobre Angelina Jolie. Sobre la mise en abyme del teatro y el cine dentro del cine. Sobre la diferencia que existe entre decir \u00abEs gente\u00bb o \u00abSomos gente\u00bb. Sobre el plural, el singular y la utilidad de la escritura. Marta Sanz no se parece a ning\u00fan otro escritor de este pa\u00eds. Utiliza la risa como herramienta de diagn\u00f3stico. Un texto borde, divertido, triste, puntiagudo, urgente. Es far\u00e1ndula.<\/p>\n","protected":false},"excerpt":{"rendered":"<p>SANZ, MARTA<\/p>\n","protected":false},"featured_media":76520,"template":"","meta":{"_acf_changed":false,"om_disable_all_campaigns":false,"rs_blank_template":"","rs_page_bg_color":"","slide_template_v7":"","inline_featured_image":false,"_monsterinsights_skip_tracking":false,"_monsterinsights_sitenote_active":false,"_monsterinsights_sitenote_note":"","_monsterinsights_sitenote_category":0},"product_brand":[],"product_cat":[127],"product_tag":[],"class_list":{"0":"post-26148","1":"product","2":"type-product","3":"status-publish","4":"has-post-thumbnail","6":"product_cat-novella-contemporania","8":"first","9":"instock","10":"taxable","11":"shipping-taxable","12":"purchasable","13":"product-type-simple"},"acf":{"autor":"SANZ, MARTA","codart":"843399800","libros-coleccion":"","ediciones":"1","encuadernacion":"R\u00fastica","fecha_de_publicacion":"01\/11\/2015","novedad":"0","paginas":"231","subtitulo":"PREMIO HERRALDE DE NOVELA","orden":"999","portada":"0","idioma":"spa","editorial":[{"ID":147428,"post_author":"3","post_date":"2022-10-14 11:50:30","post_date_gmt":"2022-10-14 09:50:30","post_content":"","post_title":"ANAGRAMA","post_excerpt":"","post_status":"publish","comment_status":"closed","ping_status":"closed","post_password":"","post_name":"anagrama","to_ping":"","pinged":"","post_modified":"2022-10-14 11:50:30","post_modified_gmt":"2022-10-14 09:50:30","post_content_filtered":"","post_parent":0,"guid":"http:\/\/dev.claret.cat\/editorial\/anagrama\/","menu_order":0,"post_type":"editorial","post_mime_type":"","comment_count":"0","filter":"raw"}],"autores-libros":[{"ID":164220,"post_author":"3","post_date":"2022-10-14 17:45:20","post_date_gmt":"2022-10-14 15:45:20","post_content":"","post_title":"MARTA SANZ","post_excerpt":"","post_status":"publish","comment_status":"closed","ping_status":"closed","post_password":"","post_name":"marta-sanz","to_ping":"","pinged":"","post_modified":"2022-10-14 17:45:20","post_modified_gmt":"2022-10-14 15:45:20","post_content_filtered":"","post_parent":0,"guid":"http:\/\/dev.claret.cat\/autor\/marta-sanz\/","menu_order":0,"post_type":"autor","post_mime_type":"","comment_count":"0","filter":"raw"}]},"aioseo_notices":[],"_links":{"self":[{"href":"https:\/\/www.claret.cat\/es\/wp-json\/wp\/v2\/product\/26148","targetHints":{"allow":["GET"]}}],"collection":[{"href":"https:\/\/www.claret.cat\/es\/wp-json\/wp\/v2\/product"}],"about":[{"href":"https:\/\/www.claret.cat\/es\/wp-json\/wp\/v2\/types\/product"}],"wp:featuredmedia":[{"embeddable":true,"href":"https:\/\/www.claret.cat\/es\/wp-json\/wp\/v2\/media\/76520"}],"wp:attachment":[{"href":"https:\/\/www.claret.cat\/es\/wp-json\/wp\/v2\/media?parent=26148"}],"wp:term":[{"taxonomy":"product_brand","embeddable":true,"href":"https:\/\/www.claret.cat\/es\/wp-json\/wp\/v2\/product_brand?post=26148"},{"taxonomy":"product_cat","embeddable":true,"href":"https:\/\/www.claret.cat\/es\/wp-json\/wp\/v2\/product_cat?post=26148"},{"taxonomy":"product_tag","embeddable":true,"href":"https:\/\/www.claret.cat\/es\/wp-json\/wp\/v2\/product_tag?post=26148"}],"curies":[{"name":"wp","href":"https:\/\/api.w.org\/{rel}","templated":true}]}}