{"id":261562,"date":"2022-10-24T10:45:33","date_gmt":"2022-10-24T08:45:33","guid":{"rendered":"http:\/\/dev.claret.cat\/producte\/hola-familia-2\/"},"modified":"2023-12-23T13:20:06","modified_gmt":"2023-12-23T12:20:06","slug":"hola-familia-9788419271457","status":"publish","type":"product","link":"https:\/\/www.claret.cat\/es\/libro\/hola-familia-9788419271457\/","title":{"rendered":"\u00a1HOLA, FAMILIA!"},"content":{"rendered":"<p>En este precioso libro para mam\u00e1s y pap\u00e1s que acaban de tener un beb\u00e9, el autor nos presenta escenas cotidianas en las que se traduce el lenguaje de los reci\u00e9n nacidos, lo que les pasa y por qu\u00e9. El Dr. \u00c1lvaro Bilbao, autor superventas, acompa\u00f1ado por las delicadas ilustraciones de Susana Soto, nos descubre las claves para entender a nuestro hijo desde su nacimiento.<\/p>\n","protected":false},"excerpt":{"rendered":"<p>BILBAO, \u00c1LVARO<\/p>\n","protected":false},"featured_media":261563,"template":"","meta":{"_acf_changed":false,"om_disable_all_campaigns":false,"rs_blank_template":"","rs_page_bg_color":"","slide_template_v7":"","inline_featured_image":false,"_monsterinsights_skip_tracking":false,"_monsterinsights_sitenote_active":false,"_monsterinsights_sitenote_note":"","_monsterinsights_sitenote_category":0},"product_brand":[],"product_cat":[191,454],"product_tag":[],"class_list":{"0":"post-261562","1":"product","2":"type-product","3":"status-publish","4":"has-post-thumbnail","6":"product_cat-educacio-en-valors-pedagogia-2_humanitats","7":"product_cat-educacion-en-valores","9":"first","10":"instock","11":"taxable","12":"shipping-taxable","13":"purchasable","14":"product-type-simple"},"acf":{"autor":"BILBAO, \u00c1LVARO","codart":"841927145","libros-coleccion":"","ediciones":"1","encuadernacion":"Carton\u00e9","fecha_de_publicacion":"01\/10\/2022","novedad":"1","paginas":"136","subtitulo":"EL PRIMER DICCIONARIO BEB\u00c9-MAM\u00c1, BEB\u00c9-PAP\u00c1","orden":"0","portada":"0","idioma":"spa","editorial":[{"ID":6331,"post_author":"3","post_date":"2022-07-28 17:49:53","post_date_gmt":"2022-07-28 15:49:53","post_content":"","post_title":"PLATAFORMA EDITORIAL","post_excerpt":"","post_status":"publish","comment_status":"closed","ping_status":"closed","post_password":"","post_name":"plataforma-editorial","to_ping":"","pinged":"","post_modified":"2022-07-28 17:49:53","post_modified_gmt":"2022-07-28 15:49:53","post_content_filtered":"","post_parent":0,"guid":"http:\/\/dev.claret.cat\/editorial\/plataforma-editorial\/","menu_order":0,"post_type":"editorial","post_mime_type":"","comment_count":"0","filter":"raw"}],"autores-libros":[{"ID":263198,"post_author":"3","post_date":"2022-12-01 11:12:33","post_date_gmt":"2022-12-01 10:12:33","post_content":"","post_title":"\u00c1LVARO BILBAO","post_excerpt":"","post_status":"publish","comment_status":"closed","ping_status":"closed","post_password":"","post_name":"alvaro-bilbao","to_ping":"","pinged":"","post_modified":"2022-12-01 11:12:33","post_modified_gmt":"2022-12-01 10:12:33","post_content_filtered":"","post_parent":0,"guid":"http:\/\/dev.claret.cat\/autor\/alvaro-bilbao\/","menu_order":0,"post_type":"autor","post_mime_type":"","comment_count":"0","filter":"raw"}]},"aioseo_notices":[],"_links":{"self":[{"href":"https:\/\/www.claret.cat\/es\/wp-json\/wp\/v2\/product\/261562","targetHints":{"allow":["GET"]}}],"collection":[{"href":"https:\/\/www.claret.cat\/es\/wp-json\/wp\/v2\/product"}],"about":[{"href":"https:\/\/www.claret.cat\/es\/wp-json\/wp\/v2\/types\/product"}],"wp:featuredmedia":[{"embeddable":true,"href":"https:\/\/www.claret.cat\/es\/wp-json\/wp\/v2\/media\/261563"}],"wp:attachment":[{"href":"https:\/\/www.claret.cat\/es\/wp-json\/wp\/v2\/media?parent=261562"}],"wp:term":[{"taxonomy":"product_brand","embeddable":true,"href":"https:\/\/www.claret.cat\/es\/wp-json\/wp\/v2\/product_brand?post=261562"},{"taxonomy":"product_cat","embeddable":true,"href":"https:\/\/www.claret.cat\/es\/wp-json\/wp\/v2\/product_cat?post=261562"},{"taxonomy":"product_tag","embeddable":true,"href":"https:\/\/www.claret.cat\/es\/wp-json\/wp\/v2\/product_tag?post=261562"}],"curies":[{"name":"wp","href":"https:\/\/api.w.org\/{rel}","templated":true}]}}