{"id":261574,"date":"2022-10-24T10:45:48","date_gmt":"2022-10-24T08:45:48","guid":{"rendered":"http:\/\/dev.claret.cat\/producte\/lestrany\/"},"modified":"2024-01-31T20:32:10","modified_gmt":"2024-01-31T19:32:10","slug":"lestrany-9788475889610","status":"publish","type":"product","link":"https:\/\/www.claret.cat\/es\/libro\/lestrany-9788475889610\/","title":{"rendered":"L&#8217;ESTRANY"},"content":{"rendered":"<p> 80 aniversari de la publicaci\u00f3 de L&#8217;estrany<br \/> Meursault \u00e9s l&#8217;home indiferent, que viu al marge de la vida, deixant-se portar. La rutina es perpetua maquinalment de dilluns a dissabte. Fins que torna a ser diumenge&#8230; i aleshores potser et demanen per casar-te i no saps si vols, o b\u00e9 et trobes una pistola a les mans, el sol t&#8217;encega i el gallet cedeix suaument. \u00bfS&#8217;ha d&#8217;arribar a una situaci\u00f3 l\u00edmit perqu\u00e8 un s&#8217;adoni que \u00e9s viu i recuperi l&#8217;esperan\u00e7a de sobreviure? Qu\u00e8 \u00e9s pot ser sin\u00f3 indiferent davant la consci\u00e8ncia de la mort ineludible?<br \/> A L&#8217;estrany, publicat el 1942, Albert Camus ja planteja les preguntes que s\u00f3n el leit motiv de la seva obra novel\u00b7l\u00edstica i assag\u00edstica, per la qual va ser guardonat amb el premi Nobel el 1957.\u00a0 Amb el temps, a m\u00e9s, aquesta novel\u00b7la, de la qual s&#8217;han venut m\u00e9s de nou milions d&#8217;exemplars nom\u00e9s a Fran\u00e7a, ha esdevingut la seva obra m\u00e9s coneguda i llegida. En aquesta nova edici\u00f3 a la col\u00b7lecci\u00f3 A Tot Vent, en el vuitant\u00e8 aniversari de la primera aparici\u00f3 de L&#8217;estrany, a m\u00e9s d&#8217;incloure-hi un pr\u00f2leg d&#8217;Enric S\u00f2ria escrit per a l&#8217;ocasi\u00f3, s&#8217;ha revisat el text i tamb\u00e9 s&#8217;ha recuperat el pr\u00f2leg de Joan Fuster que acompanyava la seva traducci\u00f3 en la primera edici\u00f3 catalana de l&#8217;any 1967.<\/p>\n","protected":false},"excerpt":{"rendered":"<p>CAMUS, ALBERT<\/p>\n","protected":false},"featured_media":261575,"template":"","meta":{"_acf_changed":false,"om_disable_all_campaigns":false,"rs_blank_template":"","rs_page_bg_color":"","slide_template_v7":"","inline_featured_image":false,"_monsterinsights_skip_tracking":false,"_monsterinsights_sitenote_active":false,"_monsterinsights_sitenote_note":"","_monsterinsights_sitenote_category":0},"product_brand":[],"product_cat":[131,361],"product_tag":[],"class_list":{"0":"post-261574","1":"product","2":"type-product","3":"status-publish","4":"has-post-thumbnail","6":"product_cat-contes-per-infants-0-6-anys","7":"product_cat-cuentos-para-ninos-0-6-anos","9":"first","10":"instock","11":"taxable","12":"shipping-taxable","13":"purchasable","14":"product-type-simple"},"acf":{"autor":"CAMUS, ALBERT","codart":"847588961","libros-coleccion":"A TOT VENT","ediciones":"1","encuadernacion":"R\u00fastica","fecha_de_publicacion":"01\/10\/2022","novedad":"1","paginas":"159","subtitulo":"","orden":"0","portada":"0","idioma":"cat","editorial":[{"ID":6336,"post_author":"3","post_date":"2022-07-28 17:50:00","post_date_gmt":"2022-07-28 15:50:00","post_content":"","post_title":"Proa","post_excerpt":"","post_status":"publish","comment_status":"closed","ping_status":"closed","post_password":"","post_name":"proa","to_ping":"","pinged":"","post_modified":"2022-07-28 17:50:00","post_modified_gmt":"2022-07-28 15:50:00","post_content_filtered":"","post_parent":0,"guid":"http:\/\/dev.claret.cat\/editorial\/proa\/","menu_order":0,"post_type":"editorial","post_mime_type":"","comment_count":"0","filter":"raw"}],"autores-libros":[{"ID":149405,"post_author":"3","post_date":"2022-10-14 14:24:35","post_date_gmt":"2022-10-14 12:24:35","post_content":"","post_title":"ALBERT CAMUS","post_excerpt":"","post_status":"publish","comment_status":"closed","ping_status":"closed","post_password":"","post_name":"albert-camus","to_ping":"","pinged":"","post_modified":"2022-10-14 14:24:35","post_modified_gmt":"2022-10-14 12:24:35","post_content_filtered":"","post_parent":0,"guid":"http:\/\/dev.claret.cat\/autor\/albert-camus\/","menu_order":0,"post_type":"autor","post_mime_type":"","comment_count":"0","filter":"raw"}]},"aioseo_notices":[],"_links":{"self":[{"href":"https:\/\/www.claret.cat\/es\/wp-json\/wp\/v2\/product\/261574","targetHints":{"allow":["GET"]}}],"collection":[{"href":"https:\/\/www.claret.cat\/es\/wp-json\/wp\/v2\/product"}],"about":[{"href":"https:\/\/www.claret.cat\/es\/wp-json\/wp\/v2\/types\/product"}],"wp:featuredmedia":[{"embeddable":true,"href":"https:\/\/www.claret.cat\/es\/wp-json\/wp\/v2\/media\/261575"}],"wp:attachment":[{"href":"https:\/\/www.claret.cat\/es\/wp-json\/wp\/v2\/media?parent=261574"}],"wp:term":[{"taxonomy":"product_brand","embeddable":true,"href":"https:\/\/www.claret.cat\/es\/wp-json\/wp\/v2\/product_brand?post=261574"},{"taxonomy":"product_cat","embeddable":true,"href":"https:\/\/www.claret.cat\/es\/wp-json\/wp\/v2\/product_cat?post=261574"},{"taxonomy":"product_tag","embeddable":true,"href":"https:\/\/www.claret.cat\/es\/wp-json\/wp\/v2\/product_tag?post=261574"}],"curies":[{"name":"wp","href":"https:\/\/api.w.org\/{rel}","templated":true}]}}