{"id":261688,"date":"2022-10-24T10:48:22","date_gmt":"2022-10-24T08:48:22","guid":{"rendered":"http:\/\/dev.claret.cat\/producte\/la-vida-de-los-inuit\/"},"modified":"2023-10-06T08:21:20","modified_gmt":"2023-10-06T06:21:20","slug":"la-vida-de-los-inuit-9788482895918","status":"publish","type":"product","link":"https:\/\/www.claret.cat\/es\/libro\/la-vida-de-los-inuit-9788482895918\/","title":{"rendered":"LA VIDA DE LOS INUIT"},"content":{"rendered":"<p>\u00bfQui\u00e9nes son los inuit? \u00bfC\u00f3mo se proteg\u00edan del fr\u00edo extremo? \u00bfD\u00f3nde y c\u00f3mo viv\u00edan? \u00bfC\u00f3mo era su cultura, sus tradiciones y creencias? \u00bfC\u00f3mo se han adaptado a los grandes cambios de la historia? A trav\u00e9s de las p\u00e1ginas se invita al lector a hacer un recorrido por la cultura inuit desde sus or\u00edgenes hasta la actualidad para conocer sus tradiciones, descubrir muchas curiosidades y entender su evoluci\u00f3n, en una de las zonas m\u00e1s fr\u00edas del planeta Tierra<\/p>\n","protected":false},"excerpt":{"rendered":"<p>PEIX, SUSANA\/ BAILON, FRANCESC<\/p>\n","protected":false},"featured_media":454049,"template":"","meta":{"_acf_changed":false,"om_disable_all_campaigns":false,"rs_blank_template":"","rs_page_bg_color":"","slide_template_v7":"","inline_featured_image":false,"_monsterinsights_skip_tracking":false,"_monsterinsights_sitenote_active":false,"_monsterinsights_sitenote_note":"","_monsterinsights_sitenote_category":0},"product_brand":[],"product_cat":[361,362],"product_tag":[],"class_list":{"0":"post-261688","1":"product","2":"type-product","3":"status-publish","4":"has-post-thumbnail","6":"product_cat-cuentos-para-ninos-0-6-anos","7":"product_cat-libros-preadolescentes-6-12-anos","9":"first","10":"instock","11":"taxable","12":"shipping-taxable","13":"purchasable","14":"product-type-simple"},"acf":{"autor":"PEIX, SUSANA\/ BAILON, FRANCESC","codart":"848289591","libros-coleccion":"SIN COLECCI\u00d3N","ediciones":"1","encuadernacion":"Carpeta","fecha_de_publicacion":"01\/09\/2022","novedad":"1","paginas":"45","subtitulo":"","orden":"0","portada":"0","idioma":"spa","editorial":[{"ID":147686,"post_author":"3","post_date":"2022-10-14 11:52:28","post_date_gmt":"2022-10-14 09:52:28","post_content":"","post_title":"CUMIO","post_excerpt":"","post_status":"publish","comment_status":"closed","ping_status":"closed","post_password":"","post_name":"cumio","to_ping":"","pinged":"","post_modified":"2022-10-14 11:52:28","post_modified_gmt":"2022-10-14 09:52:28","post_content_filtered":"","post_parent":0,"guid":"http:\/\/dev.claret.cat\/editorial\/cumio\/","menu_order":0,"post_type":"editorial","post_mime_type":"","comment_count":"0","filter":"raw"}],"autores-libros":[{"ID":169952,"post_author":"3","post_date":"2022-10-14 22:31:20","post_date_gmt":"2022-10-14 20:31:20","post_content":"","post_title":"SUSANA PEIX","post_excerpt":"","post_status":"publish","comment_status":"closed","ping_status":"closed","post_password":"","post_name":"susana-peix","to_ping":"","pinged":"","post_modified":"2022-10-14 22:31:20","post_modified_gmt":"2022-10-14 20:31:20","post_content_filtered":"","post_parent":0,"guid":"http:\/\/dev.claret.cat\/autor\/susana-peix\/","menu_order":0,"post_type":"autor","post_mime_type":"","comment_count":"0","filter":"raw"},{"ID":263488,"post_author":"3","post_date":"2022-12-01 11:17:52","post_date_gmt":"2022-12-01 10:17:52","post_content":"","post_title":"FRANCESC BAILON","post_excerpt":"","post_status":"publish","comment_status":"closed","ping_status":"closed","post_password":"","post_name":"francesc-bailon","to_ping":"","pinged":"","post_modified":"2022-12-01 11:17:52","post_modified_gmt":"2022-12-01 10:17:52","post_content_filtered":"","post_parent":0,"guid":"http:\/\/dev.claret.cat\/autor\/francesc-bailon\/","menu_order":0,"post_type":"autor","post_mime_type":"","comment_count":"0","filter":"raw"}]},"aioseo_notices":[],"_links":{"self":[{"href":"https:\/\/www.claret.cat\/es\/wp-json\/wp\/v2\/product\/261688","targetHints":{"allow":["GET"]}}],"collection":[{"href":"https:\/\/www.claret.cat\/es\/wp-json\/wp\/v2\/product"}],"about":[{"href":"https:\/\/www.claret.cat\/es\/wp-json\/wp\/v2\/types\/product"}],"wp:featuredmedia":[{"embeddable":true,"href":"https:\/\/www.claret.cat\/es\/wp-json\/wp\/v2\/media\/454049"}],"wp:attachment":[{"href":"https:\/\/www.claret.cat\/es\/wp-json\/wp\/v2\/media?parent=261688"}],"wp:term":[{"taxonomy":"product_brand","embeddable":true,"href":"https:\/\/www.claret.cat\/es\/wp-json\/wp\/v2\/product_brand?post=261688"},{"taxonomy":"product_cat","embeddable":true,"href":"https:\/\/www.claret.cat\/es\/wp-json\/wp\/v2\/product_cat?post=261688"},{"taxonomy":"product_tag","embeddable":true,"href":"https:\/\/www.claret.cat\/es\/wp-json\/wp\/v2\/product_tag?post=261688"}],"curies":[{"name":"wp","href":"https:\/\/api.w.org\/{rel}","templated":true}]}}