{"id":261691,"date":"2022-10-24T10:48:26","date_gmt":"2022-10-24T08:48:26","guid":{"rendered":"http:\/\/dev.claret.cat\/producte\/la-vida-dels-inuit\/"},"modified":"2023-10-06T08:21:23","modified_gmt":"2023-10-06T06:21:23","slug":"la-vida-dels-inuit-9788482895932","status":"publish","type":"product","link":"https:\/\/www.claret.cat\/es\/libro\/la-vida-dels-inuit-9788482895932\/","title":{"rendered":"LA VIDA DELS INUIT"},"content":{"rendered":"<p>La vida dels inuit. Qui s\u00f3n els inuit? Com es protegien del fred extrem? On i com vivien? Com era la seva cultura, tradicions i creences? Com s&#8221;han adaptat als canvis de la hist\u00f2ria? A trav\u00e9s de les pgines es convida el lector a fer un recorregut per la cultura inuit des dels seus or\u00edgens fins a l&#8221;actualitat, per con\u00e8ixer les seves tradicions, descobrir moltes curiositats i entendre&#8221;n l&#8221;evoluci\u00f3, en una de les zones m\u00e9s fredes del planeta Terra.<\/p>\n","protected":false},"excerpt":{"rendered":"<p>PEIX, SUSANA\/ BAIL\u00d3N, FRANCESC<\/p>\n","protected":false},"featured_media":389246,"template":"","meta":{"_acf_changed":false,"om_disable_all_campaigns":false,"rs_blank_template":"","rs_page_bg_color":"","slide_template_v7":"","inline_featured_image":false,"_monsterinsights_skip_tracking":false,"_monsterinsights_sitenote_active":false,"_monsterinsights_sitenote_note":"","_monsterinsights_sitenote_category":0},"product_brand":[],"product_cat":[131],"product_tag":[],"class_list":{"0":"post-261691","1":"product","2":"type-product","3":"status-publish","4":"has-post-thumbnail","6":"product_cat-contes-per-infants-0-6-anys","8":"first","9":"instock","10":"taxable","11":"shipping-taxable","12":"purchasable","13":"product-type-simple"},"acf":{"autor":"PEIX, SUSANA\/ BAIL\u00d3N, FRANCESC","codart":"848289593","libros-coleccion":"","ediciones":"1","encuadernacion":"Carton\u00e9","fecha_de_publicacion":"01\/09\/2022","novedad":"1","paginas":"45","subtitulo":"","orden":"0","portada":"0","idioma":"cat","editorial":[{"ID":147686,"post_author":"3","post_date":"2022-10-14 11:52:28","post_date_gmt":"2022-10-14 09:52:28","post_content":"","post_title":"CUMIO","post_excerpt":"","post_status":"publish","comment_status":"closed","ping_status":"closed","post_password":"","post_name":"cumio","to_ping":"","pinged":"","post_modified":"2022-10-14 11:52:28","post_modified_gmt":"2022-10-14 09:52:28","post_content_filtered":"","post_parent":0,"guid":"http:\/\/dev.claret.cat\/editorial\/cumio\/","menu_order":0,"post_type":"editorial","post_mime_type":"","comment_count":"0","filter":"raw"}],"autores-libros":[{"ID":169952,"post_author":"3","post_date":"2022-10-14 22:31:20","post_date_gmt":"2022-10-14 20:31:20","post_content":"","post_title":"SUSANA PEIX","post_excerpt":"","post_status":"publish","comment_status":"closed","ping_status":"closed","post_password":"","post_name":"susana-peix","to_ping":"","pinged":"","post_modified":"2022-10-14 22:31:20","post_modified_gmt":"2022-10-14 20:31:20","post_content_filtered":"","post_parent":0,"guid":"http:\/\/dev.claret.cat\/autor\/susana-peix\/","menu_order":0,"post_type":"autor","post_mime_type":"","comment_count":"0","filter":"raw"},{"ID":263488,"post_author":"3","post_date":"2022-12-01 11:17:52","post_date_gmt":"2022-12-01 10:17:52","post_content":"","post_title":"FRANCESC BAILON","post_excerpt":"","post_status":"publish","comment_status":"closed","ping_status":"closed","post_password":"","post_name":"francesc-bailon","to_ping":"","pinged":"","post_modified":"2022-12-01 11:17:52","post_modified_gmt":"2022-12-01 10:17:52","post_content_filtered":"","post_parent":0,"guid":"http:\/\/dev.claret.cat\/autor\/francesc-bailon\/","menu_order":0,"post_type":"autor","post_mime_type":"","comment_count":"0","filter":"raw"}]},"aioseo_notices":[],"_links":{"self":[{"href":"https:\/\/www.claret.cat\/es\/wp-json\/wp\/v2\/product\/261691","targetHints":{"allow":["GET"]}}],"collection":[{"href":"https:\/\/www.claret.cat\/es\/wp-json\/wp\/v2\/product"}],"about":[{"href":"https:\/\/www.claret.cat\/es\/wp-json\/wp\/v2\/types\/product"}],"wp:featuredmedia":[{"embeddable":true,"href":"https:\/\/www.claret.cat\/es\/wp-json\/wp\/v2\/media\/389246"}],"wp:attachment":[{"href":"https:\/\/www.claret.cat\/es\/wp-json\/wp\/v2\/media?parent=261691"}],"wp:term":[{"taxonomy":"product_brand","embeddable":true,"href":"https:\/\/www.claret.cat\/es\/wp-json\/wp\/v2\/product_brand?post=261691"},{"taxonomy":"product_cat","embeddable":true,"href":"https:\/\/www.claret.cat\/es\/wp-json\/wp\/v2\/product_cat?post=261691"},{"taxonomy":"product_tag","embeddable":true,"href":"https:\/\/www.claret.cat\/es\/wp-json\/wp\/v2\/product_tag?post=261691"}],"curies":[{"name":"wp","href":"https:\/\/api.w.org\/{rel}","templated":true}]}}