{"id":261700,"date":"2022-10-24T10:48:38","date_gmt":"2022-10-24T08:48:38","guid":{"rendered":"http:\/\/dev.claret.cat\/producte\/enga\/"},"modified":"2023-10-06T08:24:49","modified_gmt":"2023-10-06T06:24:49","slug":"enga-9788482895970","status":"publish","type":"product","link":"https:\/\/www.claret.cat\/es\/libro\/enga-9788482895970\/","title":{"rendered":"ENGA"},"content":{"rendered":"<p>Las brujas, desde siempre, han aparecido en la tradici\u00f3n oral y las leyendas de la cultura popular. Son un personaje arquet\u00edpico presente en mitolog\u00edas y textos antiguos. Despertaban recelo y miedo en cualquier parte, y durante siglos se las persigui\u00f3. Enga es una bruja prehist\u00f3rica, que lleva hechizada desde hace mucho tiempo. De forma inesperada, los hermanos Nika y Max consiguen liberarla. Desde ese momento, surge entre ellos una gran amistad que los unir\u00e1 para siempre. Pero la bruja tiene algo en su poder, la Piedra del tiempo, que har\u00e1 que unos malvados brujos, los Bab\u00fan, la persigan sin descanso para poder arrebat\u00e1rsela.<\/p>\n","protected":false},"excerpt":{"rendered":"<p>MERL\u00c1N, PAULA\/ FERN\u00c1NDEZ, LUJ\u00c1N<\/p>\n","protected":false},"featured_media":261701,"template":"","meta":{"_acf_changed":false,"om_disable_all_campaigns":false,"rs_blank_template":"","rs_page_bg_color":"","slide_template_v7":"","inline_featured_image":false,"_monsterinsights_skip_tracking":false,"_monsterinsights_sitenote_active":false,"_monsterinsights_sitenote_note":"","_monsterinsights_sitenote_category":0},"product_brand":[],"product_cat":[363],"product_tag":[],"class_list":{"0":"post-261700","1":"product","2":"type-product","3":"status-publish","4":"has-post-thumbnail","6":"product_cat-lecturas-por-adolescentes-12-18-anos","8":"first","9":"instock","10":"taxable","11":"shipping-taxable","12":"purchasable","13":"product-type-simple"},"acf":{"autor":"MERL\u00c1N, PAULA\/ FERN\u00c1NDEZ, LUJ\u00c1N","codart":"848289597","libros-coleccion":"FORA DE COL.LECCI\u00d3","ediciones":"1","encuadernacion":"Carton\u00e9","fecha_de_publicacion":"01\/09\/2022","novedad":"1","paginas":"79","subtitulo":"","orden":"0","portada":"0","idioma":"spa","editorial":[{"ID":147686,"post_author":"3","post_date":"2022-10-14 11:52:28","post_date_gmt":"2022-10-14 09:52:28","post_content":"","post_title":"CUMIO","post_excerpt":"","post_status":"publish","comment_status":"closed","ping_status":"closed","post_password":"","post_name":"cumio","to_ping":"","pinged":"","post_modified":"2022-10-14 11:52:28","post_modified_gmt":"2022-10-14 09:52:28","post_content_filtered":"","post_parent":0,"guid":"http:\/\/dev.claret.cat\/editorial\/cumio\/","menu_order":0,"post_type":"editorial","post_mime_type":"","comment_count":"0","filter":"raw"}],"autores-libros":[{"ID":166784,"post_author":"3","post_date":"2022-10-14 18:06:01","post_date_gmt":"2022-10-14 16:06:01","post_content":"","post_title":"PAULA MERL\u00c1N","post_excerpt":"","post_status":"publish","comment_status":"closed","ping_status":"closed","post_password":"","post_name":"paula-merlan","to_ping":"","pinged":"","post_modified":"2022-10-14 18:06:01","post_modified_gmt":"2022-10-14 16:06:01","post_content_filtered":"","post_parent":0,"guid":"http:\/\/dev.claret.cat\/autor\/paula-merlan\/","menu_order":0,"post_type":"autor","post_mime_type":"","comment_count":"0","filter":"raw"},{"ID":263693,"post_author":"3","post_date":"2022-12-01 11:19:52","post_date_gmt":"2022-12-01 10:19:52","post_content":"","post_title":"LUJ\u00c1N FERN\u00c1NDEZ","post_excerpt":"","post_status":"publish","comment_status":"closed","ping_status":"closed","post_password":"","post_name":"lujan-fernandez","to_ping":"","pinged":"","post_modified":"2022-12-01 11:19:52","post_modified_gmt":"2022-12-01 10:19:52","post_content_filtered":"","post_parent":0,"guid":"http:\/\/dev.claret.cat\/autor\/lujan-fernandez\/","menu_order":0,"post_type":"autor","post_mime_type":"","comment_count":"0","filter":"raw"}]},"aioseo_notices":[],"_links":{"self":[{"href":"https:\/\/www.claret.cat\/es\/wp-json\/wp\/v2\/product\/261700","targetHints":{"allow":["GET"]}}],"collection":[{"href":"https:\/\/www.claret.cat\/es\/wp-json\/wp\/v2\/product"}],"about":[{"href":"https:\/\/www.claret.cat\/es\/wp-json\/wp\/v2\/types\/product"}],"wp:featuredmedia":[{"embeddable":true,"href":"https:\/\/www.claret.cat\/es\/wp-json\/wp\/v2\/media\/261701"}],"wp:attachment":[{"href":"https:\/\/www.claret.cat\/es\/wp-json\/wp\/v2\/media?parent=261700"}],"wp:term":[{"taxonomy":"product_brand","embeddable":true,"href":"https:\/\/www.claret.cat\/es\/wp-json\/wp\/v2\/product_brand?post=261700"},{"taxonomy":"product_cat","embeddable":true,"href":"https:\/\/www.claret.cat\/es\/wp-json\/wp\/v2\/product_cat?post=261700"},{"taxonomy":"product_tag","embeddable":true,"href":"https:\/\/www.claret.cat\/es\/wp-json\/wp\/v2\/product_tag?post=261700"}],"curies":[{"name":"wp","href":"https:\/\/api.w.org\/{rel}","templated":true}]}}