{"id":261703,"date":"2022-10-24T10:48:43","date_gmt":"2022-10-24T08:48:43","guid":{"rendered":"http:\/\/dev.claret.cat\/producte\/cleo-y-duflos\/"},"modified":"2023-10-06T08:24:52","modified_gmt":"2023-10-06T06:24:52","slug":"cleo-y-duflos-9788482895994","status":"publish","type":"product","link":"https:\/\/www.claret.cat\/es\/libro\/cleo-y-duflos-9788482895994\/","title":{"rendered":"CLEO Y DUFL\u00d3S"},"content":{"rendered":"<p>Cleo es una ni\u00f1a como todas, quiere ir al cole, jugar y pasar desapercibida. Pero su madre le ha dicho que ella es una bruja, una bruja muy especial. En seguida tendr\u00e1 que descubrir cu\u00e1les son sus dones en una escuela de magia un tanto particular. Por el camino se encontrar\u00e1 amigas, conflictos y misterios que con ingenio, inteligencia, empat\u00eda, comprensi\u00f3n y mucho humor tendr\u00e1 que resolver de la mejor manera. A veces dudar\u00e1, porque dudar es bueno, pero su af\u00e1n por la verdad y la justicia llevar\u00e1 a Cleo, nuestra bruja novata, a tratar de encontrar la soluci\u00f3n al verdadero conflicto entre Dufl\u00f3s y Conjuro, las dos mascotas m\u00e1s relevantes en su colegio, con un pasado un tanto conflictivo. Todos tenemos un prop\u00f3sito en la vida y mucha magia en nuestro interior, como Cleo. Solo hay que estar atentos con los ojos muy abiertos y dispuestos a la acci\u00f3n.<\/p>\n","protected":false},"excerpt":{"rendered":"<p>SERRANO, PILAR\/ HERN\u00c1NDEZ, IGNACIO<\/p>\n","protected":false},"featured_media":261704,"template":"","meta":{"_acf_changed":false,"om_disable_all_campaigns":false,"rs_blank_template":"","rs_page_bg_color":"","slide_template_v7":"","inline_featured_image":false,"_monsterinsights_skip_tracking":false,"_monsterinsights_sitenote_active":false,"_monsterinsights_sitenote_note":"","_monsterinsights_sitenote_category":0},"product_brand":[],"product_cat":[361],"product_tag":[],"class_list":{"0":"post-261703","1":"product","2":"type-product","3":"status-publish","4":"has-post-thumbnail","6":"product_cat-cuentos-para-ninos-0-6-anos","8":"first","9":"instock","10":"taxable","11":"shipping-taxable","12":"purchasable","13":"product-type-simple"},"acf":{"autor":"SERRANO, PILAR\/ HERN\u00c1NDEZ, IGNACIO","codart":"848289599","libros-coleccion":"FORA DE COL.LECCI\u00d3","ediciones":"1","encuadernacion":"Carton\u00e9","fecha_de_publicacion":"01\/09\/2022","novedad":"1","paginas":"78","subtitulo":"","orden":"0","portada":"0","idioma":"spa","editorial":[{"ID":147686,"post_author":"3","post_date":"2022-10-14 11:52:28","post_date_gmt":"2022-10-14 09:52:28","post_content":"","post_title":"CUMIO","post_excerpt":"","post_status":"publish","comment_status":"closed","ping_status":"closed","post_password":"","post_name":"cumio","to_ping":"","pinged":"","post_modified":"2022-10-14 11:52:28","post_modified_gmt":"2022-10-14 09:52:28","post_content_filtered":"","post_parent":0,"guid":"http:\/\/dev.claret.cat\/editorial\/cumio\/","menu_order":0,"post_type":"editorial","post_mime_type":"","comment_count":"0","filter":"raw"}],"autores-libros":[{"ID":167335,"post_author":"3","post_date":"2022-10-14 18:10:23","post_date_gmt":"2022-10-14 16:10:23","post_content":"","post_title":"PILAR SERRANO","post_excerpt":"","post_status":"publish","comment_status":"closed","ping_status":"closed","post_password":"","post_name":"pilar-serrano","to_ping":"","pinged":"","post_modified":"2022-10-14 18:10:23","post_modified_gmt":"2022-10-14 16:10:23","post_content_filtered":"","post_parent":0,"guid":"http:\/\/dev.claret.cat\/autor\/pilar-serrano\/","menu_order":0,"post_type":"autor","post_mime_type":"","comment_count":"0","filter":"raw"},{"ID":263531,"post_author":"3","post_date":"2022-12-01 11:18:17","post_date_gmt":"2022-12-01 10:18:17","post_content":"","post_title":"IGNACIO HERN\u00c1NDEZ","post_excerpt":"","post_status":"publish","comment_status":"closed","ping_status":"closed","post_password":"","post_name":"ignacio-hernandez","to_ping":"","pinged":"","post_modified":"2022-12-01 11:18:17","post_modified_gmt":"2022-12-01 10:18:17","post_content_filtered":"","post_parent":0,"guid":"http:\/\/dev.claret.cat\/autor\/ignacio-hernandez\/","menu_order":0,"post_type":"autor","post_mime_type":"","comment_count":"0","filter":"raw"}]},"aioseo_notices":[],"_links":{"self":[{"href":"https:\/\/www.claret.cat\/es\/wp-json\/wp\/v2\/product\/261703","targetHints":{"allow":["GET"]}}],"collection":[{"href":"https:\/\/www.claret.cat\/es\/wp-json\/wp\/v2\/product"}],"about":[{"href":"https:\/\/www.claret.cat\/es\/wp-json\/wp\/v2\/types\/product"}],"wp:featuredmedia":[{"embeddable":true,"href":"https:\/\/www.claret.cat\/es\/wp-json\/wp\/v2\/media\/261704"}],"wp:attachment":[{"href":"https:\/\/www.claret.cat\/es\/wp-json\/wp\/v2\/media?parent=261703"}],"wp:term":[{"taxonomy":"product_brand","embeddable":true,"href":"https:\/\/www.claret.cat\/es\/wp-json\/wp\/v2\/product_brand?post=261703"},{"taxonomy":"product_cat","embeddable":true,"href":"https:\/\/www.claret.cat\/es\/wp-json\/wp\/v2\/product_cat?post=261703"},{"taxonomy":"product_tag","embeddable":true,"href":"https:\/\/www.claret.cat\/es\/wp-json\/wp\/v2\/product_tag?post=261703"}],"curies":[{"name":"wp","href":"https:\/\/api.w.org\/{rel}","templated":true}]}}