{"id":26184,"date":"2022-10-02T10:40:50","date_gmt":"2022-10-02T08:40:50","guid":{"rendered":"http:\/\/dev.claret.cat\/producte\/coincidencias\/"},"modified":"2023-01-28T08:40:51","modified_gmt":"2023-01-28T07:40:51","slug":"coincidencias-9788433998262","status":"publish","type":"product","link":"https:\/\/www.claret.cat\/es\/libro\/coincidencias-9788433998262\/","title":{"rendered":"COINCIDENCIAS"},"content":{"rendered":"<p>\u00bfEs Coincidencias propiamente una novela? Lo es, pese a que en un principio a m\u00e1s de un lector pueda parecerle algo at\u00edpica. Hasta que, estimulado por los golpes divertidos, desopilantes, del relato, la acepte sin problemas como tal. Y no ya porque cumple con todos los rasgos que caracterizan al g\u00e9nero, sino porque la aparente dispersi\u00f3n inicial propia de una narraci\u00f3n colectiva termina por configurarse en un todo estructurado y coherente.<\/p>\n<p> Si bien el tipo de comicidad no es aqu\u00ed la que predomina en las obras de Luis Goytisolo, s\u00ed lo es algo que despunta en muchas de ellas: un humor que no es el que procede de la observaci\u00f3n ir\u00f3nica de la realidad narrada sino del estallido hilarante de lo absurdo. Experimentados hombres de negocios y j\u00f3venes emprendedores, adolescentes de ambos sexos sumidos en su dependencia del m\u00f3vil y en sus escabrosas fantas\u00edas, paseantes solitarios atentos a la realidad que los rodea, selectas dinast\u00edas familiares de clase alta y solitarios automovilistas que descargan sobre el tr\u00e1fico urbano el mal humor que impregna su vida cotidiana: todo de una actualidad que, con diversas variantes, viene si\u00e9ndolo desde siempre.<\/p>\n<p> Como bien apunt\u00f3 Mario Vargas Llosa en relaci\u00f3n con un texto de similares rasgos: \u00abEl autor se divierte y nos divierte y, sin embargo, al final de la carcajada, en los pliegues de la sonrisa, descubrimos de pronto un desagradable sabor, algo viscoso e inesperado, sin duda: \u00bfqui\u00e9n se est\u00e1 riendo de qui\u00e9n, de qui\u00e9n nos estamos riendo, hay motivos para re\u00edrse?\u00bb Una novela coral y virtuosa, que, impulsada por un ritmo sin tregua, traza un mapa urbano y dibuja una geograf\u00eda de sentimientos, carencias, incertidumbres, ambiciones; una pieza cuyo sutil engranaje muestra, una vez m\u00e1s, el portentoso dominio narrativo de un Luis Goytisolo que deslumbra.<\/p>\n","protected":false},"excerpt":{"rendered":"<p>GOYTISOLO, LUIS<\/p>\n","protected":false},"featured_media":73688,"template":"","meta":{"_acf_changed":false,"om_disable_all_campaigns":false,"rs_blank_template":"","rs_page_bg_color":"","slide_template_v7":"","inline_featured_image":false,"_monsterinsights_skip_tracking":false,"_monsterinsights_sitenote_active":false,"_monsterinsights_sitenote_note":"","_monsterinsights_sitenote_category":0},"product_brand":[],"product_cat":[87],"product_tag":[],"class_list":{"0":"post-26184","1":"product","2":"type-product","3":"status-publish","4":"has-post-thumbnail","6":"product_cat-literatura","8":"first","9":"instock","10":"taxable","11":"shipping-taxable","12":"purchasable","13":"product-type-simple"},"acf":{"autor":"GOYTISOLO, LUIS","codart":"843399826","libros-coleccion":"SUSHI BOOKS","ediciones":"1","encuadernacion":"R\u00fastica","fecha_de_publicacion":"01\/01\/2017","novedad":"1","paginas":"122","subtitulo":"","orden":"0","portada":"0","idioma":"spa","editorial":[{"ID":147922,"post_author":"3","post_date":"2022-10-14 11:54:16","post_date_gmt":"2022-10-14 09:54:16","post_content":"","post_title":"Editorial Anagrama","post_excerpt":"","post_status":"publish","comment_status":"closed","ping_status":"closed","post_password":"","post_name":"editorial-anagrama","to_ping":"","pinged":"","post_modified":"2022-10-14 11:54:16","post_modified_gmt":"2022-10-14 09:54:16","post_content_filtered":"","post_parent":0,"guid":"http:\/\/dev.claret.cat\/editorial\/editorial-anagrama\/","menu_order":0,"post_type":"editorial","post_mime_type":"","comment_count":"0","filter":"raw"}],"autores-libros":[{"ID":162726,"post_author":"3","post_date":"2022-10-14 17:33:19","post_date_gmt":"2022-10-14 15:33:19","post_content":"","post_title":"LUIS GOYTISOLO","post_excerpt":"","post_status":"publish","comment_status":"closed","ping_status":"closed","post_password":"","post_name":"luis-goytisolo","to_ping":"","pinged":"","post_modified":"2022-10-14 17:33:19","post_modified_gmt":"2022-10-14 15:33:19","post_content_filtered":"","post_parent":0,"guid":"http:\/\/dev.claret.cat\/autor\/luis-goytisolo\/","menu_order":0,"post_type":"autor","post_mime_type":"","comment_count":"0","filter":"raw"}]},"aioseo_notices":[],"_links":{"self":[{"href":"https:\/\/www.claret.cat\/es\/wp-json\/wp\/v2\/product\/26184","targetHints":{"allow":["GET"]}}],"collection":[{"href":"https:\/\/www.claret.cat\/es\/wp-json\/wp\/v2\/product"}],"about":[{"href":"https:\/\/www.claret.cat\/es\/wp-json\/wp\/v2\/types\/product"}],"wp:featuredmedia":[{"embeddable":true,"href":"https:\/\/www.claret.cat\/es\/wp-json\/wp\/v2\/media\/73688"}],"wp:attachment":[{"href":"https:\/\/www.claret.cat\/es\/wp-json\/wp\/v2\/media?parent=26184"}],"wp:term":[{"taxonomy":"product_brand","embeddable":true,"href":"https:\/\/www.claret.cat\/es\/wp-json\/wp\/v2\/product_brand?post=26184"},{"taxonomy":"product_cat","embeddable":true,"href":"https:\/\/www.claret.cat\/es\/wp-json\/wp\/v2\/product_cat?post=26184"},{"taxonomy":"product_tag","embeddable":true,"href":"https:\/\/www.claret.cat\/es\/wp-json\/wp\/v2\/product_tag?post=26184"}],"curies":[{"name":"wp","href":"https:\/\/api.w.org\/{rel}","templated":true}]}}