{"id":26211,"date":"2022-10-02T10:41:16","date_gmt":"2022-10-02T08:41:16","guid":{"rendered":"http:\/\/dev.claret.cat\/producte\/las-afueras\/"},"modified":"2023-01-28T22:46:55","modified_gmt":"2023-01-28T21:46:55","slug":"las-afueras-9788433998491","status":"publish","type":"product","link":"https:\/\/www.claret.cat\/es\/libro\/las-afueras-9788433998491\/","title":{"rendered":"LAS AFUERAS"},"content":{"rendered":"<p>Recuperamos, en una edici\u00f3n acompa\u00f1ada de jugosos ap\u00e9ndices cr\u00edticos, el debut de Luis Goytisolo, ganador del Premio Biblioteca Breve en su primera convocatoria en 1958 y cuya aparici\u00f3n gener\u00f3 controversia y grandes elogios de los cr\u00edticos m\u00e1s perspicaces. Las afueras es una propuesta osada y radical, compuesta por siete relatos, siete episodios en apariencia inconexos, a trav\u00e9s de los cuales se entrecruzan las clases trabajadoras y la burgues\u00eda acomodada: un se\u00f1orito que ha hecho la guerra y pasa sus d\u00edas ociosos en una finca; un ni\u00f1o retra\u00eddo y triste del que cuidan sus abuelos; un hombre acomodado que sale de juerga con un amigo y se encuentra con quien fue su asistente durante la guerra; una pareja de ancianos que viven sin apenas medios en un peque\u00f1o piso; un pe\u00f3n y su mujer provenientes de la emigraci\u00f3n, y un joven universitario con el futuro por delante. Goytisolo construye un potente e innovador artefacto novel\u00edstico que habla de la periferia, la imaginaci\u00f3n, la soleda y las injusticias sociales.<\/p>\n","protected":false},"excerpt":{"rendered":"<p>GOYTISOLO, LUIS<\/p>\n","protected":false},"featured_media":71480,"template":"","meta":{"_acf_changed":false,"om_disable_all_campaigns":false,"rs_blank_template":"","rs_page_bg_color":"","slide_template_v7":"","inline_featured_image":false,"_monsterinsights_skip_tracking":false,"_monsterinsights_sitenote_active":false,"_monsterinsights_sitenote_note":"","_monsterinsights_sitenote_category":0},"product_brand":[],"product_cat":[87],"product_tag":[],"class_list":{"0":"post-26211","1":"product","2":"type-product","3":"status-publish","4":"has-post-thumbnail","6":"product_cat-literatura","8":"first","9":"instock","10":"taxable","11":"shipping-taxable","12":"purchasable","13":"product-type-simple"},"acf":{"autor":"GOYTISOLO, LUIS","codart":"843399849","libros-coleccion":"FORA DE COL.LECCI\u00d3","ediciones":"1","encuadernacion":"R\u00fastica","fecha_de_publicacion":"01\/01\/2018","novedad":"1","paginas":"267","subtitulo":"","orden":"0","portada":"0","idioma":"spa","editorial":[{"ID":147922,"post_author":"3","post_date":"2022-10-14 11:54:16","post_date_gmt":"2022-10-14 09:54:16","post_content":"","post_title":"Editorial Anagrama","post_excerpt":"","post_status":"publish","comment_status":"closed","ping_status":"closed","post_password":"","post_name":"editorial-anagrama","to_ping":"","pinged":"","post_modified":"2022-10-14 11:54:16","post_modified_gmt":"2022-10-14 09:54:16","post_content_filtered":"","post_parent":0,"guid":"http:\/\/dev.claret.cat\/editorial\/editorial-anagrama\/","menu_order":0,"post_type":"editorial","post_mime_type":"","comment_count":"0","filter":"raw"}],"autores-libros":[{"ID":162726,"post_author":"3","post_date":"2022-10-14 17:33:19","post_date_gmt":"2022-10-14 15:33:19","post_content":"","post_title":"LUIS GOYTISOLO","post_excerpt":"","post_status":"publish","comment_status":"closed","ping_status":"closed","post_password":"","post_name":"luis-goytisolo","to_ping":"","pinged":"","post_modified":"2022-10-14 17:33:19","post_modified_gmt":"2022-10-14 15:33:19","post_content_filtered":"","post_parent":0,"guid":"http:\/\/dev.claret.cat\/autor\/luis-goytisolo\/","menu_order":0,"post_type":"autor","post_mime_type":"","comment_count":"0","filter":"raw"}]},"aioseo_notices":[],"_links":{"self":[{"href":"https:\/\/www.claret.cat\/es\/wp-json\/wp\/v2\/product\/26211","targetHints":{"allow":["GET"]}}],"collection":[{"href":"https:\/\/www.claret.cat\/es\/wp-json\/wp\/v2\/product"}],"about":[{"href":"https:\/\/www.claret.cat\/es\/wp-json\/wp\/v2\/types\/product"}],"wp:featuredmedia":[{"embeddable":true,"href":"https:\/\/www.claret.cat\/es\/wp-json\/wp\/v2\/media\/71480"}],"wp:attachment":[{"href":"https:\/\/www.claret.cat\/es\/wp-json\/wp\/v2\/media?parent=26211"}],"wp:term":[{"taxonomy":"product_brand","embeddable":true,"href":"https:\/\/www.claret.cat\/es\/wp-json\/wp\/v2\/product_brand?post=26211"},{"taxonomy":"product_cat","embeddable":true,"href":"https:\/\/www.claret.cat\/es\/wp-json\/wp\/v2\/product_cat?post=26211"},{"taxonomy":"product_tag","embeddable":true,"href":"https:\/\/www.claret.cat\/es\/wp-json\/wp\/v2\/product_tag?post=26211"}],"curies":[{"name":"wp","href":"https:\/\/api.w.org\/{rel}","templated":true}]}}