{"id":26217,"date":"2022-10-02T10:41:21","date_gmt":"2022-10-02T08:41:21","guid":{"rendered":"http:\/\/dev.claret.cat\/producte\/amor-fou\/"},"modified":"2023-01-28T22:31:14","modified_gmt":"2023-01-28T21:31:14","slug":"amor-fou-9788433998538","status":"publish","type":"product","link":"https:\/\/www.claret.cat\/es\/libro\/amor-fou-9788433998538\/","title":{"rendered":"AMOR FOU"},"content":{"rendered":"<p>Este es el libro por el que Marta Sanz estuvo a punto de dejar de escribir. Una novela pr\u00e1cticamente in\u00e9dita, una novela sin lectores, tal vez porque habla del gusano que corroe el coraz\u00f3n de la manzana en un mundo perfecto. En 2004, a\u00f1o en que fue escrita, Amor fou apuntaba hacia lo mucho que nos cuesta decir que el emperador va desnudo; lo hace tambi\u00e9n hoy, que la presentamos en versi\u00f3n corregida y actualizada. Casi todas las profec\u00edas de esta novela se han ido cumpliendo: aporofobia, gentrificaci\u00f3n, banderas nacionales que ondean en el centro de las plazas, un patriotismo perturbado, el residuo franquista que oxida la convivencia, la brutalidad que se ejerce desde el poder, la okupaci\u00f3n, los l\u00edmites de la democracia y del Estado de derecho en el neoliberalismo, la justicia sin venda en los ojos, la manipulaci\u00f3n p\u00fablica a la que se someten ciertas vidas \u00edntimas&#8230; La ponzo\u00f1a es la met\u00e1fora que nutre una escritura de profundidad espeleol\u00f3gica.Amor fou plantea preguntas en torno a nuestra educaci\u00f3n sentimental y pol\u00edtica. El amor empasta las voces, y la literatura se aparta de la suavidad deslizante de la seducci\u00f3n, para subrayar su violencia. La mirada del Marqu\u00e9s de Sade m\u00e1s educativo envenena las manzanas y el alimento de Los emperadores. Porque posiblemente Amor fou es un cuento de hadas salvaje, de esos que se censuran para no escandalizar a los ni\u00f1os, ni a los adultos que preferir\u00edan permanecer en una infancia eterna.En esta historia triangular Raymond, desde su observatorio, vigila la felicidad conyugal de Adri\u00e1n y Lala, su antigua novia, y no puede soportarla. Decide intervenir en ella con su mirada evocadora y su presencia disfrazada. Raymond lleva una barba postiza. Pero hasta las peque\u00f1as maldades pueden tener horrendos efectos secundarios. El peligro se hace m\u00e1s intenso cuando Elisa y su hija Esther, cebada como esos ni\u00f1os canibalizados por la bruja, interfieren en la historia y traen con ellas los incendios, los an\u00f3nimos, el abuso, las cicatrices y una rid\u00edcula caja de bombones envenenados.<\/p>\n","protected":false},"excerpt":{"rendered":"<p>SANZ, MARTA<\/p>\n","protected":false},"featured_media":70878,"template":"","meta":{"_acf_changed":false,"om_disable_all_campaigns":false,"rs_blank_template":"","rs_page_bg_color":"","slide_template_v7":"","inline_featured_image":false,"_monsterinsights_skip_tracking":false,"_monsterinsights_sitenote_active":false,"_monsterinsights_sitenote_note":"","_monsterinsights_sitenote_category":0},"product_brand":[],"product_cat":[79],"product_tag":[],"class_list":{"0":"post-26217","1":"product","2":"type-product","3":"status-publish","4":"has-post-thumbnail","6":"product_cat-espiritualitat","8":"first","9":"instock","10":"taxable","11":"shipping-taxable","12":"purchasable","13":"product-type-simple"},"acf":{"autor":"SANZ, MARTA","codart":"843399853","libros-coleccion":"Narrativas hisp\u00e1nicas","ediciones":"1","encuadernacion":"R\u00fastica","fecha_de_publicacion":"01\/03\/2018","novedad":"1","paginas":"197","subtitulo":"","orden":"0","portada":"0","idioma":"spa","editorial":[{"ID":147922,"post_author":"3","post_date":"2022-10-14 11:54:16","post_date_gmt":"2022-10-14 09:54:16","post_content":"","post_title":"Editorial Anagrama","post_excerpt":"","post_status":"publish","comment_status":"closed","ping_status":"closed","post_password":"","post_name":"editorial-anagrama","to_ping":"","pinged":"","post_modified":"2022-10-14 11:54:16","post_modified_gmt":"2022-10-14 09:54:16","post_content_filtered":"","post_parent":0,"guid":"http:\/\/dev.claret.cat\/editorial\/editorial-anagrama\/","menu_order":0,"post_type":"editorial","post_mime_type":"","comment_count":"0","filter":"raw"}],"autores-libros":[{"ID":164220,"post_author":"3","post_date":"2022-10-14 17:45:20","post_date_gmt":"2022-10-14 15:45:20","post_content":"","post_title":"MARTA SANZ","post_excerpt":"","post_status":"publish","comment_status":"closed","ping_status":"closed","post_password":"","post_name":"marta-sanz","to_ping":"","pinged":"","post_modified":"2022-10-14 17:45:20","post_modified_gmt":"2022-10-14 15:45:20","post_content_filtered":"","post_parent":0,"guid":"http:\/\/dev.claret.cat\/autor\/marta-sanz\/","menu_order":0,"post_type":"autor","post_mime_type":"","comment_count":"0","filter":"raw"}]},"aioseo_notices":[],"_links":{"self":[{"href":"https:\/\/www.claret.cat\/es\/wp-json\/wp\/v2\/product\/26217","targetHints":{"allow":["GET"]}}],"collection":[{"href":"https:\/\/www.claret.cat\/es\/wp-json\/wp\/v2\/product"}],"about":[{"href":"https:\/\/www.claret.cat\/es\/wp-json\/wp\/v2\/types\/product"}],"wp:featuredmedia":[{"embeddable":true,"href":"https:\/\/www.claret.cat\/es\/wp-json\/wp\/v2\/media\/70878"}],"wp:attachment":[{"href":"https:\/\/www.claret.cat\/es\/wp-json\/wp\/v2\/media?parent=26217"}],"wp:term":[{"taxonomy":"product_brand","embeddable":true,"href":"https:\/\/www.claret.cat\/es\/wp-json\/wp\/v2\/product_brand?post=26217"},{"taxonomy":"product_cat","embeddable":true,"href":"https:\/\/www.claret.cat\/es\/wp-json\/wp\/v2\/product_cat?post=26217"},{"taxonomy":"product_tag","embeddable":true,"href":"https:\/\/www.claret.cat\/es\/wp-json\/wp\/v2\/product_tag?post=26217"}],"curies":[{"name":"wp","href":"https:\/\/api.w.org\/{rel}","templated":true}]}}