{"id":26223,"date":"2022-10-02T10:41:28","date_gmt":"2022-10-02T08:41:28","guid":{"rendered":"http:\/\/dev.claret.cat\/producte\/antes-del-huracan\/"},"modified":"2023-01-28T08:19:53","modified_gmt":"2023-01-28T07:19:53","slug":"antes-del-huracan-9788433998552","status":"publish","type":"product","link":"https:\/\/www.claret.cat\/es\/libro\/antes-del-huracan-9788433998552\/","title":{"rendered":"ANTES DEL HURAC\u00c1N"},"content":{"rendered":"<p>A\u00f1o 2017. Curro lleva veinte a\u00f1os internado en el hospital psiqui\u00e1trico Santa Dympna, en Sant Boi de Llobregat, por un grave brote de locura homicida. Pero Curro est\u00e1 harto de ser un enfermo mental, quiere escapar de ah\u00ed y necesita un plan. Para ello nada mejor que su fiel Pl\u00e1cido, mayordomo de plastr\u00f3n almidonado y calva reluciente, citador patol\u00f3gico de Churchill y persona capaz. Mientras amo y sirviente, unidos por un juramento, traman su huida, el lector empieza a descubrir el pasado terrible que acab\u00f3 con la cordura del protagonista. Es 1982 y Curro, un ni\u00f1o fr\u00e1gil de doce a\u00f1os envuelto en tics y fobias, lucha por superar los traumas de su vida: la demencia de su abuelo, el misterioso af\u00e1n atl\u00e9tico de su padre, la obesidad de su madre, los pu\u00f1etazos con su hermano y el abuso de los matones locales. Curro y su mejor amigo Priu \u2013desgarbado, precozmente hirsuto, un genio\u2013, nerds originales, raros de nacimiento, sobreviven como pueden en el extrarradio urbano, tierra de gente normal. Hasta el d\u00eda en que estalla el hurac\u00e1n y todas las mentiras, todos los secretos acumulados en la familia y en el pueblo destruyen su mundo para siempre. Antes del hurac\u00e1n es una obra triste e hilarante que habla de ser distinto, y estar jodido, en un pueblo de la periferia barcelonesa. En su quinta novela, Kiko Amat combina melancol\u00eda y humor para explorar los caminos que llevan de la rareza al delirio. Una inolvidable historia de locura, familia, clase obrera y amistad en el paisaje deshecho del extrarradio \u2013cemento, espiguillas, descampados, torres el\u00e9ctricas y calles sin asfaltar\u2013, con los a\u00f1os ochenta, la guerra de las Malvinas y el Mundial 82 de fondo.<\/p>\n","protected":false},"excerpt":{"rendered":"<p>AMAT, KIKO<\/p>\n","protected":false},"featured_media":70874,"template":"","meta":{"_acf_changed":false,"om_disable_all_campaigns":false,"rs_blank_template":"","rs_page_bg_color":"","slide_template_v7":"","inline_featured_image":false,"_monsterinsights_skip_tracking":false,"_monsterinsights_sitenote_active":false,"_monsterinsights_sitenote_note":"","_monsterinsights_sitenote_category":0},"product_brand":[],"product_cat":[87],"product_tag":[],"class_list":{"0":"post-26223","1":"product","2":"type-product","3":"status-publish","4":"has-post-thumbnail","6":"product_cat-literatura","8":"first","9":"instock","10":"taxable","11":"shipping-taxable","12":"purchasable","13":"product-type-simple"},"acf":{"autor":"AMAT, KIKO","codart":"843399855","libros-coleccion":"Narrativas hisp\u00e1nicas","ediciones":"1","encuadernacion":"R\u00fastica","fecha_de_publicacion":"01\/04\/2018","novedad":"1","paginas":"430","subtitulo":"","orden":"0","portada":"0","idioma":"spa","editorial":[{"ID":147922,"post_author":"3","post_date":"2022-10-14 11:54:16","post_date_gmt":"2022-10-14 09:54:16","post_content":"","post_title":"Editorial Anagrama","post_excerpt":"","post_status":"publish","comment_status":"closed","ping_status":"closed","post_password":"","post_name":"editorial-anagrama","to_ping":"","pinged":"","post_modified":"2022-10-14 11:54:16","post_modified_gmt":"2022-10-14 09:54:16","post_content_filtered":"","post_parent":0,"guid":"http:\/\/dev.claret.cat\/editorial\/editorial-anagrama\/","menu_order":0,"post_type":"editorial","post_mime_type":"","comment_count":"0","filter":"raw"}],"autores-libros":[{"ID":161669,"post_author":"3","post_date":"2022-10-14 17:20:05","post_date_gmt":"2022-10-14 15:20:05","post_content":"","post_title":"KIKO AMAT","post_excerpt":"","post_status":"publish","comment_status":"closed","ping_status":"closed","post_password":"","post_name":"kiko-amat","to_ping":"","pinged":"","post_modified":"2022-10-14 17:20:05","post_modified_gmt":"2022-10-14 15:20:05","post_content_filtered":"","post_parent":0,"guid":"http:\/\/dev.claret.cat\/autor\/kiko-amat\/","menu_order":0,"post_type":"autor","post_mime_type":"","comment_count":"0","filter":"raw"}]},"aioseo_notices":[],"_links":{"self":[{"href":"https:\/\/www.claret.cat\/es\/wp-json\/wp\/v2\/product\/26223","targetHints":{"allow":["GET"]}}],"collection":[{"href":"https:\/\/www.claret.cat\/es\/wp-json\/wp\/v2\/product"}],"about":[{"href":"https:\/\/www.claret.cat\/es\/wp-json\/wp\/v2\/types\/product"}],"wp:featuredmedia":[{"embeddable":true,"href":"https:\/\/www.claret.cat\/es\/wp-json\/wp\/v2\/media\/70874"}],"wp:attachment":[{"href":"https:\/\/www.claret.cat\/es\/wp-json\/wp\/v2\/media?parent=26223"}],"wp:term":[{"taxonomy":"product_brand","embeddable":true,"href":"https:\/\/www.claret.cat\/es\/wp-json\/wp\/v2\/product_brand?post=26223"},{"taxonomy":"product_cat","embeddable":true,"href":"https:\/\/www.claret.cat\/es\/wp-json\/wp\/v2\/product_cat?post=26223"},{"taxonomy":"product_tag","embeddable":true,"href":"https:\/\/www.claret.cat\/es\/wp-json\/wp\/v2\/product_tag?post=26223"}],"curies":[{"name":"wp","href":"https:\/\/api.w.org\/{rel}","templated":true}]}}