{"id":26238,"date":"2022-10-02T10:41:42","date_gmt":"2022-10-02T08:41:42","guid":{"rendered":"http:\/\/dev.claret.cat\/producte\/lectura-facil\/"},"modified":"2025-07-04T14:00:34","modified_gmt":"2025-07-04T12:00:34","slug":"lectura-facil-9788433998644","status":"publish","type":"product","link":"https:\/\/www.claret.cat\/es\/libro\/lectura-facil-9788433998644\/","title":{"rendered":"LECTURA F\u00c1CIL"},"content":{"rendered":"<p>Son cuatro: Nati, Patri, Marga y \u00c0ngels. Son parientas, tienen diversos grados de lo que la Administraci\u00f3n y la medicina consideran \u00abdiscapacidad intelectual\u00bb y comparten un piso tutelado. Han pasado buena parte de sus vidas en RUDIS y CRUDIS (residencias urbanas y rurales para personas con discapacidad intelectual). Pero ante todo son mujeres con una extraordinaria capacidad para enfrentarse a las condiciones de dominaci\u00f3n que les ha tocado sufrir. La suya es la Barcelona opresiva y bastarda: la ciudad de las okupas, la Plataforma de Afectados por la Hipoteca, los ateneos anarquistas y el arte pol\u00edticamente correcto.<br \/> Esta es una novela radical en sus ideas, en su forma y en su lenguaje. Una novela-grito, una novela politizadora que cruza voces y textos: un fanzine que pone en jaque el sistema neoliberal, las actas de una asamblea libertaria, las declaraciones ante un juzgado que pretende esterilizar forzosamente a una de las protagonistas, la novela autobiogr\u00e1fica que escribe una de ellas con la t\u00e9cnica de la Lectura F\u00e1cil?<br \/> Este libro es un campo de batalla: contra el heteropatriarcado mon\u00f3gamo y blanco, contra la ret\u00f3rica institucional y capitalista, contra el activismo que usa los ropajes de \u00ablo alternativo\u00bb para apuntalar el statu quo. Pero es tambi\u00e9n una novela que celebra el cuerpo y la sexualidad, el deseo de y entre las mujeres, la dignidad de quien es se\u00f1alada con el estigma de la discapacidad y la capacidad transgresora y revolucionaria del lenguaje. Es sobre todo un retrato ?visceral, vibrante, combativo y feminista? de la sociedad contempor\u00e1nea con la ciudad de Barcelona como escenario.<br \/> Lectura f\u00e1cil confirma a Cristina Morales como una de las voces m\u00e1s potentes, creativas, inconformistas e innovadoras de la literatura espa\u00f1ola actual.<\/p>\n","protected":false},"excerpt":{"rendered":"<p>MORALES, CRISTINA<\/p>\n","protected":false},"featured_media":372268,"template":"","meta":{"_acf_changed":false,"om_disable_all_campaigns":false,"rs_blank_template":"","rs_page_bg_color":"","slide_template_v7":"","inline_featured_image":false,"_monsterinsights_skip_tracking":false,"_monsterinsights_sitenote_active":false,"_monsterinsights_sitenote_note":"","_monsterinsights_sitenote_category":0},"product_brand":[],"product_cat":[87,353],"product_tag":[],"class_list":{"0":"post-26238","1":"product","2":"type-product","3":"status-publish","4":"has-post-thumbnail","6":"product_cat-literatura","7":"product_cat-literatura-2_humanidades","9":"first","10":"instock","11":"taxable","12":"shipping-taxable","13":"purchasable","14":"product-type-simple"},"acf":{"autor":"MORALES, CRISTINA","codart":"843399864","libros-coleccion":"Narrativas hisp\u00e1nicas","ediciones":"1","encuadernacion":"R\u00fastica","fecha_de_publicacion":"01\/12\/2018","novedad":"1","paginas":"420","subtitulo":"PREMIO HERRALDE DE NOVELA","orden":"0","portada":"0","idioma":"spa","editorial":[{"ID":6219,"post_author":"3","post_date":"2022-07-28 17:47:26","post_date_gmt":"2022-07-28 15:47:26","post_content":"","post_title":"Editorial Anagrama S.A.","post_excerpt":"","post_status":"publish","comment_status":"closed","ping_status":"closed","post_password":"","post_name":"editorial-anagrama-s-a","to_ping":"","pinged":"","post_modified":"2022-07-28 17:47:26","post_modified_gmt":"2022-07-28 15:47:26","post_content_filtered":"","post_parent":0,"guid":"http:\/\/dev.claret.cat\/editorial\/editorial-anagrama-s-a\/","menu_order":0,"post_type":"editorial","post_mime_type":"","comment_count":"0","filter":"raw"}],"autores-libros":[{"ID":153372,"post_author":"3","post_date":"2022-10-14 14:56:15","post_date_gmt":"2022-10-14 12:56:15","post_content":"","post_title":"CRISTINA MORALES","post_excerpt":"","post_status":"publish","comment_status":"closed","ping_status":"closed","post_password":"","post_name":"cristina-morales","to_ping":"","pinged":"","post_modified":"2022-10-14 14:56:15","post_modified_gmt":"2022-10-14 12:56:15","post_content_filtered":"","post_parent":0,"guid":"http:\/\/dev.claret.cat\/autor\/cristina-morales\/","menu_order":0,"post_type":"autor","post_mime_type":"","comment_count":"0","filter":"raw"}],"booktrailer":"","resenas":""},"aioseo_notices":[],"_links":{"self":[{"href":"https:\/\/www.claret.cat\/es\/wp-json\/wp\/v2\/product\/26238","targetHints":{"allow":["GET"]}}],"collection":[{"href":"https:\/\/www.claret.cat\/es\/wp-json\/wp\/v2\/product"}],"about":[{"href":"https:\/\/www.claret.cat\/es\/wp-json\/wp\/v2\/types\/product"}],"wp:featuredmedia":[{"embeddable":true,"href":"https:\/\/www.claret.cat\/es\/wp-json\/wp\/v2\/media\/372268"}],"wp:attachment":[{"href":"https:\/\/www.claret.cat\/es\/wp-json\/wp\/v2\/media?parent=26238"}],"wp:term":[{"taxonomy":"product_brand","embeddable":true,"href":"https:\/\/www.claret.cat\/es\/wp-json\/wp\/v2\/product_brand?post=26238"},{"taxonomy":"product_cat","embeddable":true,"href":"https:\/\/www.claret.cat\/es\/wp-json\/wp\/v2\/product_cat?post=26238"},{"taxonomy":"product_tag","embeddable":true,"href":"https:\/\/www.claret.cat\/es\/wp-json\/wp\/v2\/product_tag?post=26238"}],"curies":[{"name":"wp","href":"https:\/\/api.w.org\/{rel}","templated":true}]}}