{"id":26283,"date":"2022-10-02T10:42:25","date_gmt":"2022-10-02T08:42:25","guid":{"rendered":"http:\/\/dev.claret.cat\/producte\/10-criterios-para-educar-con-acierto\/"},"modified":"2024-05-23T06:44:16","modified_gmt":"2024-05-23T04:44:16","slug":"10-criterios-para-educar-con-acierto-9788490233450","status":"publish","type":"product","link":"https:\/\/www.claret.cat\/es\/libro\/10-criterios-para-educar-con-acierto-9788490233450\/","title":{"rendered":"10 CRITERIOS PARA EDUCAR CON ACIERTO"},"content":{"rendered":"<p>Este libro est\u00e1 escrito pensando en padres, profesores y otros educadores de chicos y chicas entre 6 y 12 a\u00f1os.  \u00bfQu\u00e9 criterios son v\u00e1lidos para educar en esa franja de edad? \u00bfC\u00f3mo afianzar los h\u00e1bitos b\u00e1sicos? \u00bfC\u00f3mo atender a su educaci\u00f3n afectivo-sexual? \u00bfLee y comprende bien para su edad? \u00bfValora los idiomas? \u00bfC\u00f3mo actuar ante un comportamiento an\u00f3malo? \u00bfC\u00f3mo ayudarle a gestionar sus emociones? La respuesta a estas y otras cuestiones pueden ayudar al lector a pensar y buscar, solo o con otros, soluci\u00f3n a retos educativos actuales o reforzar lo que ser\u00e1n los pilares de su personalidad y aprendizaje.<\/p>\n","protected":false},"excerpt":{"rendered":"<p>MA\u00d1\u00da, JOS\u00c9 MANUEL; FERIA, MANUEL<\/p>\n","protected":false},"featured_media":359147,"template":"","meta":{"_acf_changed":false,"om_disable_all_campaigns":false,"rs_blank_template":"","rs_page_bg_color":"","slide_template_v7":"","inline_featured_image":false,"_monsterinsights_skip_tracking":false,"_monsterinsights_sitenote_active":false,"_monsterinsights_sitenote_note":"","_monsterinsights_sitenote_category":0},"product_brand":[],"product_cat":[100,550,82,348],"product_tag":[],"class_list":{"0":"post-26283","1":"product","2":"type-product","3":"status-publish","4":"has-post-thumbnail","6":"product_cat-escola-de-pares","7":"product_cat-escuela-de-padres-3_infantil-juvenil-spa-spa","8":"product_cat-pedagogia","9":"product_cat-pedagogia-2_humanidades","11":"first","12":"instock","13":"taxable","14":"shipping-taxable","15":"purchasable","16":"product-type-simple"},"acf":{"autor":"MA\u00d1\u00da, JOS\u00c9 MANUEL; FERIA, MANUEL","codart":"849023345","libros-coleccion":"","ediciones":"1","encuadernacion":"R\u00fastica","fecha_de_publicacion":"05\/04\/2016","novedad":"0","paginas":"88","subtitulo":"IDEAS PR\u00c1CTICAS PARA APROVECHAR CON \u00c9XITO DE LOS 6 A LOS 12 A\u00d1OS","orden":"999","portada":"0","idioma":"spa","editorial":[{"ID":6155,"post_author":"3","post_date":"2022-07-28 17:46:04","post_date_gmt":"2022-07-28 15:46:04","post_content":"","post_title":"Central Catequ\u00edstica Salesiana","post_excerpt":"","post_status":"publish","comment_status":"closed","ping_status":"closed","post_password":"","post_name":"central-catequistica-salesiana","to_ping":"","pinged":"","post_modified":"2022-07-28 17:46:04","post_modified_gmt":"2022-07-28 15:46:04","post_content_filtered":"","post_parent":0,"guid":"http:\/\/dev.claret.cat\/editorial\/central-catequistica-salesiana\/","menu_order":0,"post_type":"editorial","post_mime_type":"","comment_count":"0","filter":"raw"}],"autores-libros":[{"ID":163154,"post_author":"3","post_date":"2022-10-14 17:36:45","post_date_gmt":"2022-10-14 15:36:45","post_content":"","post_title":"MANUEL FERIA","post_excerpt":"","post_status":"publish","comment_status":"closed","ping_status":"closed","post_password":"","post_name":"manuel-feria","to_ping":"","pinged":"","post_modified":"2022-10-14 17:36:45","post_modified_gmt":"2022-10-14 15:36:45","post_content_filtered":"","post_parent":0,"guid":"http:\/\/dev.claret.cat\/autor\/manuel-feria\/","menu_order":0,"post_type":"autor","post_mime_type":"","comment_count":"0","filter":"raw"},{"ID":160417,"post_author":"3","post_date":"2022-10-14 15:52:54","post_date_gmt":"2022-10-14 13:52:54","post_content":"","post_title":"JOSE MANUEL MA\u00d1U","post_excerpt":"","post_status":"publish","comment_status":"closed","ping_status":"closed","post_password":"","post_name":"jose-manuel-manu","to_ping":"","pinged":"","post_modified":"2022-10-14 15:52:54","post_modified_gmt":"2022-10-14 13:52:54","post_content_filtered":"","post_parent":0,"guid":"http:\/\/dev.claret.cat\/autor\/jose-manuel-manu\/","menu_order":0,"post_type":"autor","post_mime_type":"","comment_count":"0","filter":"raw"}]},"aioseo_notices":[],"_links":{"self":[{"href":"https:\/\/www.claret.cat\/es\/wp-json\/wp\/v2\/product\/26283","targetHints":{"allow":["GET"]}}],"collection":[{"href":"https:\/\/www.claret.cat\/es\/wp-json\/wp\/v2\/product"}],"about":[{"href":"https:\/\/www.claret.cat\/es\/wp-json\/wp\/v2\/types\/product"}],"wp:featuredmedia":[{"embeddable":true,"href":"https:\/\/www.claret.cat\/es\/wp-json\/wp\/v2\/media\/359147"}],"wp:attachment":[{"href":"https:\/\/www.claret.cat\/es\/wp-json\/wp\/v2\/media?parent=26283"}],"wp:term":[{"taxonomy":"product_brand","embeddable":true,"href":"https:\/\/www.claret.cat\/es\/wp-json\/wp\/v2\/product_brand?post=26283"},{"taxonomy":"product_cat","embeddable":true,"href":"https:\/\/www.claret.cat\/es\/wp-json\/wp\/v2\/product_cat?post=26283"},{"taxonomy":"product_tag","embeddable":true,"href":"https:\/\/www.claret.cat\/es\/wp-json\/wp\/v2\/product_tag?post=26283"}],"curies":[{"name":"wp","href":"https:\/\/api.w.org\/{rel}","templated":true}]}}