{"id":26307,"date":"2022-10-02T10:42:47","date_gmt":"2022-10-02T08:42:47","guid":{"rendered":"http:\/\/dev.claret.cat\/producte\/10-criterios-para-educar-en-valores-con-el-quijote\/"},"modified":"2024-05-23T06:42:29","modified_gmt":"2024-05-23T04:42:29","slug":"10-criterios-para-educar-en-valores-con-el-quijote-9788490233559","status":"publish","type":"product","link":"https:\/\/www.claret.cat\/es\/libro\/10-criterios-para-educar-en-valores-con-el-quijote-9788490233559\/","title":{"rendered":"10 CRITERIOS PARA EDUCAR EN VALORES CON EL QUIJOTE"},"content":{"rendered":"<p>En este libro sobre El Quijote, a partir de un enfoque human\u00edstico, se repasan aspectos de naturaleza pedag\u00f3gica, psicol\u00f3gica, antropol\u00f3gica, social, etc. La magna novela, enmarcada en el paso del siglo del Renacimiento al del Barroco, es fuente inagotable de inspiraciones y de orientaciones. Pese al tiempo transcurrido y a la distinta sensibilidad moral de nuestra sociedad, Cervantes ofrece al lector contempor\u00e1neo un elevador proyecto vital. A modo de muestra, en estas p\u00e1ginas seleccionamos diez valores presentes en la inmortal obra: amor, espiritualidad, honor, justicia, lealtad, libertad, nobleza, palabra, paz, valent\u00eda.<\/p>\n","protected":false},"excerpt":{"rendered":"<p>MART\u00cdNEZ-OTERO, VALENT\u00cdN<\/p>\n","protected":false},"featured_media":359163,"template":"","meta":{"_acf_changed":false,"om_disable_all_campaigns":false,"rs_blank_template":"","rs_page_bg_color":"","slide_template_v7":"","inline_featured_image":false,"_monsterinsights_skip_tracking":false,"_monsterinsights_sitenote_active":false,"_monsterinsights_sitenote_note":"","_monsterinsights_sitenote_category":0},"product_brand":[],"product_cat":[100,550],"product_tag":[],"class_list":{"0":"post-26307","1":"product","2":"type-product","3":"status-publish","4":"has-post-thumbnail","6":"product_cat-escola-de-pares","7":"product_cat-escuela-de-padres-3_infantil-juvenil-spa-spa","9":"first","10":"instock","11":"taxable","12":"shipping-taxable","13":"purchasable","14":"product-type-simple"},"acf":{"autor":"MART\u00cdNEZ-OTERO, VALENT\u00cdN","codart":"849023355","libros-coleccion":"","ediciones":"1","encuadernacion":"R\u00fastica","fecha_de_publicacion":"05\/04\/2016","novedad":"0","paginas":"84","subtitulo":"","orden":"999","portada":"0","idioma":"spa","editorial":[{"ID":6155,"post_author":"3","post_date":"2022-07-28 17:46:04","post_date_gmt":"2022-07-28 15:46:04","post_content":"","post_title":"Central Catequ\u00edstica Salesiana","post_excerpt":"","post_status":"publish","comment_status":"closed","ping_status":"closed","post_password":"","post_name":"central-catequistica-salesiana","to_ping":"","pinged":"","post_modified":"2022-07-28 17:46:04","post_modified_gmt":"2022-07-28 15:46:04","post_content_filtered":"","post_parent":0,"guid":"http:\/\/dev.claret.cat\/editorial\/central-catequistica-salesiana\/","menu_order":0,"post_type":"editorial","post_mime_type":"","comment_count":"0","filter":"raw"}],"autores-libros":[{"ID":170761,"post_author":"3","post_date":"2022-10-14 22:37:57","post_date_gmt":"2022-10-14 20:37:57","post_content":"","post_title":"VALENT\u00cdN MART\u00cdNEZ-OTERO","post_excerpt":"","post_status":"publish","comment_status":"closed","ping_status":"closed","post_password":"","post_name":"valentin-martinez-otero-2","to_ping":"","pinged":"","post_modified":"2022-10-14 22:37:57","post_modified_gmt":"2022-10-14 20:37:57","post_content_filtered":"","post_parent":0,"guid":"http:\/\/dev.claret.cat\/autor\/valentin-martinez-otero-2\/","menu_order":0,"post_type":"autor","post_mime_type":"","comment_count":"0","filter":"raw"}]},"aioseo_notices":[],"_links":{"self":[{"href":"https:\/\/www.claret.cat\/es\/wp-json\/wp\/v2\/product\/26307","targetHints":{"allow":["GET"]}}],"collection":[{"href":"https:\/\/www.claret.cat\/es\/wp-json\/wp\/v2\/product"}],"about":[{"href":"https:\/\/www.claret.cat\/es\/wp-json\/wp\/v2\/types\/product"}],"wp:featuredmedia":[{"embeddable":true,"href":"https:\/\/www.claret.cat\/es\/wp-json\/wp\/v2\/media\/359163"}],"wp:attachment":[{"href":"https:\/\/www.claret.cat\/es\/wp-json\/wp\/v2\/media?parent=26307"}],"wp:term":[{"taxonomy":"product_brand","embeddable":true,"href":"https:\/\/www.claret.cat\/es\/wp-json\/wp\/v2\/product_brand?post=26307"},{"taxonomy":"product_cat","embeddable":true,"href":"https:\/\/www.claret.cat\/es\/wp-json\/wp\/v2\/product_cat?post=26307"},{"taxonomy":"product_tag","embeddable":true,"href":"https:\/\/www.claret.cat\/es\/wp-json\/wp\/v2\/product_tag?post=26307"}],"curies":[{"name":"wp","href":"https:\/\/api.w.org\/{rel}","templated":true}]}}