{"id":26328,"date":"2022-10-02T10:43:07","date_gmt":"2022-10-02T08:43:07","guid":{"rendered":"http:\/\/dev.claret.cat\/producte\/sacramento-de-la-eucaristia-poster-44\/"},"modified":"2024-05-23T06:40:42","modified_gmt":"2024-05-23T04:40:42","slug":"sacramento-de-la-eucaristia-poster-44-9788490233641","status":"publish","type":"product","link":"https:\/\/www.claret.cat\/es\/libro\/sacramento-de-la-eucaristia-poster-44-9788490233641\/","title":{"rendered":"SACRAMENTO DE LA EUCARIST\u00cdA &#8211; POSTER 44"},"content":{"rendered":"<p>Catequesis para explicar el Sacramento de la Eucarist\u00eda desde el mandato de Jes\u00fas de repetir sus gestos y palabras. En la celebraci\u00f3n lit\u00fargica Jes\u00fas se hace presente y se convierte en alimento para animar nuestra vida cristiana.<\/p>\n","protected":false},"excerpt":{"rendered":"<p>GINEL, \u00c1LVARO; FANO<\/p>\n","protected":false},"featured_media":359177,"template":"","meta":{"_acf_changed":false,"om_disable_all_campaigns":false,"rs_blank_template":"","rs_page_bg_color":"","slide_template_v7":"","inline_featured_image":false,"_monsterinsights_skip_tracking":false,"_monsterinsights_sitenote_active":false,"_monsterinsights_sitenote_note":"","_monsterinsights_sitenote_category":0},"product_brand":[],"product_cat":[77,343],"product_tag":[],"class_list":{"0":"post-26328","1":"product","2":"type-product","3":"status-publish","4":"has-post-thumbnail","6":"product_cat-catequesi","7":"product_cat-catequesis","9":"first","10":"instock","11":"taxable","12":"shipping-taxable","13":"purchasable","14":"product-type-simple"},"acf":{"autor":"GINEL, \u00c1LVARO; FANO","codart":"849023364","libros-coleccion":"","ediciones":"1","encuadernacion":"R\u00fastica","fecha_de_publicacion":"04\/03\/2016","novedad":"0","paginas":"1","subtitulo":"","orden":"999","portada":"0","idioma":"spa","editorial":[{"ID":6155,"post_author":"3","post_date":"2022-07-28 17:46:04","post_date_gmt":"2022-07-28 15:46:04","post_content":"","post_title":"Central Catequ\u00edstica Salesiana","post_excerpt":"","post_status":"publish","comment_status":"closed","ping_status":"closed","post_password":"","post_name":"central-catequistica-salesiana","to_ping":"","pinged":"","post_modified":"2022-07-28 17:46:04","post_modified_gmt":"2022-07-28 15:46:04","post_content_filtered":"","post_parent":0,"guid":"http:\/\/dev.claret.cat\/editorial\/central-catequistica-salesiana\/","menu_order":0,"post_type":"editorial","post_mime_type":"","comment_count":"0","filter":"raw"}],"autores-libros":[{"ID":8281,"post_author":"3","post_date":"2022-09-30 09:47:24","post_date_gmt":"2022-09-30 07:47:24","post_content":"","post_title":"\u00c1LVARO GINEL","post_excerpt":"","post_status":"publish","comment_status":"closed","ping_status":"closed","post_password":"","post_name":"alvaro-ginel","to_ping":"","pinged":"","post_modified":"2022-09-30 09:47:24","post_modified_gmt":"2022-09-30 07:47:24","post_content_filtered":"","post_parent":0,"guid":"http:\/\/dev.claret.cat\/autor\/alvaro-ginel\/","menu_order":0,"post_type":"autor","post_mime_type":"","comment_count":"0","filter":"raw"},{"ID":166678,"post_author":"3","post_date":"2022-10-14 18:05:10","post_date_gmt":"2022-10-14 16:05:10","post_content":"","post_title":"PATXI VELASCO FANO","post_excerpt":"","post_status":"publish","comment_status":"closed","ping_status":"closed","post_password":"","post_name":"patxi-velasco-fano","to_ping":"","pinged":"","post_modified":"2022-10-14 18:05:10","post_modified_gmt":"2022-10-14 16:05:10","post_content_filtered":"","post_parent":0,"guid":"http:\/\/dev.claret.cat\/autor\/patxi-velasco-fano\/","menu_order":0,"post_type":"autor","post_mime_type":"","comment_count":"0","filter":"raw"}]},"aioseo_notices":[],"_links":{"self":[{"href":"https:\/\/www.claret.cat\/es\/wp-json\/wp\/v2\/product\/26328","targetHints":{"allow":["GET"]}}],"collection":[{"href":"https:\/\/www.claret.cat\/es\/wp-json\/wp\/v2\/product"}],"about":[{"href":"https:\/\/www.claret.cat\/es\/wp-json\/wp\/v2\/types\/product"}],"wp:featuredmedia":[{"embeddable":true,"href":"https:\/\/www.claret.cat\/es\/wp-json\/wp\/v2\/media\/359177"}],"wp:attachment":[{"href":"https:\/\/www.claret.cat\/es\/wp-json\/wp\/v2\/media?parent=26328"}],"wp:term":[{"taxonomy":"product_brand","embeddable":true,"href":"https:\/\/www.claret.cat\/es\/wp-json\/wp\/v2\/product_brand?post=26328"},{"taxonomy":"product_cat","embeddable":true,"href":"https:\/\/www.claret.cat\/es\/wp-json\/wp\/v2\/product_cat?post=26328"},{"taxonomy":"product_tag","embeddable":true,"href":"https:\/\/www.claret.cat\/es\/wp-json\/wp\/v2\/product_tag?post=26328"}],"curies":[{"name":"wp","href":"https:\/\/api.w.org\/{rel}","templated":true}]}}