{"id":26370,"date":"2022-10-02T10:43:45","date_gmt":"2022-10-02T08:43:45","guid":{"rendered":"http:\/\/dev.claret.cat\/producte\/educar-en-la-era-de-internet\/"},"modified":"2024-05-23T06:38:39","modified_gmt":"2024-05-23T04:38:39","slug":"educar-en-la-era-de-internet-9788490233825","status":"publish","type":"product","link":"https:\/\/www.claret.cat\/es\/libro\/educar-en-la-era-de-internet-9788490233825\/","title":{"rendered":"EDUCAR EN LA ERA DE INTERNET"},"content":{"rendered":"<p>Internet y las redes sociales han revolucionado totalmente la relaci\u00f3n educativa y la interacci\u00f3n entre adultos y j\u00f3venes. Profesores, padres y educadores se encuentran desorientados: los adolescentes tienen acceso a informaciones de forma casi instant\u00e1nea y a realidades que ni sospechaban, para lo mejor y para lo peor.  Un religioso educador y un periodista, reconocen que Internet modifica profundamente la din\u00e1mica intelectual, permite la comunicaci\u00f3n entre las personas y favorece la libertad de expresi\u00f3n, pero afirman tambi\u00e9n que puede tener efectos peligrosos. \u00bfC\u00f3mo ayudar a los educadores para que las nuevas generaciones puedan adquirir, en este mundo digital, el discernimiento imprescindible para \u00abno perderse\u00bb?<\/p>\n","protected":false},"excerpt":{"rendered":"<p>PETITCLERC, JEAN-MARIE; GENTIL-BAICHIS, YVES DE<\/p>\n","protected":false},"featured_media":359205,"template":"","meta":{"_acf_changed":false,"om_disable_all_campaigns":false,"rs_blank_template":"","rs_page_bg_color":"","slide_template_v7":"","inline_featured_image":false,"_monsterinsights_skip_tracking":false,"_monsterinsights_sitenote_active":false,"_monsterinsights_sitenote_note":"","_monsterinsights_sitenote_category":0},"product_brand":[],"product_cat":[100,550],"product_tag":[],"class_list":{"0":"post-26370","1":"product","2":"type-product","3":"status-publish","4":"has-post-thumbnail","6":"product_cat-escola-de-pares","7":"product_cat-escuela-de-padres-3_infantil-juvenil-spa-spa","9":"first","10":"instock","11":"taxable","12":"shipping-taxable","13":"purchasable","14":"product-type-simple"},"acf":{"autor":"PETITCLERC, JEAN-MARIE; GENTIL-BAICHIS, YVES DE","codart":"849023382","libros-coleccion":"","ediciones":"1","encuadernacion":"R\u00fastica","fecha_de_publicacion":"11\/10\/2016","novedad":"0","paginas":"64","subtitulo":"","orden":"999","portada":"0","idioma":"spa","editorial":[{"ID":6155,"post_author":"3","post_date":"2022-07-28 17:46:04","post_date_gmt":"2022-07-28 15:46:04","post_content":"","post_title":"Central Catequ\u00edstica Salesiana","post_excerpt":"","post_status":"publish","comment_status":"closed","ping_status":"closed","post_password":"","post_name":"central-catequistica-salesiana","to_ping":"","pinged":"","post_modified":"2022-07-28 17:46:04","post_modified_gmt":"2022-07-28 15:46:04","post_content_filtered":"","post_parent":0,"guid":"http:\/\/dev.claret.cat\/editorial\/central-catequistica-salesiana\/","menu_order":0,"post_type":"editorial","post_mime_type":"","comment_count":"0","filter":"raw"}],"autores-libros":[{"ID":171648,"post_author":"3","post_date":"2022-10-14 22:45:06","post_date_gmt":"2022-10-14 20:45:06","post_content":"","post_title":"YVES DE GENTIL-BAICHIS","post_excerpt":"","post_status":"publish","comment_status":"closed","ping_status":"closed","post_password":"","post_name":"yves-de-gentil-baichis","to_ping":"","pinged":"","post_modified":"2022-10-14 22:45:06","post_modified_gmt":"2022-10-14 20:45:06","post_content_filtered":"","post_parent":0,"guid":"http:\/\/dev.claret.cat\/autor\/yves-de-gentil-baichis\/","menu_order":0,"post_type":"autor","post_mime_type":"","comment_count":"0","filter":"raw"},{"ID":158908,"post_author":"3","post_date":"2022-10-14 15:40:33","post_date_gmt":"2022-10-14 13:40:33","post_content":"","post_title":"JEAN-MARIE PETITCLERC","post_excerpt":"","post_status":"publish","comment_status":"closed","ping_status":"closed","post_password":"","post_name":"jean-marie-petitclerc","to_ping":"","pinged":"","post_modified":"2022-10-14 15:40:33","post_modified_gmt":"2022-10-14 13:40:33","post_content_filtered":"","post_parent":0,"guid":"http:\/\/dev.claret.cat\/autor\/jean-marie-petitclerc\/","menu_order":0,"post_type":"autor","post_mime_type":"","comment_count":"0","filter":"raw"}]},"aioseo_notices":[],"_links":{"self":[{"href":"https:\/\/www.claret.cat\/es\/wp-json\/wp\/v2\/product\/26370","targetHints":{"allow":["GET"]}}],"collection":[{"href":"https:\/\/www.claret.cat\/es\/wp-json\/wp\/v2\/product"}],"about":[{"href":"https:\/\/www.claret.cat\/es\/wp-json\/wp\/v2\/types\/product"}],"wp:featuredmedia":[{"embeddable":true,"href":"https:\/\/www.claret.cat\/es\/wp-json\/wp\/v2\/media\/359205"}],"wp:attachment":[{"href":"https:\/\/www.claret.cat\/es\/wp-json\/wp\/v2\/media?parent=26370"}],"wp:term":[{"taxonomy":"product_brand","embeddable":true,"href":"https:\/\/www.claret.cat\/es\/wp-json\/wp\/v2\/product_brand?post=26370"},{"taxonomy":"product_cat","embeddable":true,"href":"https:\/\/www.claret.cat\/es\/wp-json\/wp\/v2\/product_cat?post=26370"},{"taxonomy":"product_tag","embeddable":true,"href":"https:\/\/www.claret.cat\/es\/wp-json\/wp\/v2\/product_tag?post=26370"}],"curies":[{"name":"wp","href":"https:\/\/api.w.org\/{rel}","templated":true}]}}