{"id":263989,"date":"2022-12-01T11:26:14","date_gmt":"2022-12-01T10:26:14","guid":{"rendered":"http:\/\/dev.claret.cat\/producte\/concelebracio-de-leucaristia\/"},"modified":"2024-10-04T18:35:45","modified_gmt":"2024-10-04T16:35:45","slug":"concelebracio-de-leucaristia-9788421007662","status":"publish","type":"product","link":"https:\/\/www.claret.cat\/es\/libro\/concelebracio-de-leucaristia-9788421007662\/","title":{"rendered":"CONCELEBRACI\u00d3 DE L&#8217;EUCARISTIA"},"content":{"rendered":"<p>Text oficial de l\u2019ordre de la missa segons la tercera edici\u00f3 del Missal Rom\u00e0, aprovat pels bisbes de les diocesis de llengua catalana i confirmat per la Congregaci\u00f3 per al Culte Div\u00ed.<\/p>\n","protected":false},"excerpt":{"rendered":"<p>VVAA<\/p>\n","protected":false},"featured_media":384335,"template":"","meta":{"_acf_changed":false,"om_disable_all_campaigns":false,"rs_blank_template":"","rs_page_bg_color":"","slide_template_v7":"","inline_featured_image":false,"_monsterinsights_skip_tracking":false,"_monsterinsights_sitenote_active":false,"_monsterinsights_sitenote_note":"","_monsterinsights_sitenote_category":0},"product_brand":[],"product_cat":[500,255],"product_tag":[],"class_list":{"0":"post-263989","1":"product","2":"type-product","3":"status-publish","4":"has-post-thumbnail","6":"product_cat-misales","7":"product_cat-missals","9":"first","10":"instock","11":"taxable","12":"shipping-taxable","13":"purchasable","14":"product-type-simple"},"acf":{"autor":"VVAA","codart":"842100766","libros-coleccion":"","ediciones":"1","encuadernacion":"R\u00fastica","fecha_de_publicacion":"30\/11\/2022","novedad":"1","paginas":"79","subtitulo":"","orden":"0","portada":"0","idioma":"cat","editorial":[{"ID":6140,"post_author":"3","post_date":"2022-07-28 17:45:45","post_date_gmt":"2022-07-28 15:45:45","post_content":"","post_title":"BALMES, EDITORIAL","post_excerpt":"","post_status":"publish","comment_status":"closed","ping_status":"closed","post_password":"","post_name":"balmes-editorial","to_ping":"","pinged":"","post_modified":"2022-07-28 17:45:45","post_modified_gmt":"2022-07-28 15:45:45","post_content_filtered":"","post_parent":0,"guid":"http:\/\/dev.claret.cat\/editorial\/balmes-editorial\/","menu_order":0,"post_type":"editorial","post_mime_type":"","comment_count":"0","filter":"raw"}],"autores-libros":[{"ID":171204,"post_author":"3","post_date":"2022-10-14 22:41:30","post_date_gmt":"2022-10-14 20:41:30","post_content":"","post_title":"VVAA","post_excerpt":"","post_status":"publish","comment_status":"closed","ping_status":"closed","post_password":"","post_name":"vvaa","to_ping":"","pinged":"","post_modified":"2022-10-14 22:41:30","post_modified_gmt":"2022-10-14 20:41:30","post_content_filtered":"","post_parent":0,"guid":"http:\/\/dev.claret.cat\/autor\/vvaa\/","menu_order":0,"post_type":"autor","post_mime_type":"","comment_count":"0","filter":"raw"}],"traductores-libros":"","ilustradores-libros":"","formato":"","linkebook":"","ficha":"","muestra":"","presentacion":"","booktrailer":"","resenas":"","recomendamos":"","mas_vendido":""},"aioseo_notices":[],"_links":{"self":[{"href":"https:\/\/www.claret.cat\/es\/wp-json\/wp\/v2\/product\/263989","targetHints":{"allow":["GET"]}}],"collection":[{"href":"https:\/\/www.claret.cat\/es\/wp-json\/wp\/v2\/product"}],"about":[{"href":"https:\/\/www.claret.cat\/es\/wp-json\/wp\/v2\/types\/product"}],"wp:featuredmedia":[{"embeddable":true,"href":"https:\/\/www.claret.cat\/es\/wp-json\/wp\/v2\/media\/384335"}],"wp:attachment":[{"href":"https:\/\/www.claret.cat\/es\/wp-json\/wp\/v2\/media?parent=263989"}],"wp:term":[{"taxonomy":"product_brand","embeddable":true,"href":"https:\/\/www.claret.cat\/es\/wp-json\/wp\/v2\/product_brand?post=263989"},{"taxonomy":"product_cat","embeddable":true,"href":"https:\/\/www.claret.cat\/es\/wp-json\/wp\/v2\/product_cat?post=263989"},{"taxonomy":"product_tag","embeddable":true,"href":"https:\/\/www.claret.cat\/es\/wp-json\/wp\/v2\/product_tag?post=263989"}],"curies":[{"name":"wp","href":"https:\/\/api.w.org\/{rel}","templated":true}]}}