{"id":264086,"date":"2022-12-01T11:28:48","date_gmt":"2022-12-01T10:28:48","guid":{"rendered":"http:\/\/dev.claret.cat\/producte\/formacion-sobre-el-directorio-para-la-catequesis\/"},"modified":"2024-05-02T05:19:36","modified_gmt":"2024-05-02T03:19:36","slug":"formacion-sobre-el-directorio-para-la-catequesis-9788428839587","status":"publish","type":"product","link":"https:\/\/www.claret.cat\/es\/libro\/formacion-sobre-el-directorio-para-la-catequesis-9788428839587\/","title":{"rendered":"FORMACI\u00d3N SOBRE EL DIRECTORIO PARA LA CATEQUESIS"},"content":{"rendered":"<p>El pasado 25 de marzo de 2020 el papa Francisco aprob\u00f3 el nuevo Directorio para la Catequesis elaborado por el Pontificio Consejo para la Promoci\u00f3n de la Nueva Evangelizaci\u00f3n. Monse\u00f1or Rino Fisichella, presidente de este Dicasterio, afirm\u00f3: &#8216;La publicaci\u00f3n de un Directorio para la Catequesis representa un evento feliz para la vida de la Iglesia, dado que puede marcar una promoci\u00f3n positiva porque permite experimentar la din\u00e1mica del movimiento catequ\u00e9tico que siempre ha tenido una presencia significativa en la vida de la comunidad cristiana&#8217;.Ante esta gran obra eclesial, en la que se aporta mucha luz para la vida general de la catequesis, la delegaci\u00f3n de Iniciaci\u00f3n cristiana y Catecumenado postbautismal de la di\u00f3cesis de Asidonia-Jerez ofrece el presente material complementario para ayudar a p\u00e1rrocos y catequistas, de manera eficaz y sencilla, en el estudio del nuevo Directorio.<\/p>\n","protected":false},"excerpt":{"rendered":"<p>ARJONA GIL, JOS\u00c9; pbro.<\/p>\n","protected":false},"featured_media":338517,"template":"","meta":{"_acf_changed":false,"om_disable_all_campaigns":false,"rs_blank_template":"","rs_page_bg_color":"","slide_template_v7":"","inline_featured_image":false,"_monsterinsights_skip_tracking":false,"_monsterinsights_sitenote_active":false,"_monsterinsights_sitenote_note":"","_monsterinsights_sitenote_category":0},"product_brand":[],"product_cat":[221,480],"product_tag":[],"class_list":{"0":"post-264086","1":"product","2":"type-product","3":"status-publish","4":"has-post-thumbnail","6":"product_cat-dadults","7":"product_cat-de-adultos","9":"first","10":"instock","11":"taxable","12":"shipping-taxable","13":"purchasable","14":"product-type-simple"},"acf":{"autor":"ARJONA GIL, JOS\u00c9; pbro.","codart":"842883958","libros-coleccion":"","ediciones":"1","encuadernacion":"R\u00fastica","fecha_de_publicacion":"28\/11\/2022","novedad":"1","paginas":"144","subtitulo":"ESQUEMAS DE TRABAJO PARA SU ESTUDIO Y  PROFUNDIZACI\u00d3N","orden":"0","portada":"0","idioma":"spa","editorial":[{"ID":6335,"post_author":"3","post_date":"2022-07-28 17:49:59","post_date_gmt":"2022-07-28 15:49:59","post_content":"","post_title":"PPC altres","post_excerpt":"","post_status":"publish","comment_status":"closed","ping_status":"closed","post_password":"","post_name":"ppc-altres","to_ping":"","pinged":"","post_modified":"2022-07-28 17:49:59","post_modified_gmt":"2022-07-28 15:49:59","post_content_filtered":"","post_parent":0,"guid":"http:\/\/dev.claret.cat\/editorial\/ppc-altres\/","menu_order":0,"post_type":"editorial","post_mime_type":"","comment_count":"0","filter":"raw"}],"autores-libros":[{"ID":5636,"post_author":"3","post_date":"2022-07-28 17:28:14","post_date_gmt":"2022-07-28 15:28:14","post_content":"","post_title":"JOS\u00c9 ARJONA GIL","post_excerpt":"","post_status":"publish","comment_status":"closed","ping_status":"closed","post_password":"","post_name":"jose-arjona-gil","to_ping":"","pinged":"","post_modified":"2022-07-28 17:28:14","post_modified_gmt":"2022-07-28 15:28:14","post_content_filtered":"","post_parent":0,"guid":"http:\/\/dev.claret.cat\/autor\/jose-arjona-gil\/","menu_order":0,"post_type":"autor","post_mime_type":"","comment_count":"0","filter":"raw"},{"ID":166815,"post_author":"3","post_date":"2022-10-14 18:06:16","post_date_gmt":"2022-10-14 16:06:16","post_content":"","post_title":"pbro.","post_excerpt":"","post_status":"publish","comment_status":"closed","ping_status":"closed","post_password":"","post_name":"pbro","to_ping":"","pinged":"","post_modified":"2022-10-14 18:06:16","post_modified_gmt":"2022-10-14 16:06:16","post_content_filtered":"","post_parent":0,"guid":"http:\/\/dev.claret.cat\/autor\/pbro\/","menu_order":0,"post_type":"autor","post_mime_type":"","comment_count":"0","filter":"raw"}]},"aioseo_notices":[],"_links":{"self":[{"href":"https:\/\/www.claret.cat\/es\/wp-json\/wp\/v2\/product\/264086","targetHints":{"allow":["GET"]}}],"collection":[{"href":"https:\/\/www.claret.cat\/es\/wp-json\/wp\/v2\/product"}],"about":[{"href":"https:\/\/www.claret.cat\/es\/wp-json\/wp\/v2\/types\/product"}],"wp:featuredmedia":[{"embeddable":true,"href":"https:\/\/www.claret.cat\/es\/wp-json\/wp\/v2\/media\/338517"}],"wp:attachment":[{"href":"https:\/\/www.claret.cat\/es\/wp-json\/wp\/v2\/media?parent=264086"}],"wp:term":[{"taxonomy":"product_brand","embeddable":true,"href":"https:\/\/www.claret.cat\/es\/wp-json\/wp\/v2\/product_brand?post=264086"},{"taxonomy":"product_cat","embeddable":true,"href":"https:\/\/www.claret.cat\/es\/wp-json\/wp\/v2\/product_cat?post=264086"},{"taxonomy":"product_tag","embeddable":true,"href":"https:\/\/www.claret.cat\/es\/wp-json\/wp\/v2\/product_tag?post=264086"}],"curies":[{"name":"wp","href":"https:\/\/api.w.org\/{rel}","templated":true}]}}