{"id":264129,"date":"2022-12-01T11:29:57","date_gmt":"2022-12-01T10:29:57","guid":{"rendered":"http:\/\/dev.claret.cat\/producte\/columba-marmion-cent-anys-de-llegat-espiritual\/"},"modified":"2026-02-19T20:00:51","modified_gmt":"2026-02-19T19:00:51","slug":"columba-marmion-cent-anys-de-llegat-espiritual-9788491655220","status":"publish","type":"product","link":"https:\/\/www.claret.cat\/es\/libro\/columba-marmion-cent-anys-de-llegat-espiritual-9788491655220\/","title":{"rendered":"COLUMBA MARMION, CENT ANYS DE LLEGAT ESPIRITUAL"},"content":{"rendered":"<p>Aquest llibre recull una selecci\u00f3 de les tres obres principals de Columba Marmion, precedida d\u2019un apunt biogr\u00e0fic que les contextualitza i una nota explicativa a l\u2019inici de cadascuna d\u2019elles: Crist Vida de l\u2019\u00c0nima, Crist en els seus misteris, Crist ideal del monjo. Els esdeveniments mundials i eclesials que han anat marcant les dues primeres d\u00e8cades del segle XXI han deixat a la penombra la figura d\u2019aquest home d\u2019acci\u00f3 i alhora m\u00edstic. Va ser el tercer abat del monestir belga de Maredsous i la seva doctrina va rebre, ja en vida, una \u00e0mplia difusi\u00f3 al llarg del segle passat, i va propiciar que l\u2019any 2000 fos proclamat beat. Bernab\u00e9 Dalmau (Igualada, Barcelona, 1944), \u00e9s monjo de Montserrat, llicenciat en teologia i en dret can\u00f2nic, expert en lit\u00fargia, director de la revista Documents d\u2019Esgl\u00e9sia i membre del Centre de Pastoral Lit\u00fargica. Recentment ha publicat diverses obres, tant de car\u00e0cter lit\u00fargic com de vida cristiana.<\/p>\n","protected":false},"excerpt":{"rendered":"<p>DALMAU RIBALTA, BERNAB\u00c9, (ed.)<\/p>\n","protected":false},"featured_media":1085173,"template":"","meta":{"_acf_changed":false,"om_disable_all_campaigns":false,"rs_blank_template":"","rs_page_bg_color":"","slide_template_v7":"","inline_featured_image":false,"_monsterinsights_skip_tracking":false,"_monsterinsights_sitenote_active":false,"_monsterinsights_sitenote_note":"","_monsterinsights_sitenote_category":0},"product_brand":[],"product_cat":[490,239,491,241,92,542],"product_tag":[],"class_list":{"0":"post-264129","1":"product","2":"type-product","3":"status-publish","4":"has-post-thumbnail","6":"product_cat-monastica-espiritualidad-1_espiritualidad","7":"product_cat-monastica","8":"product_cat-testimonios","9":"product_cat-testimonis","10":"product_cat-vida-religiosa","11":"product_cat-vida-religiosa-1_espiritualidad-spa","13":"first","14":"instock","15":"taxable","16":"shipping-taxable","17":"purchasable","18":"product-type-simple"},"acf":{"autor":"DALMAU RIBALTA, BERNAB\u00c9, (ed.)","codart":"849165522","libros-coleccion":"","ediciones":"1","encuadernacion":"R\u00fastica","fecha_de_publicacion":"23\/11\/2022","novedad":"1","paginas":"116","subtitulo":"","orden":"0","portada":"1","idioma":"cat","editorial":[{"ID":6172,"post_author":"3","post_date":"2022-07-28 17:46:27","post_date_gmt":"2022-07-28 15:46:27","post_content":"","post_title":"CPL","post_excerpt":"","post_status":"publish","comment_status":"closed","ping_status":"closed","post_password":"","post_name":"cpl","to_ping":"","pinged":"","post_modified":"2022-07-28 17:46:27","post_modified_gmt":"2022-07-28 15:46:27","post_content_filtered":"","post_parent":0,"guid":"http:\/\/dev.claret.cat\/editorial\/cpl\/","menu_order":0,"post_type":"editorial","post_mime_type":"","comment_count":"0","filter":"raw"}],"autores-libros":[{"ID":263340,"post_author":"3","post_date":"2022-12-01 11:15:20","post_date_gmt":"2022-12-01 10:15:20","post_content":"","post_title":"BERNAB\u00c9 DALMAU RIBALTA","post_excerpt":"","post_status":"publish","comment_status":"closed","ping_status":"closed","post_password":"","post_name":"bernabe-dalmau-ribalta","to_ping":"","pinged":"","post_modified":"2022-12-01 11:15:20","post_modified_gmt":"2022-12-01 10:15:20","post_content_filtered":"","post_parent":0,"guid":"http:\/\/dev.claret.cat\/autor\/bernabe-dalmau-ribalta\/","menu_order":0,"post_type":"autor","post_mime_type":"","comment_count":"0","filter":"raw"}],"booktrailer":"","resenas":""},"aioseo_notices":[],"_links":{"self":[{"href":"https:\/\/www.claret.cat\/es\/wp-json\/wp\/v2\/product\/264129","targetHints":{"allow":["GET"]}}],"collection":[{"href":"https:\/\/www.claret.cat\/es\/wp-json\/wp\/v2\/product"}],"about":[{"href":"https:\/\/www.claret.cat\/es\/wp-json\/wp\/v2\/types\/product"}],"wp:featuredmedia":[{"embeddable":true,"href":"https:\/\/www.claret.cat\/es\/wp-json\/wp\/v2\/media\/1085173"}],"wp:attachment":[{"href":"https:\/\/www.claret.cat\/es\/wp-json\/wp\/v2\/media?parent=264129"}],"wp:term":[{"taxonomy":"product_brand","embeddable":true,"href":"https:\/\/www.claret.cat\/es\/wp-json\/wp\/v2\/product_brand?post=264129"},{"taxonomy":"product_cat","embeddable":true,"href":"https:\/\/www.claret.cat\/es\/wp-json\/wp\/v2\/product_cat?post=264129"},{"taxonomy":"product_tag","embeddable":true,"href":"https:\/\/www.claret.cat\/es\/wp-json\/wp\/v2\/product_tag?post=264129"}],"curies":[{"name":"wp","href":"https:\/\/api.w.org\/{rel}","templated":true}]}}