{"id":264156,"date":"2022-12-01T11:30:38","date_gmt":"2022-12-01T10:30:38","guid":{"rendered":"http:\/\/dev.claret.cat\/producte\/jesus-nuestro-amigo-con-el-papa-francisco-ninos-ciclo-a\/"},"modified":"2023-10-06T06:51:05","modified_gmt":"2023-10-06T04:51:05","slug":"jesus-nuestro-amigo-con-el-papa-francisco-ninos-ciclo-a-9789202459120","status":"publish","type":"product","link":"https:\/\/www.claret.cat\/es\/libro\/jesus-nuestro-amigo-con-el-papa-francisco-ninos-ciclo-a-9789202459120\/","title":{"rendered":"JES\u00daS NUESTRO AMIGO CON EL PAPA FRANCISCO. NI\u00d1OS &#8211; CICLO A"},"content":{"rendered":"<p>Para entusiasmar a los ni\u00f1os con la Palabra de Dios, para Misas con ni\u00f1os, entregar a las familias, Catequesis, Infancia misionera .<br \/>Con Actividades para ni\u00f1os cada domingo.<br \/>Se entrega un cartel mural para cada fiesta.<br \/>Incluye:<br \/>Evangelio del Domingo.<br \/>Ilustraci\u00f3n del Evangelio del Domingo.<br \/>Lectio divina o Lectura orante del Evangelio en 4 pasos.<br \/>Comentario para cada Domingo y<br \/>Una ense\u00f1anza del Papa Francisco,<br \/>(Adem\u00e1s de una gu\u00eda para las Lecturas de la Semana.) Fiestas. Incluyen adem\u00e1s de los puntos 1 a 5, los 16 Carteles Murales para cada una de las 16 Fiestas del a\u00f1o y un Comentario de los Santos Padres, \u00faltimos Papas o de los Santos.<\/p>\n","protected":false},"excerpt":{"rendered":"<p>MUR\u00daA, MARCELO A.<\/p>\n","protected":false},"featured_media":264157,"template":"","meta":{"_acf_changed":false,"om_disable_all_campaigns":false,"rs_blank_template":"","rs_page_bg_color":"","slide_template_v7":"","inline_featured_image":false,"_monsterinsights_skip_tracking":false,"_monsterinsights_sitenote_active":false,"_monsterinsights_sitenote_note":"","_monsterinsights_sitenote_category":0},"product_brand":[],"product_cat":[399,478],"product_tag":[],"class_list":{"0":"post-264156","1":"product","2":"type-product","3":"status-publish","4":"has-post-thumbnail","6":"product_cat-any-liturgic-liturgia-1_espiritualidad","7":"product_cat-infantil-catequesis-1_espiritualidad","9":"first","10":"instock","11":"taxable","12":"shipping-taxable","13":"purchasable","14":"product-type-simple"},"acf":{"autor":"MUR\u00daA, MARCELO A.","codart":"920245912","libros-coleccion":"","ediciones":"1","encuadernacion":"R\u00fastica","fecha_de_publicacion":"22\/11\/2022","novedad":"1","paginas":"0","subtitulo":"LEER Y ORAR CON EL EVANGELIO DOMINICAL.  2023","orden":"0","portada":"0","idioma":"spa","editorial":[{"ID":148542,"post_author":"3","post_date":"2022-10-14 11:59:03","post_date_gmt":"2022-10-14 09:59:03","post_content":"","post_title":"MONTE TABOR","post_excerpt":"","post_status":"publish","comment_status":"closed","ping_status":"closed","post_password":"","post_name":"monte-tabor","to_ping":"","pinged":"","post_modified":"2022-10-14 11:59:03","post_modified_gmt":"2022-10-14 09:59:03","post_content_filtered":"","post_parent":0,"guid":"http:\/\/dev.claret.cat\/editorial\/monte-tabor\/","menu_order":0,"post_type":"editorial","post_mime_type":"","comment_count":"0","filter":"raw"}],"autores-libros":[{"ID":315554,"post_author":"3","post_date":"2023-01-02 15:50:05","post_date_gmt":"2023-01-02 14:50:05","post_content":"","post_title":"MARCELO A. MUR\u00daA","post_excerpt":"","post_status":"publish","comment_status":"closed","ping_status":"closed","post_password":"","post_name":"marcelo-a-murua","to_ping":"","pinged":"","post_modified":"2023-01-02 15:50:05","post_modified_gmt":"2023-01-02 14:50:05","post_content_filtered":"","post_parent":0,"guid":"https:\/\/www.claret.cat\/autor\/marcelo-a-murua\/","menu_order":0,"post_type":"autor","post_mime_type":"","comment_count":"0","filter":"raw"}]},"aioseo_notices":[],"_links":{"self":[{"href":"https:\/\/www.claret.cat\/es\/wp-json\/wp\/v2\/product\/264156","targetHints":{"allow":["GET"]}}],"collection":[{"href":"https:\/\/www.claret.cat\/es\/wp-json\/wp\/v2\/product"}],"about":[{"href":"https:\/\/www.claret.cat\/es\/wp-json\/wp\/v2\/types\/product"}],"wp:featuredmedia":[{"embeddable":true,"href":"https:\/\/www.claret.cat\/es\/wp-json\/wp\/v2\/media\/264157"}],"wp:attachment":[{"href":"https:\/\/www.claret.cat\/es\/wp-json\/wp\/v2\/media?parent=264156"}],"wp:term":[{"taxonomy":"product_brand","embeddable":true,"href":"https:\/\/www.claret.cat\/es\/wp-json\/wp\/v2\/product_brand?post=264156"},{"taxonomy":"product_cat","embeddable":true,"href":"https:\/\/www.claret.cat\/es\/wp-json\/wp\/v2\/product_cat?post=264156"},{"taxonomy":"product_tag","embeddable":true,"href":"https:\/\/www.claret.cat\/es\/wp-json\/wp\/v2\/product_tag?post=264156"}],"curies":[{"name":"wp","href":"https:\/\/api.w.org\/{rel}","templated":true}]}}