{"id":264184,"date":"2022-12-01T11:31:24","date_gmt":"2022-12-01T10:31:24","guid":{"rendered":"http:\/\/dev.claret.cat\/producte\/el-tesoro-que-me-encontro\/"},"modified":"2024-05-23T04:47:10","modified_gmt":"2024-05-23T02:47:10","slug":"el-tesoro-que-me-encontro-9788490738542","status":"publish","type":"product","link":"https:\/\/www.claret.cat\/es\/libro\/el-tesoro-que-me-encontro-9788490738542\/","title":{"rendered":"EL TESORO QUE ME ENCONTR\u00d3"},"content":{"rendered":"<p>Editorial Verbo Divino mantiene su labor de servicio a las comunidades cristianas en el encuentro con Jesucristo a trav\u00e9s de la Palabra y en el anuncio del Evangelio, porque la vida de un disc\u00edpulo misionero debe estar orientada por la palabra de Dios.   El tesoro que me encontr\u00f3 recuerda dos par\u00e1bolas del evangelio de san Mateo, la del tesoro escondido y la de la perla de gran valor. En ellas se muestra, entre otras cosas, que el reino es trabajo y gracia, responsabilidad humana y regalo divino. Editorial Verbo Divino, con este sugerente t\u00edtulo, acent\u00faa el segundo elemento, la alegre y agradecida sorpresa de quien se sabe querido y encontrado por Dios.   El tesoro que me encontr\u00f3 es un material para trabajar, preferentemente, en grupo, que nos sumerge en el contexto vital en el que fue escrito el evangelio de san Mateo. Aquellas comunidades, con sus dificultades y logros, mantuvieron su valiente y firme opci\u00f3n por Jesucristo. A ello nos invitan tambi\u00e9n a nosotros, porque el reino de los cielos es un tesoro y una perla cuyo descubrimiento deber\u00eda llenarnos de alegr\u00eda y tambi\u00e9n de un decidido af\u00e1n por hacernos con \u00e9l.<\/p>\n","protected":false},"excerpt":{"rendered":"<p>EQUIPO B\u00cdBLICO VERBO DIVINO<\/p>\n","protected":false},"featured_media":373127,"template":"","meta":{"_acf_changed":false,"om_disable_all_campaigns":false,"rs_blank_template":"","rs_page_bg_color":"","slide_template_v7":"","inline_featured_image":false,"_monsterinsights_skip_tracking":false,"_monsterinsights_sitenote_active":false,"_monsterinsights_sitenote_note":"","_monsterinsights_sitenote_category":0},"product_brand":[],"product_cat":[464,203],"product_tag":[],"class_list":{"0":"post-264184","1":"product","2":"type-product","3":"status-publish","4":"has-post-thumbnail","6":"product_cat-sinopticos","7":"product_cat-sinoptics","9":"first","10":"instock","11":"taxable","12":"shipping-taxable","13":"purchasable","14":"product-type-simple"},"acf":{"autor":"EQUIPO B\u00cdBLICO VERBO DIVINO","codart":"849073854","libros-coleccion":"","ediciones":"1","encuadernacion":"R\u00fastica","fecha_de_publicacion":"21\/11\/2022","novedad":"1","paginas":"24","subtitulo":"ENCUENTRO CON EL EVANGELIO DE MATEO Y SU COMUNIDAD","orden":"0","portada":"0","idioma":"spa","editorial":[{"ID":6390,"post_author":"3","post_date":"2022-07-28 17:51:08","post_date_gmt":"2022-07-28 15:51:08","post_content":"","post_title":"VERBO DIVINO","post_excerpt":"","post_status":"publish","comment_status":"closed","ping_status":"closed","post_password":"","post_name":"verbo-divino","to_ping":"","pinged":"","post_modified":"2022-07-28 17:51:08","post_modified_gmt":"2022-07-28 15:51:08","post_content_filtered":"","post_parent":0,"guid":"http:\/\/dev.claret.cat\/editorial\/verbo-divino\/","menu_order":0,"post_type":"editorial","post_mime_type":"","comment_count":"0","filter":"raw"}],"autores-libros":[{"ID":5459,"post_author":"3","post_date":"2022-07-28 17:24:25","post_date_gmt":"2022-07-28 15:24:25","post_content":"","post_title":"EQUIPO B\u00cdBLICO VERBO DIVINO","post_excerpt":"","post_status":"publish","comment_status":"closed","ping_status":"closed","post_password":"","post_name":"equipo-biblico-verbo-divino","to_ping":"","pinged":"","post_modified":"2022-07-28 17:24:25","post_modified_gmt":"2022-07-28 15:24:25","post_content_filtered":"","post_parent":0,"guid":"http:\/\/dev.claret.cat\/autor\/equipo-biblico-verbo-divino\/","menu_order":0,"post_type":"autor","post_mime_type":"","comment_count":"0","filter":"raw"}]},"aioseo_notices":[],"_links":{"self":[{"href":"https:\/\/www.claret.cat\/es\/wp-json\/wp\/v2\/product\/264184","targetHints":{"allow":["GET"]}}],"collection":[{"href":"https:\/\/www.claret.cat\/es\/wp-json\/wp\/v2\/product"}],"about":[{"href":"https:\/\/www.claret.cat\/es\/wp-json\/wp\/v2\/types\/product"}],"wp:featuredmedia":[{"embeddable":true,"href":"https:\/\/www.claret.cat\/es\/wp-json\/wp\/v2\/media\/373127"}],"wp:attachment":[{"href":"https:\/\/www.claret.cat\/es\/wp-json\/wp\/v2\/media?parent=264184"}],"wp:term":[{"taxonomy":"product_brand","embeddable":true,"href":"https:\/\/www.claret.cat\/es\/wp-json\/wp\/v2\/product_brand?post=264184"},{"taxonomy":"product_cat","embeddable":true,"href":"https:\/\/www.claret.cat\/es\/wp-json\/wp\/v2\/product_cat?post=264184"},{"taxonomy":"product_tag","embeddable":true,"href":"https:\/\/www.claret.cat\/es\/wp-json\/wp\/v2\/product_tag?post=264184"}],"curies":[{"name":"wp","href":"https:\/\/api.w.org\/{rel}","templated":true}]}}