{"id":264199,"date":"2022-12-01T11:31:47","date_gmt":"2022-12-01T10:31:47","guid":{"rendered":"http:\/\/dev.claret.cat\/producte\/ungidos-ciclo-a-2023\/"},"modified":"2024-05-23T04:48:32","modified_gmt":"2024-05-23T02:48:32","slug":"ungidos-ciclo-a-2023-9788490738337","status":"publish","type":"product","link":"https:\/\/www.claret.cat\/es\/libro\/ungidos-ciclo-a-2023-9788490738337\/","title":{"rendered":"UNGIDOS &#8211; CICLO A &#8211; 2023"},"content":{"rendered":"<p>Recursos pastorales para facilitar las celebraciones eucar\u00edsticas de Tiempo ordinario y Cuaresma (Ciclo A \/ 15 de enero al 26 de marzo): lecturas y ex\u00e9gesis, homil\u00edas, lectura familiar del evangelio, moniciones, oraciones?   Adem\u00e1s, se incluye una secci\u00f3n de recursos pastorales con esquemas de reuniones de formaci\u00f3n (Lectio divina, Iniciaci\u00f3n en la fe, Documentos eclesiales, Doctrina social de la Iglesia) y tambi\u00e9n una propuesta de oraci\u00f3n o retiro para grupos.<\/p>\n","protected":false},"excerpt":{"rendered":"<p>EQUIPO B\u00cdBLICO VERBO DIVINO<\/p>\n","protected":false},"featured_media":373119,"template":"","meta":{"_acf_changed":false,"om_disable_all_campaigns":false,"rs_blank_template":"","rs_page_bg_color":"","slide_template_v7":"","inline_featured_image":false,"_monsterinsights_skip_tracking":false,"_monsterinsights_sitenote_active":false,"_monsterinsights_sitenote_note":"","_monsterinsights_sitenote_category":0},"product_brand":[],"product_cat":[399,253],"product_tag":[],"class_list":{"0":"post-264199","1":"product","2":"type-product","3":"status-publish","4":"has-post-thumbnail","6":"product_cat-any-liturgic-liturgia-1_espiritualidad","7":"product_cat-any-liturgic","9":"first","10":"instock","11":"taxable","12":"shipping-taxable","13":"purchasable","14":"product-type-simple"},"acf":{"autor":"EQUIPO B\u00cdBLICO VERBO DIVINO","codart":"849073833","libros-coleccion":"","ediciones":"1","encuadernacion":"R\u00fastica","fecha_de_publicacion":"21\/11\/2022","novedad":"1","paginas":"210","subtitulo":"TIEMPO ORDINARIO Y CUARESMA. CICLO A. 15 DE ENERO AL 26 DE MARZO. EUCARIST\u00cdA N\u00ba 2 - 2023","orden":"0","portada":"0","idioma":"spa","editorial":[{"ID":6390,"post_author":"3","post_date":"2022-07-28 17:51:08","post_date_gmt":"2022-07-28 15:51:08","post_content":"","post_title":"VERBO DIVINO","post_excerpt":"","post_status":"publish","comment_status":"closed","ping_status":"closed","post_password":"","post_name":"verbo-divino","to_ping":"","pinged":"","post_modified":"2022-07-28 17:51:08","post_modified_gmt":"2022-07-28 15:51:08","post_content_filtered":"","post_parent":0,"guid":"http:\/\/dev.claret.cat\/editorial\/verbo-divino\/","menu_order":0,"post_type":"editorial","post_mime_type":"","comment_count":"0","filter":"raw"}],"autores-libros":[{"ID":5459,"post_author":"3","post_date":"2022-07-28 17:24:25","post_date_gmt":"2022-07-28 15:24:25","post_content":"","post_title":"EQUIPO B\u00cdBLICO VERBO DIVINO","post_excerpt":"","post_status":"publish","comment_status":"closed","ping_status":"closed","post_password":"","post_name":"equipo-biblico-verbo-divino","to_ping":"","pinged":"","post_modified":"2022-07-28 17:24:25","post_modified_gmt":"2022-07-28 15:24:25","post_content_filtered":"","post_parent":0,"guid":"http:\/\/dev.claret.cat\/autor\/equipo-biblico-verbo-divino\/","menu_order":0,"post_type":"autor","post_mime_type":"","comment_count":"0","filter":"raw"}]},"aioseo_notices":[],"_links":{"self":[{"href":"https:\/\/www.claret.cat\/es\/wp-json\/wp\/v2\/product\/264199","targetHints":{"allow":["GET"]}}],"collection":[{"href":"https:\/\/www.claret.cat\/es\/wp-json\/wp\/v2\/product"}],"about":[{"href":"https:\/\/www.claret.cat\/es\/wp-json\/wp\/v2\/types\/product"}],"wp:featuredmedia":[{"embeddable":true,"href":"https:\/\/www.claret.cat\/es\/wp-json\/wp\/v2\/media\/373119"}],"wp:attachment":[{"href":"https:\/\/www.claret.cat\/es\/wp-json\/wp\/v2\/media?parent=264199"}],"wp:term":[{"taxonomy":"product_brand","embeddable":true,"href":"https:\/\/www.claret.cat\/es\/wp-json\/wp\/v2\/product_brand?post=264199"},{"taxonomy":"product_cat","embeddable":true,"href":"https:\/\/www.claret.cat\/es\/wp-json\/wp\/v2\/product_cat?post=264199"},{"taxonomy":"product_tag","embeddable":true,"href":"https:\/\/www.claret.cat\/es\/wp-json\/wp\/v2\/product_tag?post=264199"}],"curies":[{"name":"wp","href":"https:\/\/api.w.org\/{rel}","templated":true}]}}