{"id":264333,"date":"2022-12-01T11:35:18","date_gmt":"2022-12-01T10:35:18","guid":{"rendered":"http:\/\/dev.claret.cat\/producte\/el-suicidio-nunca-nos-despedimos\/"},"modified":"2024-05-02T07:44:12","modified_gmt":"2024-05-02T05:44:12","slug":"el-suicidio-nunca-nos-despedimos-9788428567237","status":"publish","type":"product","link":"https:\/\/www.claret.cat\/es\/libro\/el-suicidio-nunca-nos-despedimos-9788428567237\/","title":{"rendered":"EL SUICIDIO. NUNCA NOS DESPEDIMOS"},"content":{"rendered":"<p>Partiendo de numerosos testimonios y escritos recogidos a lo largo de su experiencia, el sacerdote camilo Arnaldo Pangrazzi aborda el suicidio no tanto desde una mirada cient\u00edfica como desde un enfoque fenomenol\u00f3gico, privilegiando el aspecto humanista y espiritual. En primer lugar aborda los diferentes rostros y escenarios posibles del suicidio, los mitos y realidades acerca del mismo, y atiende a la prevenci\u00f3n de los factores de riesgo del suicidio y a la problem\u00e1tica del comportamiento suicida.<\/p>\n<p> Se detiene tambi\u00e9n en las implicaciones religiosas y pastorales del suicidio, promoviendo la compasi\u00f3n hacia quienes han hecho esta elecci\u00f3n desesperada y confi\u00e1ndolos a la misericordia de Dios. <\/p>\n<p> Por \u00faltimo, se propone acompa\u00f1ar el duelo de los familiares y amigos que quedan, mediante procesos de sanaci\u00f3n para ayudarlos a vivir con sus \u00abporqu\u00e9s\u00bb, a no esperar respuestas integrales que no quitan el dolor, y a transformar la herida lacerante en una mayor capacidad de amar la vida, con todo lo que esta ofrece.<\/p>\n","protected":false},"excerpt":{"rendered":"<p>PANGRAZZI, ARNALDO<\/p>\n","protected":false},"featured_media":336755,"template":"","meta":{"_acf_changed":false,"om_disable_all_campaigns":false,"rs_blank_template":"","rs_page_bg_color":"","slide_template_v7":"","inline_featured_image":false,"_monsterinsights_skip_tracking":false,"_monsterinsights_sitenote_active":false,"_monsterinsights_sitenote_note":"","_monsterinsights_sitenote_category":0},"product_brand":[],"product_cat":[289,515],"product_tag":[],"class_list":{"0":"post-264333","1":"product","2":"type-product","3":"status-publish","4":"has-post-thumbnail","6":"product_cat-moral-de-la-persona-bioetica","7":"product_cat-moral-de-la-persona-bioetica-teologia-1_espiritualidad","9":"first","10":"instock","11":"taxable","12":"shipping-taxable","13":"purchasable","14":"product-type-simple"},"acf":{"autor":"PANGRAZZI, ARNALDO","codart":"842856723","libros-coleccion":"Vida Plena","ediciones":"1","encuadernacion":"R\u00fastica","fecha_de_publicacion":"14\/11\/2022","novedad":"1","paginas":"168","subtitulo":"EL DOLOR DE LOS QUE SE QUEDAN","orden":"0","portada":"0","idioma":"spa","editorial":[{"ID":6356,"post_author":"3","post_date":"2022-07-28 17:50:26","post_date_gmt":"2022-07-28 15:50:26","post_content":"","post_title":"SAN PABLO COMUNICACI\u00d3N","post_excerpt":"","post_status":"publish","comment_status":"closed","ping_status":"closed","post_password":"","post_name":"san-pablo-comunicacion","to_ping":"","pinged":"","post_modified":"2022-07-28 17:50:26","post_modified_gmt":"2022-07-28 15:50:26","post_content_filtered":"","post_parent":0,"guid":"http:\/\/dev.claret.cat\/editorial\/san-pablo-comunicacion\/","menu_order":0,"post_type":"editorial","post_mime_type":"","comment_count":"0","filter":"raw"}],"autores-libros":[{"ID":151106,"post_author":"3","post_date":"2022-10-14 14:38:15","post_date_gmt":"2022-10-14 12:38:15","post_content":"","post_title":"ARNALDO PANGRAZZI","post_excerpt":"","post_status":"publish","comment_status":"closed","ping_status":"closed","post_password":"","post_name":"arnaldo-pangrazzi","to_ping":"","pinged":"","post_modified":"2022-10-14 14:38:15","post_modified_gmt":"2022-10-14 12:38:15","post_content_filtered":"","post_parent":0,"guid":"http:\/\/dev.claret.cat\/autor\/arnaldo-pangrazzi\/","menu_order":0,"post_type":"autor","post_mime_type":"","comment_count":"0","filter":"raw"}]},"aioseo_notices":[],"_links":{"self":[{"href":"https:\/\/www.claret.cat\/es\/wp-json\/wp\/v2\/product\/264333","targetHints":{"allow":["GET"]}}],"collection":[{"href":"https:\/\/www.claret.cat\/es\/wp-json\/wp\/v2\/product"}],"about":[{"href":"https:\/\/www.claret.cat\/es\/wp-json\/wp\/v2\/types\/product"}],"wp:featuredmedia":[{"embeddable":true,"href":"https:\/\/www.claret.cat\/es\/wp-json\/wp\/v2\/media\/336755"}],"wp:attachment":[{"href":"https:\/\/www.claret.cat\/es\/wp-json\/wp\/v2\/media?parent=264333"}],"wp:term":[{"taxonomy":"product_brand","embeddable":true,"href":"https:\/\/www.claret.cat\/es\/wp-json\/wp\/v2\/product_brand?post=264333"},{"taxonomy":"product_cat","embeddable":true,"href":"https:\/\/www.claret.cat\/es\/wp-json\/wp\/v2\/product_cat?post=264333"},{"taxonomy":"product_tag","embeddable":true,"href":"https:\/\/www.claret.cat\/es\/wp-json\/wp\/v2\/product_tag?post=264333"}],"curies":[{"name":"wp","href":"https:\/\/api.w.org\/{rel}","templated":true}]}}