{"id":264339,"date":"2022-12-01T11:35:26","date_gmt":"2022-12-01T10:35:26","guid":{"rendered":"http:\/\/dev.claret.cat\/producte\/debora-y-yael\/"},"modified":"2026-01-30T12:41:33","modified_gmt":"2026-01-30T11:41:33","slug":"debora-y-yael-9788428567251","status":"publish","type":"product","link":"https:\/\/www.claret.cat\/es\/libro\/debora-y-yael-9788428567251\/","title":{"rendered":"D\u00c9BORA Y YAEL"},"content":{"rendered":"<p>El Libro de los Jueces recoge las gestas de dos mujeres b\u00edblicas, D\u00e9bora y Yael, una profetisa israelita y una extranjera, que colaboran, sin conocerse, para terminar con una situaci\u00f3n de opresi\u00f3n que amenazaba con la extinci\u00f3n de un gran n\u00famero de tribus del pueblo de Israel. Ambas actuaron sin estereotipos culturales ni recortes en sus movimientos y con su conducta valiente y atrevida hicieron que el pueblo recordara sus hechos de generaci\u00f3n en generaci\u00f3n. Con su habitual finura teol\u00f3gica, Isabel G\u00f3mez-Acebo nos muestra la capacidad de liderazgo de estas dos mujeres y la proximidad de la lecci\u00f3n que su gesta comporta. El libro incorpora una rutina de pensamiento y un gr\u00e1fico realizado seg\u00fan el m\u00e9todo \u00abvisual thinking\u00bb por la te\u00f3loga Montse Mart\u00edn.<\/p>\n","protected":false},"excerpt":{"rendered":"<p>G\u00d3MEZ-ACEBO, ISABEL<\/p>\n","protected":false},"featured_media":1079896,"template":"","meta":{"_acf_changed":false,"om_disable_all_campaigns":false,"rs_blank_template":"","rs_page_bg_color":"","slide_template_v7":"","inline_featured_image":false,"_monsterinsights_skip_tracking":false,"_monsterinsights_sitenote_active":false,"_monsterinsights_sitenote_note":"","_monsterinsights_sitenote_category":0},"product_brand":[],"product_cat":[195,202,458,463],"product_tag":[],"class_list":{"0":"post-264339","1":"product","2":"type-product","3":"status-publish","4":"has-post-thumbnail","6":"product_cat-introduccio-a-t","7":"product_cat-introduccio-n-t","8":"product_cat-introduccion-a-t","9":"product_cat-introduccion-n-t","11":"first","12":"instock","13":"taxable","14":"shipping-taxable","15":"purchasable","16":"product-type-simple"},"acf":{"autor":"G\u00d3MEZ-ACEBO, ISABEL","codart":"842856725","libros-coleccion":"FORA DE COL.LECCI\u00d3","ediciones":"1","encuadernacion":"R\u00fastica","fecha_de_publicacion":"14\/11\/2022","novedad":"1","paginas":"72","subtitulo":"DEFENSORAS DE ISRAEL","orden":"0","portada":"0","idioma":"spa","editorial":[{"ID":6356,"post_author":"3","post_date":"2022-07-28 17:50:26","post_date_gmt":"2022-07-28 15:50:26","post_content":"","post_title":"SAN PABLO COMUNICACI\u00d3N","post_excerpt":"","post_status":"publish","comment_status":"closed","ping_status":"closed","post_password":"","post_name":"san-pablo-comunicacion","to_ping":"","pinged":"","post_modified":"2022-07-28 17:50:26","post_modified_gmt":"2022-07-28 15:50:26","post_content_filtered":"","post_parent":0,"guid":"http:\/\/dev.claret.cat\/editorial\/san-pablo-comunicacion\/","menu_order":0,"post_type":"editorial","post_mime_type":"","comment_count":"0","filter":"raw"}],"autores-libros":[{"ID":158062,"post_author":"3","post_date":"2022-10-14 15:33:51","post_date_gmt":"2022-10-14 13:33:51","post_content":"","post_title":"ISABEL G\u00d3MEZ-ACEBO","post_excerpt":"","post_status":"publish","comment_status":"closed","ping_status":"closed","post_password":"","post_name":"isabel-gomez-acebo-2","to_ping":"","pinged":"","post_modified":"2022-10-14 15:33:51","post_modified_gmt":"2022-10-14 13:33:51","post_content_filtered":"","post_parent":0,"guid":"http:\/\/dev.claret.cat\/autor\/isabel-gomez-acebo-2\/","menu_order":0,"post_type":"autor","post_mime_type":"","comment_count":"0","filter":"raw"}],"booktrailer":"","resenas":""},"aioseo_notices":[],"_links":{"self":[{"href":"https:\/\/www.claret.cat\/es\/wp-json\/wp\/v2\/product\/264339","targetHints":{"allow":["GET"]}}],"collection":[{"href":"https:\/\/www.claret.cat\/es\/wp-json\/wp\/v2\/product"}],"about":[{"href":"https:\/\/www.claret.cat\/es\/wp-json\/wp\/v2\/types\/product"}],"wp:featuredmedia":[{"embeddable":true,"href":"https:\/\/www.claret.cat\/es\/wp-json\/wp\/v2\/media\/1079896"}],"wp:attachment":[{"href":"https:\/\/www.claret.cat\/es\/wp-json\/wp\/v2\/media?parent=264339"}],"wp:term":[{"taxonomy":"product_brand","embeddable":true,"href":"https:\/\/www.claret.cat\/es\/wp-json\/wp\/v2\/product_brand?post=264339"},{"taxonomy":"product_cat","embeddable":true,"href":"https:\/\/www.claret.cat\/es\/wp-json\/wp\/v2\/product_cat?post=264339"},{"taxonomy":"product_tag","embeddable":true,"href":"https:\/\/www.claret.cat\/es\/wp-json\/wp\/v2\/product_tag?post=264339"}],"curies":[{"name":"wp","href":"https:\/\/api.w.org\/{rel}","templated":true}]}}