{"id":264498,"date":"2022-12-01T11:39:34","date_gmt":"2022-12-01T10:39:34","guid":{"rendered":"http:\/\/dev.claret.cat\/producte\/el-mundo-de-jesus\/"},"modified":"2024-05-02T05:19:29","modified_gmt":"2024-05-02T03:19:29","slug":"el-mundo-de-jesus-9788428839549","status":"publish","type":"product","link":"https:\/\/www.claret.cat\/es\/libro\/el-mundo-de-jesus-9788428839549\/","title":{"rendered":"EL MUNDO DE JES\u00daS"},"content":{"rendered":"<p>Muchas son las dimensiones humanas y vitales que hay que abordar cuando se intenta describir, desde la perspectiva socio-cultural, la Palestina en la que Jes\u00fas vivi\u00f3 y desarroll\u00f3 su movimiento. El prop\u00f3sito de estas p\u00e1ginas es poner de relieve aquellas dimensiones socio-culturales que permitan entender mejor a los habitantes de la Palestina del siglo i d. C. y, gracias a ello, el ministerio de Jes\u00fas y el origen del movimiento cristiano tal como lo relatan los evangelios. Desde este af\u00e1n buscamos aportar elementos que permitan comprender la mentalidad y los sistemas socio-culturales que explican la vida y la misi\u00f3n de Jes\u00fas conforme nos las narran las cuatro biograf\u00edas can\u00f3nicas que tenemos de \u00e9l: Marcos, Mateo, Lucas y Juan.<\/p>\n","protected":false},"excerpt":{"rendered":"<p>SILVA RETAMALES, SANTIAGO<\/p>\n","protected":false},"featured_media":338515,"template":"","meta":{"_acf_changed":false,"om_disable_all_campaigns":false,"rs_blank_template":"","rs_page_bg_color":"","slide_template_v7":"","inline_featured_image":false,"_monsterinsights_skip_tracking":false,"_monsterinsights_sitenote_active":false,"_monsterinsights_sitenote_note":"","_monsterinsights_sitenote_category":0},"product_brand":[],"product_cat":[276,414],"product_tag":[],"class_list":{"0":"post-264498","1":"product","2":"type-product","3":"status-publish","4":"has-post-thumbnail","6":"product_cat-cristologia-teologia","7":"product_cat-cristologia-teologia-1_espiritualidad","9":"first","10":"instock","11":"taxable","12":"shipping-taxable","13":"purchasable","14":"product-type-simple"},"acf":{"autor":"SILVA RETAMALES, SANTIAGO","codart":"842883954","libros-coleccion":"FUERA DE COLECCI\u00d3N","ediciones":"1","encuadernacion":"R\u00fastica","fecha_de_publicacion":"07\/11\/2022","novedad":"1","paginas":"480","subtitulo":"CONTEXTOS SOCIO-CULTURALES PARA COMPRENDER A JES\u00daS DE NAZARET","orden":"0","portada":"0","idioma":"spa","editorial":[{"ID":6335,"post_author":"3","post_date":"2022-07-28 17:49:59","post_date_gmt":"2022-07-28 15:49:59","post_content":"","post_title":"PPC altres","post_excerpt":"","post_status":"publish","comment_status":"closed","ping_status":"closed","post_password":"","post_name":"ppc-altres","to_ping":"","pinged":"","post_modified":"2022-07-28 17:49:59","post_modified_gmt":"2022-07-28 15:49:59","post_content_filtered":"","post_parent":0,"guid":"http:\/\/dev.claret.cat\/editorial\/ppc-altres\/","menu_order":0,"post_type":"editorial","post_mime_type":"","comment_count":"0","filter":"raw"}],"autores-libros":[{"ID":169069,"post_author":"3","post_date":"2022-10-14 22:24:13","post_date_gmt":"2022-10-14 20:24:13","post_content":"","post_title":"SANTIAGO SILVA RETAMALES","post_excerpt":"","post_status":"publish","comment_status":"closed","ping_status":"closed","post_password":"","post_name":"santiago-silva-retamales","to_ping":"","pinged":"","post_modified":"2022-10-14 22:24:13","post_modified_gmt":"2022-10-14 20:24:13","post_content_filtered":"","post_parent":0,"guid":"http:\/\/dev.claret.cat\/autor\/santiago-silva-retamales\/","menu_order":0,"post_type":"autor","post_mime_type":"","comment_count":"0","filter":"raw"}]},"aioseo_notices":[],"_links":{"self":[{"href":"https:\/\/www.claret.cat\/es\/wp-json\/wp\/v2\/product\/264498","targetHints":{"allow":["GET"]}}],"collection":[{"href":"https:\/\/www.claret.cat\/es\/wp-json\/wp\/v2\/product"}],"about":[{"href":"https:\/\/www.claret.cat\/es\/wp-json\/wp\/v2\/types\/product"}],"wp:featuredmedia":[{"embeddable":true,"href":"https:\/\/www.claret.cat\/es\/wp-json\/wp\/v2\/media\/338515"}],"wp:attachment":[{"href":"https:\/\/www.claret.cat\/es\/wp-json\/wp\/v2\/media?parent=264498"}],"wp:term":[{"taxonomy":"product_brand","embeddable":true,"href":"https:\/\/www.claret.cat\/es\/wp-json\/wp\/v2\/product_brand?post=264498"},{"taxonomy":"product_cat","embeddable":true,"href":"https:\/\/www.claret.cat\/es\/wp-json\/wp\/v2\/product_cat?post=264498"},{"taxonomy":"product_tag","embeddable":true,"href":"https:\/\/www.claret.cat\/es\/wp-json\/wp\/v2\/product_tag?post=264498"}],"curies":[{"name":"wp","href":"https:\/\/api.w.org\/{rel}","templated":true}]}}