{"id":264507,"date":"2022-12-01T11:39:47","date_gmt":"2022-12-01T10:39:47","guid":{"rendered":"http:\/\/dev.claret.cat\/producte\/las-fake-news-y-las-redes-sociales-en-el-escenario-de-la-docencia\/"},"modified":"2024-05-02T05:19:51","modified_gmt":"2024-05-02T03:19:51","slug":"las-fake-news-y-las-redes-sociales-en-el-escenario-de-la-docencia-9788428839600","status":"publish","type":"product","link":"https:\/\/www.claret.cat\/es\/libro\/las-fake-news-y-las-redes-sociales-en-el-escenario-de-la-docencia-9788428839600\/","title":{"rendered":"LAS FAKE NEWS Y LAS REDES SOCIALES EN EL ESCENARIO DE LA DOCENCIA"},"content":{"rendered":"<p>Esta obra desgrana el ser y el parecer de las noticias falsas, el papel que en todo ello juegan los medios, en general, y las redes sociales, en particular, y sobre todo ofrece pautas muy sugerentes para detectar y combatir las fake news, combinando estado de la cuesti\u00f3n, los fundamentos te\u00f3ricos con un completo y propuestas tan pr\u00e1cticas como ejemplos concretos acerca de c\u00f3mo utilizar el podcast en el aula.No hay que esperar, pues, un planteamiento ludita y tecn\u00f3fobo en el que las siempre nuevas tecnolog\u00edas aparezcan como la encarnaci\u00f3n digital del mismo demonio. Al contrario, desde un planteamiento tan realista como cr\u00edtico, se invita a quedarnos con lo mucho bueno que la tecnolog\u00eda nos pone sobre la mesa, porque no hay marcha atr\u00e1s, y la supervivencia en el futuro m\u00e1s pr\u00f3ximo, tanto personal como profesional, va a consistir en saber integrar equilibradamente las ventajas que proporciona el mundo hiperconectado.<\/p>\n","protected":false},"excerpt":{"rendered":"<p>MART\u00cdNEZ OT\u00d3N, LAURA<\/p>\n","protected":false},"featured_media":338521,"template":"","meta":{"_acf_changed":false,"om_disable_all_campaigns":false,"rs_blank_template":"","rs_page_bg_color":"","slide_template_v7":"","inline_featured_image":false,"_monsterinsights_skip_tracking":false,"_monsterinsights_sitenote_active":false,"_monsterinsights_sitenote_note":"","_monsterinsights_sitenote_category":0},"product_brand":[],"product_cat":[191,454],"product_tag":[],"class_list":{"0":"post-264507","1":"product","2":"type-product","3":"status-publish","4":"has-post-thumbnail","6":"product_cat-educacio-en-valors-pedagogia-2_humanitats","7":"product_cat-educacion-en-valores","9":"first","10":"instock","11":"taxable","12":"shipping-taxable","13":"purchasable","14":"product-type-simple"},"acf":{"autor":"MART\u00cdNEZ OT\u00d3N, LAURA","codart":"842883960","libros-coleccion":"Educar Pr\u00e1ctico","ediciones":"1","encuadernacion":"R\u00fastica","fecha_de_publicacion":"07\/11\/2022","novedad":"1","paginas":"176","subtitulo":"MANJUAL PARA MEJORAR LA ALFABETIZACI\u00d3N DIGITAL EN ENTORNOS EDUCATIVOS","orden":"0","portada":"0","idioma":"spa","editorial":[{"ID":6335,"post_author":"3","post_date":"2022-07-28 17:49:59","post_date_gmt":"2022-07-28 15:49:59","post_content":"","post_title":"PPC altres","post_excerpt":"","post_status":"publish","comment_status":"closed","ping_status":"closed","post_password":"","post_name":"ppc-altres","to_ping":"","pinged":"","post_modified":"2022-07-28 17:49:59","post_modified_gmt":"2022-07-28 15:49:59","post_content_filtered":"","post_parent":0,"guid":"http:\/\/dev.claret.cat\/editorial\/ppc-altres\/","menu_order":0,"post_type":"editorial","post_mime_type":"","comment_count":"0","filter":"raw"}],"autores-libros":[{"ID":263666,"post_author":"3","post_date":"2022-12-01 11:19:36","post_date_gmt":"2022-12-01 10:19:36","post_content":"","post_title":"LAURA MART\u00cdNEZ OT\u00d3N","post_excerpt":"","post_status":"publish","comment_status":"closed","ping_status":"closed","post_password":"","post_name":"laura-martinez-oton","to_ping":"","pinged":"","post_modified":"2022-12-01 11:19:36","post_modified_gmt":"2022-12-01 10:19:36","post_content_filtered":"","post_parent":0,"guid":"http:\/\/dev.claret.cat\/autor\/laura-martinez-oton\/","menu_order":0,"post_type":"autor","post_mime_type":"","comment_count":"0","filter":"raw"}]},"aioseo_notices":[],"_links":{"self":[{"href":"https:\/\/www.claret.cat\/es\/wp-json\/wp\/v2\/product\/264507","targetHints":{"allow":["GET"]}}],"collection":[{"href":"https:\/\/www.claret.cat\/es\/wp-json\/wp\/v2\/product"}],"about":[{"href":"https:\/\/www.claret.cat\/es\/wp-json\/wp\/v2\/types\/product"}],"wp:featuredmedia":[{"embeddable":true,"href":"https:\/\/www.claret.cat\/es\/wp-json\/wp\/v2\/media\/338521"}],"wp:attachment":[{"href":"https:\/\/www.claret.cat\/es\/wp-json\/wp\/v2\/media?parent=264507"}],"wp:term":[{"taxonomy":"product_brand","embeddable":true,"href":"https:\/\/www.claret.cat\/es\/wp-json\/wp\/v2\/product_brand?post=264507"},{"taxonomy":"product_cat","embeddable":true,"href":"https:\/\/www.claret.cat\/es\/wp-json\/wp\/v2\/product_cat?post=264507"},{"taxonomy":"product_tag","embeddable":true,"href":"https:\/\/www.claret.cat\/es\/wp-json\/wp\/v2\/product_tag?post=264507"}],"curies":[{"name":"wp","href":"https:\/\/api.w.org\/{rel}","templated":true}]}}